{"id":1027,"date":"2021-11-30T12:40:47","date_gmt":"2021-11-30T15:40:47","guid":{"rendered":"https:\/\/capacitacaoeggp.vr.uff.br\/?page_id=1027"},"modified":"2024-11-29T09:45:08","modified_gmt":"2024-11-29T12:45:08","slug":"curso-inicio-imediato","status":"publish","type":"page","link":"https:\/\/capacitacaoeggp.vr.uff.br\/?page_id=1027","title":{"rendered":"Cursos in\u00edcio imediato"},"content":{"rendered":"\n<p class=\"has-text-align-justify has-black-color has-text-color\" style=\"font-size:15px\">Os cursos de in\u00edcio imediato foram selecionados para atender todos os ambientes organizacionais da Universidade Federal Fluminense. Aqueles que tiverem <strong>pelo menos 20 horas de carga hor\u00e1ria <\/strong>poder\u00e3o ser utilizados para a <a href=\"https:\/\/capacitacaoeggp.vr.uff.br\/?page_id=86\" class=\"ek-link\">Progress\u00e3o por Capacita\u00e7\u00e3o Profissional<\/a>. Basta acessar a lista de cursos a seguir e selecionar aquele que atender\u00e1 sua necessidade de desenvolvimento profissional. Bons estudos!<\/p>\n\n\n\n<hr class=\"wp-block-separator has-css-opacity\" \/>\n\n\n\n<p class=\"has-black-color has-text-color\" style=\"font-size:15px\"><a aria-label=\"Cursos - In\u00edcio Imediato (opens in a new tab)\" href=\"https:\/\/capacitacaoeggp.vr.uff.br\/wp-content\/uploads\/2021\/11\/Cursos-inicio-imediato.pdf\" target=\"_blank\" rel=\"noreferrer noopener\" class=\"ek-link\">Cursos &#8211; In\u00edcio Imediato<\/a><\/p>\n\n\n\n<p class=\"has-black-color has-text-color\" style=\"font-size:15px\"><a aria-label=\"Curadoria 2023 (opens in a new tab)\" href=\"https:\/\/curadoria.vr.uff.br\/\" target=\"_blank\" rel=\"noreferrer noopener\" class=\"ek-link\">Curadoria 2023<\/a><\/p>\n\n\n\n<p class=\"has-black-color has-text-color\" style=\"font-size:15px\"><a href=\"https:\/\/capacitacaoeggp.vr.uff.br\/?page_id=3135\" target=\"_blank\" aria-label=\"Cursos - Teletrabalho (opens in a new tab)\" rel=\"noreferrer noopener\" class=\"ek-link\">Cursos &#8211; Teletrabalho<\/a><\/p>\n\n\n\n<p class=\"has-black-color has-text-color\" style=\"font-size:15px\"><a href=\"https:\/\/capacitacaoeggp.vr.uff.br\/?page_id=3140\" target=\"_blank\" aria-label=\"Cursos - LGPD (Lei Geral de Prote\u00e7\u00e3o de Dados) (opens in a new tab)\" rel=\"noreferrer noopener\" class=\"ek-link\">Cursos &#8211; LGPD (Lei Geral de Prote\u00e7\u00e3o de Dados)<\/a><\/p>\n\n\n\n<p class=\"has-black-color has-text-color\" style=\"font-size:15px\"><a href=\"https:\/\/capacitacaoeggp.vr.uff.br\/?page_id=3372\" target=\"_blank\" aria-label=\"Cursos - Privacidade e Seguran\u00e7a da Informa\u00e7\u00e3o (opens in a new tab)\" rel=\"noreferrer noopener\" class=\"ek-link\">Cursos &#8211; Privacidade e Seguran\u00e7a da Informa\u00e7\u00e3o<\/a><\/p>\n\n\n\n<hr class=\"wp-block-separator has-css-opacity is-style-wide\" \/>\n\n\n\n<p class=\"has-text-align-justify has-black-color has-text-color\" style=\"font-size:15px\">Os cursos de in\u00edcio imediato a seguir foram selecionados considerando as <a href=\"https:\/\/capacitacaoeggp.vr.uff.br\/wp-content\/uploads\/2021\/12\/COMPETENCIAS-ESSENCIAIS-DE-LIDERANCA-PARA-O-SETOR-PUBLICO-BRASILEIRO_compressed.pdf\" class=\"ek-link\">Compet\u00eancias Essenciais de Lideran\u00e7a para o Setor P\u00fablico.<\/a><\/p>\n\n\n\n<hr class=\"wp-block-separator has-css-opacity\" \/>\n\n\n\n<p class=\"has-black-color has-text-color\" style=\"font-size:15px\"><a href=\"https:\/\/capacitacaoeggp.vr.uff.br\/wp-content\/uploads\/2021\/12\/Cursos-Competencias-Essenciais.pdf\" target=\"_blank\" aria-label=\"Cursos - Compet\u00eancias Essenciais (opens in a new tab)\" rel=\"noreferrer noopener\" class=\"ek-link\">Cursos &#8211; Compet\u00eancias Essenciais<\/a><\/p>\n\n\n\n<hr class=\"wp-block-separator has-css-opacity is-style-wide\" \/>\n","protected":false},"excerpt":{"rendered":"<p>Os cursos de in\u00edcio imediato foram selecionados para atender todos os ambientes organizacionais da Universidade Federal Fluminense. Aqueles que tiverem pelo menos 20 horas de carga hor\u00e1ria poder\u00e3o ser utilizados para a Progress\u00e3o por Capacita\u00e7\u00e3o Profissional. Basta acessar a lista de cursos a seguir e selecionar aquele que atender\u00e1 sua necessidade de desenvolvimento profissional. Bons&hellip;<\/p>\n","protected":false},"author":3,"featured_media":0,"parent":0,"menu_order":0,"comment_status":"closed","ping_status":"closed","template":"","meta":{"_editorskit_title_hidden":false,"_editorskit_reading_time":1,"_editorskit_is_block_options_detached":false,"_editorskit_block_options_position":"{}","_monsterinsights_skip_tracking":false,"_monsterinsights_sitenote_active":false,"_monsterinsights_sitenote_note":"","_monsterinsights_sitenote_category":0},"_links":{"self":[{"href":"https:\/\/capacitacaoeggp.vr.uff.br\/index.php?rest_route=\/wp\/v2\/pages\/1027"}],"collection":[{"href":"https:\/\/capacitacaoeggp.vr.uff.br\/index.php?rest_route=\/wp\/v2\/pages"}],"about":[{"href":"https:\/\/capacitacaoeggp.vr.uff.br\/index.php?rest_route=\/wp\/v2\/types\/page"}],"author":[{"embeddable":true,"href":"https:\/\/capacitacaoeggp.vr.uff.br\/index.php?rest_route=\/wp\/v2\/users\/3"}],"replies":[{"embeddable":true,"href":"https:\/\/capacitacaoeggp.vr.uff.br\/index.php?rest_route=%2Fwp%2Fv2%2Fcomments&post=1027"}],"version-history":[{"count":14,"href":"https:\/\/capacitacaoeggp.vr.uff.br\/index.php?rest_route=\/wp\/v2\/pages\/1027\/revisions"}],"predecessor-version":[{"id":3381,"href":"https:\/\/capacitacaoeggp.vr.uff.br\/index.php?rest_route=\/wp\/v2\/pages\/1027\/revisions\/3381"}],"wp:attachment":[{"href":"https:\/\/capacitacaoeggp.vr.uff.br\/index.php?rest_route=%2Fwp%2Fv2%2Fmedia&parent=1027"}],"curies":[{"name":"wp","href":"https:\/\/api.w.org\/{rel}","templated":true}]}}