{"id":1198,"date":"2022-02-09T10:14:03","date_gmt":"2022-02-09T13:14:03","guid":{"rendered":"https:\/\/capacitacaoeggp.vr.uff.br\/?page_id=1198"},"modified":"2022-03-16T15:25:33","modified_gmt":"2022-03-16T18:25:33","slug":"transparencia-2022","status":"publish","type":"page","link":"https:\/\/capacitacaoeggp.vr.uff.br\/?page_id=1198","title":{"rendered":"Transpar\u00eancia 2022"},"content":{"rendered":"\n<p style=\"font-size:18px\">A Universidade Federal Fluminense por meio da Pr\u00f3-Reitoria de Gest\u00e3o de Pessoas (PROGEPE) delega \u00e0 Escola de Governan\u00e7a em Gest\u00e3o P\u00fablica (EGGP) o planejamento e a execu\u00e7\u00e3o do Plano de Desenvolvimento de Pessoas (PDP) 2022.<br>Desta forma, a EGGP vem dar publicidade \u00e0s despesas mensais com a\u00e7\u00f5es de desenvolvimento executadas ao longo de 2022, conforme previsto no art.18 da Instru\u00e7\u00e3o Normativa SGP-ENAP\/SEDGG\/ME n\u00ba 21, de 1\u00ba de Fevereiro de 2021.<\/p>\n\n\n\n<hr class=\"wp-block-separator is-style-wide\" \/>\n\n\n\n<div class=\"wp-block-file\"><a id=\"wp-block-file--media-c4511766-9bff-44d8-ba0a-f9b5df932412\" href=\"https:\/\/capacitacaoeggp.vr.uff.br\/wp-content\/uploads\/2022\/03\/Apoio-a-Iniciativas-de-Capacitacao-Janeiro-de-2022.pdf\">Apoio a Iniciativas de Capacita\u00e7\u00e3o &#8211; Janeiro de 2022<\/a><a href=\"https:\/\/capacitacaoeggp.vr.uff.br\/wp-content\/uploads\/2022\/03\/Apoio-a-Iniciativas-de-Capacitacao-Janeiro-de-2022.pdf\" class=\"wp-block-file__button\" download aria-describedby=\"wp-block-file--media-c4511766-9bff-44d8-ba0a-f9b5df932412\">Baixar<\/a><\/div>\n\n\n\n<hr class=\"wp-block-separator is-style-wide\" \/>\n\n\n\n<div class=\"wp-block-file\"><a id=\"wp-block-file--media-b36278e6-79a1-4b55-ad84-a00b21411438\" href=\"https:\/\/capacitacaoeggp.vr.uff.br\/wp-content\/uploads\/2022\/03\/Cursos-fevereiro-de-2022.pdf\">Cursos-fevereiro-de-2022<\/a><a href=\"https:\/\/capacitacaoeggp.vr.uff.br\/wp-content\/uploads\/2022\/03\/Cursos-fevereiro-de-2022.pdf\" class=\"wp-block-file__button\" download aria-describedby=\"wp-block-file--media-b36278e6-79a1-4b55-ad84-a00b21411438\">Baixar<\/a><\/div>\n","protected":false},"excerpt":{"rendered":"<p>A Universidade Federal Fluminense por meio da Pr\u00f3-Reitoria de Gest\u00e3o de Pessoas (PROGEPE) delega \u00e0 Escola de Governan\u00e7a em Gest\u00e3o P\u00fablica (EGGP) o planejamento e a execu\u00e7\u00e3o do Plano de Desenvolvimento de Pessoas (PDP) 2022.Desta forma, a EGGP vem dar publicidade \u00e0s despesas mensais com a\u00e7\u00f5es de desenvolvimento executadas ao longo de 2022, conforme previsto&hellip;<\/p>\n","protected":false},"author":6,"featured_media":0,"parent":0,"menu_order":0,"comment_status":"closed","ping_status":"closed","template":"","meta":{"_editorskit_title_hidden":false,"_editorskit_reading_time":1,"_editorskit_is_block_options_detached":false,"_editorskit_block_options_position":"{}","_monsterinsights_skip_tracking":false,"_monsterinsights_sitenote_active":false,"_monsterinsights_sitenote_note":"","_monsterinsights_sitenote_category":0},"_links":{"self":[{"href":"https:\/\/capacitacaoeggp.vr.uff.br\/index.php?rest_route=\/wp\/v2\/pages\/1198"}],"collection":[{"href":"https:\/\/capacitacaoeggp.vr.uff.br\/index.php?rest_route=\/wp\/v2\/pages"}],"about":[{"href":"https:\/\/capacitacaoeggp.vr.uff.br\/index.php?rest_route=\/wp\/v2\/types\/page"}],"author":[{"embeddable":true,"href":"https:\/\/capacitacaoeggp.vr.uff.br\/index.php?rest_route=\/wp\/v2\/users\/6"}],"replies":[{"embeddable":true,"href":"https:\/\/capacitacaoeggp.vr.uff.br\/index.php?rest_route=%2Fwp%2Fv2%2Fcomments&post=1198"}],"version-history":[{"count":2,"href":"https:\/\/capacitacaoeggp.vr.uff.br\/index.php?rest_route=\/wp\/v2\/pages\/1198\/revisions"}],"predecessor-version":[{"id":1254,"href":"https:\/\/capacitacaoeggp.vr.uff.br\/index.php?rest_route=\/wp\/v2\/pages\/1198\/revisions\/1254"}],"wp:attachment":[{"href":"https:\/\/capacitacaoeggp.vr.uff.br\/index.php?rest_route=%2Fwp%2Fv2%2Fmedia&parent=1198"}],"curies":[{"name":"wp","href":"https:\/\/api.w.org\/{rel}","templated":true}]}}