{"id":1363,"date":"2022-04-14T13:38:28","date_gmt":"2022-04-14T16:38:28","guid":{"rendered":"https:\/\/capacitacaoeggp.vr.uff.br\/?page_id=1363"},"modified":"2025-09-22T09:55:51","modified_gmt":"2025-09-22T12:55:51","slug":"gratificacao-por-encargo-de-curso-ou-concurso-gecc","status":"publish","type":"page","link":"https:\/\/capacitacaoeggp.vr.uff.br\/?page_id=1363","title":{"rendered":"Gratifica\u00e7\u00e3o por encargo de curso ou concurso &#8211; GECC"},"content":{"rendered":"\n<hr class=\"wp-block-separator has-css-opacity is-style-wide\" \/>\n\n\n\n<h2 class=\"wp-block-heading has-medium-font-size\" style=\"font-style:normal;font-weight:400\"><a href=\"http:\/\/www.planalto.gov.br\/ccivil_03\/LEIS\/L8112cons.htm#art76a\" class=\"ek-link\">LEI N\u00ba 8.112, DE 11 DE DEZEMBRO DE 199<\/a>0, Art. 76-A.<\/h2>\n\n\n\n<p style=\"font-size:18px\"><a href=\"https:\/\/capacitacaoeggp.vr.uff.br\/wp-content\/uploads\/2022\/04\/NI-17-2011-DENOP-SRH-MP-GECC-APOSENTADO.pdf\" target=\"_blank\" aria-label=\"NOTA INFORMATIVA N\u00ba 17\/2011\/DENOP\/SRH\/MP. (opens in a new tab)\" rel=\"noreferrer noopener\" class=\"ek-link\">NOTA INFORMATIVA N\u00ba 17\/2011\/DENOP\/SRH\/MP.<\/a><\/p>\n\n\n\n<p style=\"font-size:18px\"><a href=\"https:\/\/capacitacaoeggp.vr.uff.br\/wp-content\/uploads\/2022\/04\/NT-66-2012-CGNOR-DENOP-SRH-MP-GECC.pdf\" class=\"ek-link\">NOTA T\u00c9CNICA N\u00ba 66\/2012\/CGNOR\/DENOP\/SEGEP\/MP.<\/a><\/p>\n\n\n\n<p class=\"has-medium-font-size\"><a href=\"https:\/\/www.in.gov.br\/en\/web\/dou\/-\/decreto-n-11.069-de-10-de-maio-de-2022-398971288\" class=\"ek-link\">DECRETO N\u00ba 11.069, DE 10 DE MAIO DE 2022<\/a><\/p>\n\n\n\n<p class=\"has-medium-font-size\"><a href=\"https:\/\/www.in.gov.br\/en\/web\/dou\/-\/instrucao-normativa-sgp\/sedgg\/me-n-64-de-5-de-setembro-de-2022-427278525\" class=\"ek-link\">INSTRU\u00c7\u00c3O NORMATIVA SGP\/SEDGG\/ME N\u00ba 64, DE 5 DE SETEMBRO DE 2022<\/a><\/p>\n\n\n\n<p class=\"has-medium-font-size\"><a href=\"https:\/\/capacitacaoeggp.vr.uff.br\/wp-content\/uploads\/2023\/08\/Instrucao-Normativa-PROGEPE-29-de-30-06-2023-Gratificacao-por-Encargo-de-Curso-ou-Concurso_compressed-1.pdf\" class=\"ek-link\">Instru\u00e7\u00e3o Normativa PROGEPE n\u00ba 29, de 30\/06\/2023, GECC<\/a><\/p>\n\n\n\n<hr class=\"wp-block-separator has-alpha-channel-opacity\" \/>\n\n\n\n<p class=\"has-text-align-center has-black-color has-text-color\" style=\"font-size:18px\"><a aria-label=\"GECC - Guia de Boas Pr\u00e1ticas para o Servidor  (opens in a new tab)\" href=\"https:\/\/www.gov.br\/servidor\/pt-br\/acesso-a-informacao\/gestao-de-pessoas\/desempenho-e-desenvolvimento-de-pessoas\/gecc\/gecc-guia-de-boas-praticas-para-o-servidor.pdf\" target=\"_blank\" rel=\"noreferrer noopener\" class=\"ek-link\">Minist\u00e9rio da Gest\u00e3o e da Inova\u00e7\u00e3o em Servi\u00e7os P\u00fablicos &#8211; Guia de Boas Pr\u00e1ticas para o Servidor <\/a><\/p>\n","protected":false},"excerpt":{"rendered":"<p>LEI N\u00ba 8.112, DE 11 DE DEZEMBRO DE 1990, Art. 76-A. NOTA INFORMATIVA N\u00ba 17\/2011\/DENOP\/SRH\/MP. NOTA T\u00c9CNICA N\u00ba 66\/2012\/CGNOR\/DENOP\/SEGEP\/MP. DECRETO N\u00ba 11.069, DE 10 DE MAIO DE 2022 INSTRU\u00c7\u00c3O NORMATIVA SGP\/SEDGG\/ME N\u00ba 64, DE 5 DE SETEMBRO DE 2022 Instru\u00e7\u00e3o Normativa PROGEPE n\u00ba 29, de 30\/06\/2023, GECC Minist\u00e9rio da Gest\u00e3o e da Inova\u00e7\u00e3o em Servi\u00e7os&hellip;<\/p>\n","protected":false},"author":3,"featured_media":0,"parent":1044,"menu_order":3,"comment_status":"closed","ping_status":"closed","template":"","meta":{"_editorskit_title_hidden":false,"_editorskit_reading_time":1,"_editorskit_is_block_options_detached":false,"_editorskit_block_options_position":"{}","_monsterinsights_skip_tracking":false,"_monsterinsights_sitenote_active":false,"_monsterinsights_sitenote_note":"","_monsterinsights_sitenote_category":0},"_links":{"self":[{"href":"https:\/\/capacitacaoeggp.vr.uff.br\/index.php?rest_route=\/wp\/v2\/pages\/1363"}],"collection":[{"href":"https:\/\/capacitacaoeggp.vr.uff.br\/index.php?rest_route=\/wp\/v2\/pages"}],"about":[{"href":"https:\/\/capacitacaoeggp.vr.uff.br\/index.php?rest_route=\/wp\/v2\/types\/page"}],"author":[{"embeddable":true,"href":"https:\/\/capacitacaoeggp.vr.uff.br\/index.php?rest_route=\/wp\/v2\/users\/3"}],"replies":[{"embeddable":true,"href":"https:\/\/capacitacaoeggp.vr.uff.br\/index.php?rest_route=%2Fwp%2Fv2%2Fcomments&post=1363"}],"version-history":[{"count":13,"href":"https:\/\/capacitacaoeggp.vr.uff.br\/index.php?rest_route=\/wp\/v2\/pages\/1363\/revisions"}],"predecessor-version":[{"id":3948,"href":"https:\/\/capacitacaoeggp.vr.uff.br\/index.php?rest_route=\/wp\/v2\/pages\/1363\/revisions\/3948"}],"up":[{"embeddable":true,"href":"https:\/\/capacitacaoeggp.vr.uff.br\/index.php?rest_route=\/wp\/v2\/pages\/1044"}],"wp:attachment":[{"href":"https:\/\/capacitacaoeggp.vr.uff.br\/index.php?rest_route=%2Fwp%2Fv2%2Fmedia&parent=1363"}],"curies":[{"name":"wp","href":"https:\/\/api.w.org\/{rel}","templated":true}]}}