{"id":1404,"date":"2022-04-29T12:45:37","date_gmt":"2022-04-29T15:45:37","guid":{"rendered":"https:\/\/capacitacaoeggp.vr.uff.br\/?page_id=1404"},"modified":"2022-05-12T10:45:22","modified_gmt":"2022-05-12T13:45:22","slug":"relatorio-de-gestao-2021","status":"publish","type":"page","link":"https:\/\/capacitacaoeggp.vr.uff.br\/?page_id=1404","title":{"rendered":"Relat\u00f3rio 2021"},"content":{"rendered":"\n<p style=\"font-size:18px\">O presente relat\u00f3rio de gest\u00e3o apresenta de forma compacta dados quantitativos e qualitativos sobre a execu\u00e7\u00e3o financeira e estrat\u00e9gica do <a href=\"https:\/\/capacitacaoeggp.vr.uff.br\/?page_id=950\" class=\"ek-link\">Plano de Desenvolvimento de Pessoas de 2021.<\/a><\/p>\n\n\n\n<hr class=\"wp-block-separator is-style-wide\" \/>\n\n\n\n<div class=\"wp-block-file\"><a id=\"wp-block-file--media-a4266927-852e-4b8c-bb85-c8a788774f93\" href=\"https:\/\/capacitacaoeggp.vr.uff.br\/wp-content\/uploads\/2022\/05\/Relatorio-EGGP-2021.pdf\" target=\"_blank\" rel=\"noreferrer noopener\">Relatorio-EGGP-2021<\/a><a href=\"https:\/\/capacitacaoeggp.vr.uff.br\/wp-content\/uploads\/2022\/05\/Relatorio-EGGP-2021.pdf\" class=\"wp-block-file__button\" download aria-describedby=\"wp-block-file--media-a4266927-852e-4b8c-bb85-c8a788774f93\">Baixar<\/a><\/div>\n","protected":false},"excerpt":{"rendered":"<p>O presente relat\u00f3rio de gest\u00e3o apresenta de forma compacta dados quantitativos e qualitativos sobre a execu\u00e7\u00e3o financeira e estrat\u00e9gica do Plano de Desenvolvimento de Pessoas de 2021.<\/p>\n","protected":false},"author":3,"featured_media":0,"parent":1400,"menu_order":0,"comment_status":"closed","ping_status":"closed","template":"","meta":{"_editorskit_title_hidden":false,"_editorskit_reading_time":1,"_editorskit_is_block_options_detached":false,"_editorskit_block_options_position":"{}","_monsterinsights_skip_tracking":false,"_monsterinsights_sitenote_active":false,"_monsterinsights_sitenote_note":"","_monsterinsights_sitenote_category":0},"_links":{"self":[{"href":"https:\/\/capacitacaoeggp.vr.uff.br\/index.php?rest_route=\/wp\/v2\/pages\/1404"}],"collection":[{"href":"https:\/\/capacitacaoeggp.vr.uff.br\/index.php?rest_route=\/wp\/v2\/pages"}],"about":[{"href":"https:\/\/capacitacaoeggp.vr.uff.br\/index.php?rest_route=\/wp\/v2\/types\/page"}],"author":[{"embeddable":true,"href":"https:\/\/capacitacaoeggp.vr.uff.br\/index.php?rest_route=\/wp\/v2\/users\/3"}],"replies":[{"embeddable":true,"href":"https:\/\/capacitacaoeggp.vr.uff.br\/index.php?rest_route=%2Fwp%2Fv2%2Fcomments&post=1404"}],"version-history":[{"count":5,"href":"https:\/\/capacitacaoeggp.vr.uff.br\/index.php?rest_route=\/wp\/v2\/pages\/1404\/revisions"}],"predecessor-version":[{"id":1436,"href":"https:\/\/capacitacaoeggp.vr.uff.br\/index.php?rest_route=\/wp\/v2\/pages\/1404\/revisions\/1436"}],"up":[{"embeddable":true,"href":"https:\/\/capacitacaoeggp.vr.uff.br\/index.php?rest_route=\/wp\/v2\/pages\/1400"}],"wp:attachment":[{"href":"https:\/\/capacitacaoeggp.vr.uff.br\/index.php?rest_route=%2Fwp%2Fv2%2Fmedia&parent=1404"}],"curies":[{"name":"wp","href":"https:\/\/api.w.org\/{rel}","templated":true}]}}