{"id":1747,"date":"2022-09-13T10:58:02","date_gmt":"2022-09-13T13:58:02","guid":{"rendered":"https:\/\/capacitacaoeggp.vr.uff.br\/?page_id=1747"},"modified":"2024-03-21T10:09:09","modified_gmt":"2024-03-21T13:09:09","slug":"cartilhas","status":"publish","type":"page","link":"https:\/\/capacitacaoeggp.vr.uff.br\/?page_id=1747","title":{"rendered":"Cartilhas"},"content":{"rendered":"\n<p><\/p>\n\n\n\n<h3 class=\"wp-block-heading\"><a href=\"https:\/\/capacitacaoeggp.vr.uff.br\/wp-content\/uploads\/2024\/03\/CARTILHA-CHEFIAS-DE-DEPARTAMENTO-20MAR.pdf\" class=\"ek-link\"><span style=\"text-decoration: underline\" class=\"ek-underline\">CARTILHA PARA CHEFIAS DE DEPARTAMENTO<\/span> (20\/03\/2024)<\/a><\/h3>\n\n\n\n<p>A presente Cartilha para Chefes e Subchefes de Departamentos de Ensino tem por objetivo apresentar orienta\u00e7\u00f5es atualizadas para a rotina administrativa do Departamento de Ensino.<\/p>\n\n\n\n<div class=\"wp-block-file\"><a id=\"wp-block-file--media-9054bec8-9c13-4be7-b568-d02ee2cad75c\" href=\"https:\/\/capacitacaoeggp.vr.uff.br\/wp-content\/uploads\/2024\/03\/CARTILHA-CHEFIAS-DE-DEPARTAMENTO-20MAR.pdf\" target=\"_blank\" rel=\"noreferrer noopener\">CARTILHA-CHEFIAS-DE-DEPARTAMENTO-20MAR<\/a><a href=\"https:\/\/capacitacaoeggp.vr.uff.br\/wp-content\/uploads\/2024\/03\/CARTILHA-CHEFIAS-DE-DEPARTAMENTO-20MAR.pdf\" class=\"wp-block-file__button wp-element-button\" download aria-describedby=\"wp-block-file--media-9054bec8-9c13-4be7-b568-d02ee2cad75c\">Baixar<\/a><\/div>\n\n\n\n<hr class=\"wp-block-separator has-alpha-channel-opacity is-style-wide\" \/>\n\n\n\n<p class=\"has-black-color has-text-color\" style=\"font-size:17px\"><strong><a href=\"https:\/\/capacitacaoeggp.vr.uff.br\/wp-content\/uploads\/2022\/09\/cartilha_para_coordenacao_de_cursos_de_graduacao.pdf\" target=\"_blank\" aria-label=\"CARTILHA PARA COORDENA\u00c7\u00c3O DE CURSO DE GRADUA\u00c7\u00c3O (opens in a new tab)\" rel=\"noreferrer noopener\" class=\"ek-link\">CARTILHA PARA COORDENA\u00c7\u00c3O DE CURSO DE GRADUA\u00c7\u00c3O<\/a><\/strong><\/p>\n\n\n\n<p class=\"has-black-color has-text-color\" style=\"font-size:15px\">A presente Cartilha para Coordena\u00e7\u00e3o de Cursos de Gradua\u00e7\u00e3o tem por objetivo apresentar orienta\u00e7\u00f5es atualizadas para a rotina administrativa da Coordena\u00e7\u00e3o de Curso.<\/p>\n\n\n\n<div class=\"wp-block-file\"><a id=\"wp-block-file--media-b4d170c1-2c84-4677-b02b-d2a4dd124aaf\" href=\"https:\/\/capacitacaoeggp.vr.uff.br\/wp-content\/uploads\/2022\/09\/cartilha_para_coordenacao_de_cursos_de_graduacao.pdf\" target=\"_blank\" rel=\"noreferrer noopener\">cartilha_para_coordenacao_de_cursos_de_graduacao<\/a><a href=\"https:\/\/capacitacaoeggp.vr.uff.br\/wp-content\/uploads\/2022\/09\/cartilha_para_coordenacao_de_cursos_de_graduacao.pdf\" class=\"wp-block-file__button wp-element-button\" download aria-describedby=\"wp-block-file--media-b4d170c1-2c84-4677-b02b-d2a4dd124aaf\">Baixar<\/a><\/div>\n\n\n\n<hr class=\"wp-block-separator has-css-opacity is-style-wide\" \/>\n\n\n\n<h4 class=\"wp-block-heading\"><strong><a href=\"https:\/\/capacitacaoeggp.vr.uff.br\/wp-content\/uploads\/2023\/10\/manual-carta-de-servicos-4.pdf\" class=\"ek-link\"><span style=\"text-decoration: underline\" class=\"ek-underline\">CARTILHA SOBRE CARTA<\/span><\/a><\/strong><span style=\"text-decoration: underline\" class=\"ek-underline\"><a href=\"https:\/\/capacitacaoeggp.vr.uff.br\/wp-content\/uploads\/2023\/10\/manual-carta-de-servicos-4.pdf\" class=\"ek-link\"> <\/a><\/span><strong><a href=\"https:\/\/capacitacaoeggp.vr.uff.br\/wp-content\/uploads\/2023\/10\/manual-carta-de-servicos-4.pdf\" class=\"ek-link\"><span style=\"text-decoration: underline\" class=\"ek-underline\">DE SERVI\u00c7OS<\/span><\/a><\/strong><\/h4>\n\n\n\n<p class=\"has-black-color has-text-color\" style=\"font-size:15px\">Nesta cartilha iremos aprender um pouco mais sobre os objetivos, import\u00e2ncia e os procedimentos para construirmos a CARTA DE SERVI\u00c7OS da nossa unidade. Vamos l\u00e1?<\/p>\n\n\n\n<div class=\"wp-block-file\"><a id=\"wp-block-file--media-7f1fa023-482f-4da6-a650-4eb51f79f4d4\" href=\"https:\/\/capacitacaoeggp.vr.uff.br\/wp-content\/uploads\/2023\/10\/manual-carta-de-servicos-4.pdf\" target=\"_blank\" rel=\"noreferrer noopener\">manual-carta-de-servicos-4<\/a><a href=\"https:\/\/capacitacaoeggp.vr.uff.br\/wp-content\/uploads\/2023\/10\/manual-carta-de-servicos-4.pdf\" class=\"wp-block-file__button wp-element-button\" download aria-describedby=\"wp-block-file--media-7f1fa023-482f-4da6-a650-4eb51f79f4d4\">Baixar<\/a><\/div>\n\n\n\n<hr class=\"wp-block-separator has-alpha-channel-opacity is-style-wide\" \/>\n\n\n\n<h3 class=\"wp-block-heading\" id=\"cartilha-sobre-assedio-moral-e-sexual-no-trabalho\" style=\"font-size:18px;font-style:normal;font-weight:700;text-decoration:underline;text-transform:uppercase\"><strong><a href=\"https:\/\/capacitacaoeggp.vr.uff.br\/wp-content\/uploads\/2022\/11\/Cartilha-sobre-Assedio-Moral-e-Sexual-no-Trabalho-UFF.pdf\" target=\"_blank\" aria-label=\"Cartilha sobre Ass\u00e9dio Moral e Sexual no Trabalho (opens in a new tab)\" rel=\"noreferrer noopener\" class=\"ek-link\">Cartilha sobre Ass\u00e9dio Moral e Sexual no Trabalho<\/a><\/strong><\/h3>\n\n\n\n<p class=\"has-black-color has-text-color\" style=\"font-size:15px\">Apresentamos a Cartilha sobre Ass\u00e9dio Moral e Sexual no Trabalho. Elaborada a partir da mobiliza\u00e7\u00e3o das experi\u00eancias, reflex\u00f5es e colabora\u00e7\u00f5es de servidores da UFF.<\/p>\n\n\n\n<div class=\"wp-block-file\"><a id=\"wp-block-file--media-9524b882-ade5-4640-9298-0a142bb7e5e0\" href=\"https:\/\/capacitacaoeggp.vr.uff.br\/wp-content\/uploads\/2022\/11\/Cartilha-sobre-Assedio-Moral-e-Sexual-no-Trabalho-UFF.pdf\" target=\"_blank\" rel=\"noreferrer noopener\">Cartilha-sobre-Assedio-Moral-e-Sexual-no-Trabalho-UFF<\/a><a href=\"https:\/\/capacitacaoeggp.vr.uff.br\/wp-content\/uploads\/2022\/11\/Cartilha-sobre-Assedio-Moral-e-Sexual-no-Trabalho-UFF.pdf\" class=\"wp-block-file__button wp-element-button\" download aria-describedby=\"wp-block-file--media-9524b882-ade5-4640-9298-0a142bb7e5e0\">Baixar<\/a><\/div>\n","protected":false},"excerpt":{"rendered":"<p>CARTILHA PARA CHEFIAS DE DEPARTAMENTO (20\/03\/2024) A presente Cartilha para Chefes e Subchefes de Departamentos de Ensino tem por objetivo apresentar orienta\u00e7\u00f5es atualizadas para a rotina administrativa do Departamento de Ensino. CARTILHA PARA COORDENA\u00c7\u00c3O DE CURSO DE GRADUA\u00c7\u00c3O A presente Cartilha para Coordena\u00e7\u00e3o de Cursos de Gradua\u00e7\u00e3o tem por objetivo apresentar orienta\u00e7\u00f5es atualizadas para a&hellip;<\/p>\n","protected":false},"author":6,"featured_media":0,"parent":0,"menu_order":-1,"comment_status":"closed","ping_status":"closed","template":"","meta":{"_editorskit_title_hidden":false,"_editorskit_reading_time":1,"_editorskit_is_block_options_detached":false,"_editorskit_block_options_position":"{}","_monsterinsights_skip_tracking":false,"_monsterinsights_sitenote_active":false,"_monsterinsights_sitenote_note":"","_monsterinsights_sitenote_category":0},"_links":{"self":[{"href":"https:\/\/capacitacaoeggp.vr.uff.br\/index.php?rest_route=\/wp\/v2\/pages\/1747"}],"collection":[{"href":"https:\/\/capacitacaoeggp.vr.uff.br\/index.php?rest_route=\/wp\/v2\/pages"}],"about":[{"href":"https:\/\/capacitacaoeggp.vr.uff.br\/index.php?rest_route=\/wp\/v2\/types\/page"}],"author":[{"embeddable":true,"href":"https:\/\/capacitacaoeggp.vr.uff.br\/index.php?rest_route=\/wp\/v2\/users\/6"}],"replies":[{"embeddable":true,"href":"https:\/\/capacitacaoeggp.vr.uff.br\/index.php?rest_route=%2Fwp%2Fv2%2Fcomments&post=1747"}],"version-history":[{"count":20,"href":"https:\/\/capacitacaoeggp.vr.uff.br\/index.php?rest_route=\/wp\/v2\/pages\/1747\/revisions"}],"predecessor-version":[{"id":3092,"href":"https:\/\/capacitacaoeggp.vr.uff.br\/index.php?rest_route=\/wp\/v2\/pages\/1747\/revisions\/3092"}],"wp:attachment":[{"href":"https:\/\/capacitacaoeggp.vr.uff.br\/index.php?rest_route=%2Fwp%2Fv2%2Fmedia&parent=1747"}],"curies":[{"name":"wp","href":"https:\/\/api.w.org\/{rel}","templated":true}]}}