{"id":1753,"date":"2022-09-13T11:04:00","date_gmt":"2022-09-13T14:04:00","guid":{"rendered":"https:\/\/capacitacaoeggp.vr.uff.br\/?page_id=1753"},"modified":"2023-11-29T12:00:06","modified_gmt":"2023-11-29T15:00:06","slug":"guias","status":"publish","type":"page","link":"https:\/\/capacitacaoeggp.vr.uff.br\/?page_id=1753","title":{"rendered":"Guias\/Tutoriais"},"content":{"rendered":"\n<p class=\"has-vivid-cyan-blue-color has-text-color has-medium-font-size\">&gt;&gt; <strong>Guia para elabora\u00e7\u00e3o do Plano de Desenvolvimento da Unidade &#8211; PDU<\/strong><\/p>\n\n\n\n<p>O presente documento cont\u00e9m as diretrizes e orienta\u00e7\u00f5es para a confec\u00e7\u00e3o do PDU da unidade acad\u00eamica\/administrativa da UFF, podendo ser adaptado e incrementado a fim de contemplar os anseios e necessidades de cada unidade.<\/p>\n\n\n\n<div class=\"wp-block-file\"><a id=\"wp-block-file--media-5421d0b5-45ed-4595-ad1c-db1b6b8db0a5\" href=\"https:\/\/capacitacaoeggp.vr.uff.br\/wp-content\/uploads\/2022\/09\/GUIA-PARA-ELABORACAO-DO-PDU_compressed.pdf\" target=\"_blank\" rel=\"noreferrer noopener\">GUIA-PARA-ELABORACAO-DO-PDU_compressed<\/a><a href=\"https:\/\/capacitacaoeggp.vr.uff.br\/wp-content\/uploads\/2022\/09\/GUIA-PARA-ELABORACAO-DO-PDU_compressed.pdf\" class=\"wp-block-file__button wp-element-button\" download aria-describedby=\"wp-block-file--media-5421d0b5-45ed-4595-ad1c-db1b6b8db0a5\">Baixar<\/a><\/div>\n\n\n\n<hr class=\"wp-block-separator has-alpha-channel-opacity is-style-wide\" \/>\n\n\n\n<p class=\"has-vivid-cyan-blue-color has-text-color has-medium-font-size\"><strong>&gt;&gt; Tutorial StreamYard<\/strong><\/p>\n\n\n\n<div class=\"wp-block-file\"><a id=\"wp-block-file--media-d7142b9d-0edb-4018-ab79-82507ed36a7d\" href=\"https:\/\/capacitacaoeggp.vr.uff.br\/wp-content\/uploads\/2023\/11\/Treinamento-Streamyard-1-1.pdf\" target=\"_blank\" rel=\"noreferrer noopener\">Treinamento-Streamyard-1-1<\/a><a href=\"https:\/\/capacitacaoeggp.vr.uff.br\/wp-content\/uploads\/2023\/11\/Treinamento-Streamyard-1-1.pdf\" class=\"wp-block-file__button wp-element-button\" download aria-describedby=\"wp-block-file--media-d7142b9d-0edb-4018-ab79-82507ed36a7d\">Baixar<\/a><\/div>\n","protected":false},"excerpt":{"rendered":"<p>&gt;&gt; Guia para elabora\u00e7\u00e3o do Plano de Desenvolvimento da Unidade &#8211; PDU O presente documento cont\u00e9m as diretrizes e orienta\u00e7\u00f5es para a confec\u00e7\u00e3o do PDU da unidade acad\u00eamica\/administrativa da UFF, podendo ser adaptado e incrementado a fim de contemplar os anseios e necessidades de cada unidade. &gt;&gt; Tutorial StreamYard<\/p>\n","protected":false},"author":6,"featured_media":0,"parent":0,"menu_order":0,"comment_status":"closed","ping_status":"closed","template":"","meta":{"_editorskit_title_hidden":false,"_editorskit_reading_time":1,"_editorskit_is_block_options_detached":false,"_editorskit_block_options_position":"{}","_monsterinsights_skip_tracking":false,"_monsterinsights_sitenote_active":false,"_monsterinsights_sitenote_note":"","_monsterinsights_sitenote_category":0},"_links":{"self":[{"href":"https:\/\/capacitacaoeggp.vr.uff.br\/index.php?rest_route=\/wp\/v2\/pages\/1753"}],"collection":[{"href":"https:\/\/capacitacaoeggp.vr.uff.br\/index.php?rest_route=\/wp\/v2\/pages"}],"about":[{"href":"https:\/\/capacitacaoeggp.vr.uff.br\/index.php?rest_route=\/wp\/v2\/types\/page"}],"author":[{"embeddable":true,"href":"https:\/\/capacitacaoeggp.vr.uff.br\/index.php?rest_route=\/wp\/v2\/users\/6"}],"replies":[{"embeddable":true,"href":"https:\/\/capacitacaoeggp.vr.uff.br\/index.php?rest_route=%2Fwp%2Fv2%2Fcomments&post=1753"}],"version-history":[{"count":6,"href":"https:\/\/capacitacaoeggp.vr.uff.br\/index.php?rest_route=\/wp\/v2\/pages\/1753\/revisions"}],"predecessor-version":[{"id":3444,"href":"https:\/\/capacitacaoeggp.vr.uff.br\/index.php?rest_route=\/wp\/v2\/pages\/1753\/revisions\/3444"}],"wp:attachment":[{"href":"https:\/\/capacitacaoeggp.vr.uff.br\/index.php?rest_route=%2Fwp%2Fv2%2Fmedia&parent=1753"}],"curies":[{"name":"wp","href":"https:\/\/api.w.org\/{rel}","templated":true}]}}