{"id":2225,"date":"2023-03-07T17:13:04","date_gmt":"2023-03-07T20:13:04","guid":{"rendered":"https:\/\/capacitacaoeggp.vr.uff.br\/?page_id=2225"},"modified":"2023-03-07T17:13:37","modified_gmt":"2023-03-07T20:13:37","slug":"relatorio-2022","status":"publish","type":"page","link":"https:\/\/capacitacaoeggp.vr.uff.br\/?page_id=2225","title":{"rendered":"Relat\u00f3rio 2022"},"content":{"rendered":"\n<p>O presente relat\u00f3rio de gest\u00e3o apresenta de forma compacta dados quantitativos e qualitativos sobre a execu\u00e7\u00e3o financeira e estrat\u00e9gica do <a href=\"https:\/\/capacitacaoeggp.vr.uff.br\/wp-content\/uploads\/2022\/03\/Plano-de-Desenvolvimento-de-Pessoas-UFF-2022.pdf\" class=\"ek-link\">Plano de Desenvolvimento de Pessoas de 2022.<\/a><\/p>\n\n\n\n<hr class=\"wp-block-separator is-style-wide\" \/>\n\n\n\n<blockquote class=\"wp-block-quote\"><p><\/p><\/blockquote>\n\n\n\n<div class=\"wp-block-file\"><a id=\"wp-block-file--media-ad2e1b45-860a-43d2-9ab1-06b432320569\" href=\"https:\/\/capacitacaoeggp.vr.uff.br\/wp-content\/uploads\/2023\/03\/Relatorio_final.pdf\" target=\"_blank\" rel=\"noreferrer noopener\">Relatorio EGGP 2022<\/a><a href=\"https:\/\/capacitacaoeggp.vr.uff.br\/wp-content\/uploads\/2023\/03\/Relatorio_final.pdf\" class=\"wp-block-file__button\" download aria-describedby=\"wp-block-file--media-ad2e1b45-860a-43d2-9ab1-06b432320569\">Baixar<\/a><\/div>\n\n\n\n<div class=\"wp-block-file\"><a id=\"wp-block-file--media-9bcb2c40-c261-4a04-8b28-1f05c120d73d\" href=\"https:\/\/capacitacaoeggp.vr.uff.br\/wp-content\/uploads\/2023\/03\/EGGP.pdf\" target=\"_blank\" rel=\"noreferrer noopener\">Relat\u00f3rio Resumido<\/a><a href=\"https:\/\/capacitacaoeggp.vr.uff.br\/wp-content\/uploads\/2023\/03\/EGGP.pdf\" class=\"wp-block-file__button\" download aria-describedby=\"wp-block-file--media-9bcb2c40-c261-4a04-8b28-1f05c120d73d\">Baixar<\/a><\/div>\n","protected":false},"excerpt":{"rendered":"<p>O presente relat\u00f3rio de gest\u00e3o apresenta de forma compacta dados quantitativos e qualitativos sobre a execu\u00e7\u00e3o financeira e estrat\u00e9gica do Plano de Desenvolvimento de Pessoas de 2022.<\/p>\n","protected":false},"author":3,"featured_media":0,"parent":0,"menu_order":0,"comment_status":"closed","ping_status":"closed","template":"","meta":{"_editorskit_title_hidden":false,"_editorskit_reading_time":1,"_editorskit_is_block_options_detached":false,"_editorskit_block_options_position":"{}","_monsterinsights_skip_tracking":false,"_monsterinsights_sitenote_active":false,"_monsterinsights_sitenote_note":"","_monsterinsights_sitenote_category":0},"_links":{"self":[{"href":"https:\/\/capacitacaoeggp.vr.uff.br\/index.php?rest_route=\/wp\/v2\/pages\/2225"}],"collection":[{"href":"https:\/\/capacitacaoeggp.vr.uff.br\/index.php?rest_route=\/wp\/v2\/pages"}],"about":[{"href":"https:\/\/capacitacaoeggp.vr.uff.br\/index.php?rest_route=\/wp\/v2\/types\/page"}],"author":[{"embeddable":true,"href":"https:\/\/capacitacaoeggp.vr.uff.br\/index.php?rest_route=\/wp\/v2\/users\/3"}],"replies":[{"embeddable":true,"href":"https:\/\/capacitacaoeggp.vr.uff.br\/index.php?rest_route=%2Fwp%2Fv2%2Fcomments&post=2225"}],"version-history":[{"count":2,"href":"https:\/\/capacitacaoeggp.vr.uff.br\/index.php?rest_route=\/wp\/v2\/pages\/2225\/revisions"}],"predecessor-version":[{"id":3443,"href":"https:\/\/capacitacaoeggp.vr.uff.br\/index.php?rest_route=\/wp\/v2\/pages\/2225\/revisions\/3443"}],"wp:attachment":[{"href":"https:\/\/capacitacaoeggp.vr.uff.br\/index.php?rest_route=%2Fwp%2Fv2%2Fmedia&parent=2225"}],"curies":[{"name":"wp","href":"https:\/\/api.w.org\/{rel}","templated":true}]}}