{"id":2239,"date":"2023-03-09T10:44:24","date_gmt":"2023-03-09T13:44:24","guid":{"rendered":"https:\/\/capacitacaoeggp.vr.uff.br\/?page_id=2239"},"modified":"2023-03-09T10:44:38","modified_gmt":"2023-03-09T13:44:38","slug":"pdp-2023","status":"publish","type":"page","link":"https:\/\/capacitacaoeggp.vr.uff.br\/?page_id=2239","title":{"rendered":"PDP 2023"},"content":{"rendered":"\n<p style=\"font-size:18px\">A Pr\u00f3-reitoria de Gest\u00e3o de Pessoas (Progepe) apresenta o Plano de Desenvolvimento de Pessoas da Universidade Federal Fluminense (PDP\/UFF) que tem por finalidade implementar as diretrizes da Pol\u00edtica Nacional de Desenvolvimento de Pessoas da Administra\u00e7\u00e3o P\u00fablica Federal (PNDP), institu\u00edda pelo\u00a0<a href=\"http:\/\/www.planalto.gov.br\/ccivil_03\/_ato2019-2022\/2019\/decreto\/D9991.htm\">Decreto 9.991, de 28 de agosto de 2019<\/a>, e auxiliar o desenvolvimento de compet\u00eancias fundamentais ao corpo docente e t\u00e9cnico-administrativo da Universidade Federal Fluminense, alinhadas ao\u00a0<a href=\"http:\/\/pdi.sites.uff.br\/wp-content\/uploads\/sites\/196\/2018\/06\/PDI_2018-2022_aprovado-CUV_30-05-2018.pdf\">Plano de Desenvolvimento Institucional (PDI-UFF 2018-2022)<\/a>, de modo a promover a\u00e7\u00f5es voltadas para a educa\u00e7\u00e3o permanente a fim de alcan\u00e7ar a excel\u00eancia e a melhoria da qualidade dos servi\u00e7os ofertados \u00e0 sociedade e o desenvolvimento dos seus servidores.<\/p>\n\n\n\n<hr class=\"wp-block-separator is-style-wide\" \/>\n\n\n\n<div class=\"wp-block-file\"><a id=\"wp-block-file--media-dd94fcfa-92fd-43bc-b4ec-387070113d63\" href=\"https:\/\/capacitacaoeggp.vr.uff.br\/wp-content\/uploads\/2023\/03\/Plano-de-Desenvolvimento-de-Pessoas-UFF-2023.pdf\" target=\"_blank\" rel=\"noreferrer noopener\">Plano-de-Desenvolvimento-de-Pessoas-UFF-2023<\/a><a href=\"https:\/\/capacitacaoeggp.vr.uff.br\/wp-content\/uploads\/2023\/03\/Plano-de-Desenvolvimento-de-Pessoas-UFF-2023.pdf\" class=\"wp-block-file__button\" download aria-describedby=\"wp-block-file--media-dd94fcfa-92fd-43bc-b4ec-387070113d63\">Baixar<\/a><\/div>\n","protected":false},"excerpt":{"rendered":"<p>A Pr\u00f3-reitoria de Gest\u00e3o de Pessoas (Progepe) apresenta o Plano de Desenvolvimento de Pessoas da Universidade Federal Fluminense (PDP\/UFF) que tem por finalidade implementar as diretrizes da Pol\u00edtica Nacional de Desenvolvimento de Pessoas da Administra\u00e7\u00e3o P\u00fablica Federal (PNDP), institu\u00edda pelo\u00a0Decreto 9.991, de 28 de agosto de 2019, e auxiliar o desenvolvimento de compet\u00eancias fundamentais ao&hellip;<\/p>\n","protected":false},"author":3,"featured_media":0,"parent":0,"menu_order":0,"comment_status":"closed","ping_status":"closed","template":"","meta":{"_editorskit_title_hidden":false,"_editorskit_reading_time":1,"_editorskit_is_block_options_detached":false,"_editorskit_block_options_position":"{}","_monsterinsights_skip_tracking":false,"_monsterinsights_sitenote_active":false,"_monsterinsights_sitenote_note":"","_monsterinsights_sitenote_category":0},"_links":{"self":[{"href":"https:\/\/capacitacaoeggp.vr.uff.br\/index.php?rest_route=\/wp\/v2\/pages\/2239"}],"collection":[{"href":"https:\/\/capacitacaoeggp.vr.uff.br\/index.php?rest_route=\/wp\/v2\/pages"}],"about":[{"href":"https:\/\/capacitacaoeggp.vr.uff.br\/index.php?rest_route=\/wp\/v2\/types\/page"}],"author":[{"embeddable":true,"href":"https:\/\/capacitacaoeggp.vr.uff.br\/index.php?rest_route=\/wp\/v2\/users\/3"}],"replies":[{"embeddable":true,"href":"https:\/\/capacitacaoeggp.vr.uff.br\/index.php?rest_route=%2Fwp%2Fv2%2Fcomments&post=2239"}],"version-history":[{"count":1,"href":"https:\/\/capacitacaoeggp.vr.uff.br\/index.php?rest_route=\/wp\/v2\/pages\/2239\/revisions"}],"predecessor-version":[{"id":2242,"href":"https:\/\/capacitacaoeggp.vr.uff.br\/index.php?rest_route=\/wp\/v2\/pages\/2239\/revisions\/2242"}],"wp:attachment":[{"href":"https:\/\/capacitacaoeggp.vr.uff.br\/index.php?rest_route=%2Fwp%2Fv2%2Fmedia&parent=2239"}],"curies":[{"name":"wp","href":"https:\/\/api.w.org\/{rel}","templated":true}]}}