{"id":3018,"date":"2024-02-28T15:45:21","date_gmt":"2024-02-28T18:45:21","guid":{"rendered":"https:\/\/capacitacaoeggp.vr.uff.br\/?page_id=3018"},"modified":"2025-04-28T10:48:26","modified_gmt":"2025-04-28T13:48:26","slug":"transparencia-2024","status":"publish","type":"page","link":"https:\/\/capacitacaoeggp.vr.uff.br\/?page_id=3018","title":{"rendered":"Transpar\u00eancia 2024"},"content":{"rendered":"\n<p>A Universidade Federal Fluminense por meio da Pr\u00f3-Reitoria de Gest\u00e3o de Pessoas (PROGEPE) delega \u00e0 Escola de Governan\u00e7a em Gest\u00e3o P\u00fablica (EGGP) o planejamento e a execu\u00e7\u00e3o do Plano de Desenvolvimento de Pessoas (PDP) 2024.<br>Desta forma, a EGGP vem dar publicidade \u00e0s despesas mensais com a\u00e7\u00f5es de desenvolvimento executadas, conforme previsto no&nbsp;<a href=\"https:\/\/www.in.gov.br\/en\/web\/dou\/-\/instrucao-normativa-sgp-enap\/sedgg\/me-n-21-de-1-de-fevereiro-de-2021-302021570\">art.18 da Instru\u00e7\u00e3o Normativa SGP-ENAP\/SEDGG\/ME n\u00ba 21, de 1\u00ba de Fevereiro de 2021.<\/a><\/p>\n\n\n\n<hr class=\"wp-block-separator has-alpha-channel-opacity is-style-wide\" \/>\n\n\n\n<h2 class=\"wp-block-heading\">Janeiro<\/h2>\n\n\n\n<p>Sem Lan\u00e7amentos!<\/p>\n\n\n\n<hr class=\"wp-block-separator has-alpha-channel-opacity is-style-wide\" \/>\n\n\n\n<h2 class=\"wp-block-heading\">Fevereiro<\/h2>\n\n\n\n<div class=\"wp-block-file\"><a id=\"wp-block-file--media-1538ec8b-f435-4edd-84ad-03565047978c\" href=\"https:\/\/capacitacaoeggp.vr.uff.br\/wp-content\/uploads\/2024\/03\/Cursos-Fevereiro.pdf\" target=\"_blank\" rel=\"noreferrer noopener\">Cursos-Fevereiro<\/a><a href=\"https:\/\/capacitacaoeggp.vr.uff.br\/wp-content\/uploads\/2024\/03\/Cursos-Fevereiro.pdf\" class=\"wp-block-file__button wp-element-button\" download aria-describedby=\"wp-block-file--media-1538ec8b-f435-4edd-84ad-03565047978c\">Baixar<\/a><\/div>\n\n\n\n<hr class=\"wp-block-separator has-alpha-channel-opacity is-style-wide\" \/>\n\n\n\n<h2 class=\"wp-block-heading\">Mar\u00e7o<\/h2>\n\n\n\n<div class=\"wp-block-file\"><a id=\"wp-block-file--media-0a0506b4-32bb-4a55-93d1-2af247770ed9\" href=\"https:\/\/capacitacaoeggp.vr.uff.br\/wp-content\/uploads\/2024\/04\/Cursos-Marco.pdf\" target=\"_blank\" rel=\"noreferrer noopener\">Cursos-Marco<\/a><a href=\"https:\/\/capacitacaoeggp.vr.uff.br\/wp-content\/uploads\/2024\/04\/Cursos-Marco.pdf\" class=\"wp-block-file__button wp-element-button\" download aria-describedby=\"wp-block-file--media-0a0506b4-32bb-4a55-93d1-2af247770ed9\">Baixar<\/a><\/div>\n\n\n\n<hr class=\"wp-block-separator has-alpha-channel-opacity is-style-wide\" \/>\n\n\n\n<h2 class=\"wp-block-heading\">Abril<\/h2>\n\n\n\n<div class=\"wp-block-file\"><a id=\"wp-block-file--media-2f12b71b-47cf-4f37-a671-e0d577ef9a61\" href=\"https:\/\/capacitacaoeggp.vr.uff.br\/wp-content\/uploads\/2024\/05\/Cursos-Abril.pdf\" target=\"_blank\" rel=\"noreferrer noopener\">Cursos-Abril<\/a><a href=\"https:\/\/capacitacaoeggp.vr.uff.br\/wp-content\/uploads\/2024\/05\/Cursos-Abril.pdf\" class=\"wp-block-file__button wp-element-button\" download aria-describedby=\"wp-block-file--media-2f12b71b-47cf-4f37-a671-e0d577ef9a61\">Baixar<\/a><\/div>\n\n\n\n<hr class=\"wp-block-separator has-alpha-channel-opacity is-style-wide\" \/>\n\n\n\n<h2 class=\"wp-block-heading\">Maio<\/h2>\n\n\n\n<p>Sem Lan\u00e7amentos!<\/p>\n\n\n\n<hr class=\"wp-block-separator has-alpha-channel-opacity is-style-wide\" \/>\n\n\n\n<h2 class=\"wp-block-heading\">Junho<\/h2>\n\n\n\n<div class=\"wp-block-file\"><a id=\"wp-block-file--media-766c822a-820b-49d2-ab17-ac6d4610eff4\" href=\"https:\/\/capacitacaoeggp.vr.uff.br\/wp-content\/uploads\/2024\/07\/Transparencia_Mensal_-_Cursos_e_AIC_-_2024_-_Junho_assinado.pdf\" target=\"_blank\" rel=\"noreferrer noopener\">Cursos &#8211; Junho<\/a><a href=\"https:\/\/capacitacaoeggp.vr.uff.br\/wp-content\/uploads\/2024\/07\/Transparencia_Mensal_-_Cursos_e_AIC_-_2024_-_Junho_assinado.pdf\" class=\"wp-block-file__button wp-element-button\" download aria-describedby=\"wp-block-file--media-766c822a-820b-49d2-ab17-ac6d4610eff4\">Baixar<\/a><\/div>\n\n\n\n<hr class=\"wp-block-separator has-alpha-channel-opacity is-style-wide\" \/>\n\n\n\n<h2 class=\"wp-block-heading\">Julho<\/h2>\n\n\n\n<p>Sem Lan\u00e7amentos!<\/p>\n\n\n\n<hr class=\"wp-block-separator has-alpha-channel-opacity is-style-wide\" \/>\n\n\n\n<h2 class=\"wp-block-heading\">Agosto<\/h2>\n\n\n\n<div class=\"wp-block-file\"><a id=\"wp-block-file--media-e0a98c39-8545-402b-85a7-49d8000afc92\" href=\"https:\/\/capacitacaoeggp.vr.uff.br\/wp-content\/uploads\/2024\/09\/Cursos-Agosto.pdf\" target=\"_blank\" rel=\"noreferrer noopener\">Cursos-Agosto<\/a><a href=\"https:\/\/capacitacaoeggp.vr.uff.br\/wp-content\/uploads\/2024\/09\/Cursos-Agosto.pdf\" class=\"wp-block-file__button wp-element-button\" download aria-describedby=\"wp-block-file--media-e0a98c39-8545-402b-85a7-49d8000afc92\">Baixar<\/a><\/div>\n\n\n\n<hr class=\"wp-block-separator has-alpha-channel-opacity is-style-wide\" \/>\n\n\n\n<h2 class=\"wp-block-heading\">Setembro<\/h2>\n\n\n\n<div class=\"wp-block-file\"><a id=\"wp-block-file--media-28327144-52a6-4ff0-be48-d6c82500ec13\" href=\"https:\/\/capacitacaoeggp.vr.uff.br\/wp-content\/uploads\/2024\/10\/Apoio-a-Iniciativas-de-Capacitacao-e-Cursos-Setembro.pdf\" target=\"_blank\" rel=\"noreferrer noopener\">Apoio-a-Iniciativas-de-Capacitacao-e-Cursos-Setembro<\/a><a href=\"https:\/\/capacitacaoeggp.vr.uff.br\/wp-content\/uploads\/2024\/10\/Apoio-a-Iniciativas-de-Capacitacao-e-Cursos-Setembro.pdf\" class=\"wp-block-file__button wp-element-button\" download aria-describedby=\"wp-block-file--media-28327144-52a6-4ff0-be48-d6c82500ec13\">Baixar<\/a><\/div>\n\n\n\n<hr class=\"wp-block-separator has-alpha-channel-opacity is-style-wide\" \/>\n\n\n\n<h2 class=\"wp-block-heading\">Outubro<\/h2>\n\n\n\n<div class=\"wp-block-file\"><a id=\"wp-block-file--media-6a410be5-b0e2-4b38-b202-08cc58dd20d6\" href=\"https:\/\/capacitacaoeggp.vr.uff.br\/wp-content\/uploads\/2025\/01\/2024_10_Publicidade_dos_Afastamentos_Autorizados_PARA_ASSINATURA_assinado-1.pdf\" target=\"_blank\" rel=\"noreferrer noopener\">Afastamentos e Licen\u00e7as<\/a><a href=\"https:\/\/capacitacaoeggp.vr.uff.br\/wp-content\/uploads\/2025\/01\/2024_10_Publicidade_dos_Afastamentos_Autorizados_PARA_ASSINATURA_assinado-1.pdf\" class=\"wp-block-file__button wp-element-button\" download aria-describedby=\"wp-block-file--media-6a410be5-b0e2-4b38-b202-08cc58dd20d6\">Baixar<\/a><\/div>\n\n\n\n<div class=\"wp-block-file\"><a id=\"wp-block-file--media-e340ee99-6e79-48fb-8035-1f140b66475b\" href=\"https:\/\/capacitacaoeggp.vr.uff.br\/wp-content\/uploads\/2024\/11\/Apoio-a-Iniciativas-de-Capacitacao-e-Cursos-Outubro.pdf\" target=\"_blank\" rel=\"noreferrer noopener\">Apoio-a-Iniciativas-de-Capacitacao-e-Cursos-Outubro<\/a><a href=\"https:\/\/capacitacaoeggp.vr.uff.br\/wp-content\/uploads\/2024\/11\/Apoio-a-Iniciativas-de-Capacitacao-e-Cursos-Outubro.pdf\" class=\"wp-block-file__button wp-element-button\" download aria-describedby=\"wp-block-file--media-e340ee99-6e79-48fb-8035-1f140b66475b\">Baixar<\/a><\/div>\n\n\n\n<hr class=\"wp-block-separator has-alpha-channel-opacity is-style-wide\" \/>\n\n\n\n<h2 class=\"wp-block-heading\">Novembro<\/h2>\n\n\n\n<div class=\"wp-block-file\"><a id=\"wp-block-file--media-20cc4579-7a50-40a8-aab2-c2bee6fee978\" href=\"https:\/\/capacitacaoeggp.vr.uff.br\/wp-content\/uploads\/2025\/01\/2024_11_Publicidade_dos_Afastamentos_Autorizados_PARA_ASSINATURA_assinado.pdf\" target=\"_blank\" rel=\"noreferrer noopener\">Afastamentos e Licen\u00e7as<\/a><a href=\"https:\/\/capacitacaoeggp.vr.uff.br\/wp-content\/uploads\/2025\/01\/2024_11_Publicidade_dos_Afastamentos_Autorizados_PARA_ASSINATURA_assinado.pdf\" class=\"wp-block-file__button wp-element-button\" download aria-describedby=\"wp-block-file--media-20cc4579-7a50-40a8-aab2-c2bee6fee978\">Baixar<\/a><\/div>\n\n\n\n<div class=\"wp-block-file\"><a id=\"wp-block-file--media-2bfe6bbd-e57e-4f4f-9a18-00adc2408319\" href=\"https:\/\/capacitacaoeggp.vr.uff.br\/wp-content\/uploads\/2024\/12\/Apoio-a-Iniciativas-de-Capacitacao-e-Cursos-novembro.pdf\" target=\"_blank\" rel=\"noreferrer noopener\">Apoio-a-Iniciativas-de-Capacitacao-e-Cursos-novembro<\/a><a href=\"https:\/\/capacitacaoeggp.vr.uff.br\/wp-content\/uploads\/2024\/12\/Apoio-a-Iniciativas-de-Capacitacao-e-Cursos-novembro.pdf\" class=\"wp-block-file__button wp-element-button\" download aria-describedby=\"wp-block-file--media-2bfe6bbd-e57e-4f4f-9a18-00adc2408319\">Baixar<\/a><\/div>\n\n\n\n<hr class=\"wp-block-separator has-alpha-channel-opacity is-style-wide\" \/>\n\n\n\n<h2 class=\"wp-block-heading\">Dezembro<\/h2>\n\n\n\n<div class=\"wp-block-file\"><a id=\"wp-block-file--media-3db98aba-403c-47c7-b56e-259687800f06\" href=\"https:\/\/capacitacaoeggp.vr.uff.br\/wp-content\/uploads\/2025\/01\/2024_12_Publicidade_dos_Afastamentos_Autorizados_PARA_ASSINATURA_assinado.pdf\" target=\"_blank\" rel=\"noreferrer noopener\">Afastamentos e Licen\u00e7as &#8211; Dezembro<\/a><a href=\"https:\/\/capacitacaoeggp.vr.uff.br\/wp-content\/uploads\/2025\/01\/2024_12_Publicidade_dos_Afastamentos_Autorizados_PARA_ASSINATURA_assinado.pdf\" class=\"wp-block-file__button wp-element-button\" download aria-describedby=\"wp-block-file--media-3db98aba-403c-47c7-b56e-259687800f06\">Baixar<\/a><\/div>\n\n\n\n<div class=\"wp-block-file\"><a id=\"wp-block-file--media-b62869d1-8f77-4bf4-a3ce-bf1396651887\" href=\"https:\/\/capacitacaoeggp.vr.uff.br\/wp-content\/uploads\/2025\/04\/Apoio_a_Iniciativas_de_Capacitacao_e_Cursos_assinado.pdf\" target=\"_blank\" rel=\"noreferrer noopener\">Apoio_a_Iniciativas_de_Capacitacao_e_Cursos_assinado<\/a><a href=\"https:\/\/capacitacaoeggp.vr.uff.br\/wp-content\/uploads\/2025\/04\/Apoio_a_Iniciativas_de_Capacitacao_e_Cursos_assinado.pdf\" class=\"wp-block-file__button wp-element-button\" download aria-describedby=\"wp-block-file--media-b62869d1-8f77-4bf4-a3ce-bf1396651887\">Baixar<\/a><\/div>\n\n\n\n<div class=\"wp-block-file\"><a id=\"wp-block-file--media-8dbe38c4-1fa5-4ac1-948c-06965227ee40\" href=\"https:\/\/capacitacaoeggp.vr.uff.br\/wp-content\/uploads\/2025\/01\/Programa-de-Auxilio-Qualificacao-PQUFF-2024-Resultado-2.pdf\" target=\"_blank\" rel=\"noreferrer noopener\">Programa-de-Auxilio-Qualificacao-PQUFF-2024-Resultado-2<\/a><a href=\"https:\/\/capacitacaoeggp.vr.uff.br\/wp-content\/uploads\/2025\/01\/Programa-de-Auxilio-Qualificacao-PQUFF-2024-Resultado-2.pdf\" class=\"wp-block-file__button wp-element-button\" download aria-describedby=\"wp-block-file--media-8dbe38c4-1fa5-4ac1-948c-06965227ee40\">Baixar<\/a><\/div>\n\n\n\n<div class=\"wp-block-file\"><a id=\"wp-block-file--media-57b27b0e-28b8-4615-9602-efad0f0c0da9\" href=\"https:\/\/capacitacaoeggp.vr.uff.br\/wp-content\/uploads\/2024\/12\/Programa-de-Qualificacao-Institucional-2024-Resultado.pdf\" target=\"_blank\" rel=\"noreferrer noopener\">Programa-de-Qualificacao-Institucional-2024-Resultado<\/a><a href=\"https:\/\/capacitacaoeggp.vr.uff.br\/wp-content\/uploads\/2024\/12\/Programa-de-Qualificacao-Institucional-2024-Resultado.pdf\" class=\"wp-block-file__button wp-element-button\" download aria-describedby=\"wp-block-file--media-57b27b0e-28b8-4615-9602-efad0f0c0da9\">Baixar<\/a><\/div>\n\n\n\n<p class=\"has-text-align-center has-black-color has-text-color\" style=\"font-size:19px\"><a aria-label=\" (opens in a new tab)\" href=\"https:\/\/app.powerbi.com\/view?r=eyJrIjoiYmY0NWYzOTAtMjk5Yi00NDdhLThiM2UtNWE4ZTMyOGI0YjhlIiwidCI6ImIyZTE2Mjk3LTJlZDYtNDFiOC1iODIyLWE5NTRlOTViZDJmMCIsImMiOjR9\" target=\"_blank\" rel=\"noreferrer noopener\" class=\"ek-link\">Resumo das A\u00e7\u00f5es de Capacita\u00e7\u00e3o 2024<\/a><\/p>\n\n\n\n<p class=\"has-text-align-center has-black-color has-text-color\" style=\"font-size:19px\"><a href=\"https:\/\/app.powerbi.com\/view?r=eyJrIjoiN2JiZjk4Y2YtNjk2NC00ZjVlLTkwMzItOThiOGE0N2VkMDA3IiwidCI6ImIyZTE2Mjk3LTJlZDYtNDFiOC1iODIyLWE5NTRlOTViZDJmMCIsImMiOjR9\" target=\"_blank\" aria-label=\"Resumo PQI 2024 (opens in a new tab)\" rel=\"noreferrer noopener\" class=\"ek-link\">Resumo PQI 2024<\/a><\/p>\n","protected":false},"excerpt":{"rendered":"<p>A Universidade Federal Fluminense por meio da Pr\u00f3-Reitoria de Gest\u00e3o de Pessoas (PROGEPE) delega \u00e0 Escola de Governan\u00e7a em Gest\u00e3o P\u00fablica (EGGP) o planejamento e a execu\u00e7\u00e3o do Plano de Desenvolvimento de Pessoas (PDP) 2024.Desta forma, a EGGP vem dar publicidade \u00e0s despesas mensais com a\u00e7\u00f5es de desenvolvimento executadas, conforme previsto no&nbsp;art.18 da Instru\u00e7\u00e3o Normativa&hellip;<\/p>\n","protected":false},"author":3,"featured_media":0,"parent":306,"menu_order":0,"comment_status":"closed","ping_status":"closed","template":"","meta":{"_editorskit_title_hidden":false,"_editorskit_reading_time":0,"_editorskit_is_block_options_detached":false,"_editorskit_block_options_position":"{}","_monsterinsights_skip_tracking":false,"_monsterinsights_sitenote_active":false,"_monsterinsights_sitenote_note":"","_monsterinsights_sitenote_category":0},"_links":{"self":[{"href":"https:\/\/capacitacaoeggp.vr.uff.br\/index.php?rest_route=\/wp\/v2\/pages\/3018"}],"collection":[{"href":"https:\/\/capacitacaoeggp.vr.uff.br\/index.php?rest_route=\/wp\/v2\/pages"}],"about":[{"href":"https:\/\/capacitacaoeggp.vr.uff.br\/index.php?rest_route=\/wp\/v2\/types\/page"}],"author":[{"embeddable":true,"href":"https:\/\/capacitacaoeggp.vr.uff.br\/index.php?rest_route=\/wp\/v2\/users\/3"}],"replies":[{"embeddable":true,"href":"https:\/\/capacitacaoeggp.vr.uff.br\/index.php?rest_route=%2Fwp%2Fv2%2Fcomments&post=3018"}],"version-history":[{"count":33,"href":"https:\/\/capacitacaoeggp.vr.uff.br\/index.php?rest_route=\/wp\/v2\/pages\/3018\/revisions"}],"predecessor-version":[{"id":3637,"href":"https:\/\/capacitacaoeggp.vr.uff.br\/index.php?rest_route=\/wp\/v2\/pages\/3018\/revisions\/3637"}],"up":[{"embeddable":true,"href":"https:\/\/capacitacaoeggp.vr.uff.br\/index.php?rest_route=\/wp\/v2\/pages\/306"}],"wp:attachment":[{"href":"https:\/\/capacitacaoeggp.vr.uff.br\/index.php?rest_route=%2Fwp%2Fv2%2Fmedia&parent=3018"}],"curies":[{"name":"wp","href":"https:\/\/api.w.org\/{rel}","templated":true}]}}