{"id":306,"date":"2021-07-26T15:27:53","date_gmt":"2021-07-26T18:27:53","guid":{"rendered":"https:\/\/capacitacaoeggp.vr.uff.br\/?page_id=306"},"modified":"2022-02-09T10:14:59","modified_gmt":"2022-02-09T13:14:59","slug":"transparencia","status":"publish","type":"page","link":"https:\/\/capacitacaoeggp.vr.uff.br\/?page_id=306","title":{"rendered":"Transpar\u00eancia"},"content":{"rendered":"\n<p>Publicidade das despesas mensais com a\u00e7\u00f5es de desenvolvimento executadas, conforme previsto no art.18 da Instru\u00e7\u00e3o Normativa SGP-ENAP\/SEDGG\/ME n\u00ba 21, de 1\u00ba de Fevereiro de 2021.<\/p>\n\n\n\n<p>Favor acessar o ano de interesse para obter as informa\u00e7\u00f5es.<\/p>\n\n\n\n<p><a aria-label=\"2021 (opens in a new tab)\" href=\"https:\/\/capacitacaoeggp.vr.uff.br\/?page_id=955\" target=\"_blank\" rel=\"noreferrer noopener\" class=\"ek-link\">2021<\/a><\/p>\n\n\n\n<p><a href=\"https:\/\/capacitacaoeggp.vr.uff.br\/?page_id=1198\" target=\"_blank\" aria-label=\"2022 (opens in a new tab)\" rel=\"noreferrer noopener\" class=\"ek-link\">2022<\/a><\/p>\n","protected":false},"excerpt":{"rendered":"<p>Publicidade das despesas mensais com a\u00e7\u00f5es de desenvolvimento executadas, conforme previsto no art.18 da Instru\u00e7\u00e3o Normativa SGP-ENAP\/SEDGG\/ME n\u00ba 21, de 1\u00ba de Fevereiro de 2021. Favor acessar o ano de interesse para obter as informa\u00e7\u00f5es. 2021 2022<\/p>\n","protected":false},"author":2,"featured_media":355,"parent":36,"menu_order":0,"comment_status":"closed","ping_status":"closed","template":"","meta":{"_editorskit_title_hidden":false,"_editorskit_reading_time":1,"_editorskit_is_block_options_detached":false,"_editorskit_block_options_position":"{}","_monsterinsights_skip_tracking":false,"_monsterinsights_sitenote_active":false,"_monsterinsights_sitenote_note":"","_monsterinsights_sitenote_category":0},"_links":{"self":[{"href":"https:\/\/capacitacaoeggp.vr.uff.br\/index.php?rest_route=\/wp\/v2\/pages\/306"}],"collection":[{"href":"https:\/\/capacitacaoeggp.vr.uff.br\/index.php?rest_route=\/wp\/v2\/pages"}],"about":[{"href":"https:\/\/capacitacaoeggp.vr.uff.br\/index.php?rest_route=\/wp\/v2\/types\/page"}],"author":[{"embeddable":true,"href":"https:\/\/capacitacaoeggp.vr.uff.br\/index.php?rest_route=\/wp\/v2\/users\/2"}],"replies":[{"embeddable":true,"href":"https:\/\/capacitacaoeggp.vr.uff.br\/index.php?rest_route=%2Fwp%2Fv2%2Fcomments&post=306"}],"version-history":[{"count":25,"href":"https:\/\/capacitacaoeggp.vr.uff.br\/index.php?rest_route=\/wp\/v2\/pages\/306\/revisions"}],"predecessor-version":[{"id":1201,"href":"https:\/\/capacitacaoeggp.vr.uff.br\/index.php?rest_route=\/wp\/v2\/pages\/306\/revisions\/1201"}],"up":[{"embeddable":true,"href":"https:\/\/capacitacaoeggp.vr.uff.br\/index.php?rest_route=\/wp\/v2\/pages\/36"}],"wp:featuredmedia":[{"embeddable":true,"href":"https:\/\/capacitacaoeggp.vr.uff.br\/index.php?rest_route=\/wp\/v2\/media\/355"}],"wp:attachment":[{"href":"https:\/\/capacitacaoeggp.vr.uff.br\/index.php?rest_route=%2Fwp%2Fv2%2Fmedia&parent=306"}],"curies":[{"name":"wp","href":"https:\/\/api.w.org\/{rel}","templated":true}]}}