{"id":3070,"date":"2024-03-14T17:37:00","date_gmt":"2024-03-14T20:37:00","guid":{"rendered":"https:\/\/capacitacaoeggp.vr.uff.br\/?page_id=3070"},"modified":"2024-03-14T17:42:09","modified_gmt":"2024-03-14T20:42:09","slug":"pdp-2024","status":"publish","type":"page","link":"https:\/\/capacitacaoeggp.vr.uff.br\/?page_id=3070","title":{"rendered":"PDP 2024"},"content":{"rendered":"\n<p>A Pr\u00f3-reitoria de Gest\u00e3o de Pessoas (Progepe) apresenta o Plano de Desenvolvimento de Pessoas da Universidade Federal Fluminense (PDP\/UFF) que tem por finalidade implementar as diretrizes da Pol\u00edtica Nacional de Desenvolvimento de Pessoas da Administra\u00e7\u00e3o P\u00fablica Federal (PNDP), institu\u00edda pelo\u00a0<a href=\"http:\/\/www.planalto.gov.br\/ccivil_03\/_ato2019-2022\/2019\/decreto\/D9991.htm\">Decreto 9.991, de 28 de agosto de 2019<\/a>, e auxiliar o desenvolvimento de compet\u00eancias fundamentais ao corpo docente e t\u00e9cnico-administrativo da Universidade Federal Fluminense, alinhadas ao\u00a0<a href=\"http:\/\/pdi.sites.uff.br\/wp-content\/uploads\/sites\/196\/2023\/12\/PDI_2023_2027_aprovado_CUV.pdf\" class=\"ek-link\">Plano de Desenvolvimento Institucional (PDI-UFF 2023-2027)<\/a>, de modo a promover a\u00e7\u00f5es voltadas para a educa\u00e7\u00e3o permanente a fim de alcan\u00e7ar a excel\u00eancia e a melhoria da qualidade dos servi\u00e7os ofertados \u00e0 sociedade e o desenvolvimento dos seus servidores.<\/p>\n\n\n\n<div class=\"wp-block-file\"><a id=\"wp-block-file--media-e94a6ba0-6ed8-4270-9209-7951402fc48f\" href=\"https:\/\/capacitacaoeggp.vr.uff.br\/wp-content\/uploads\/2024\/03\/Plano-de-Desenvolvimento-de-Pessoas-2024-1.pdf\" target=\"_blank\" rel=\"noreferrer noopener\">Plano-de-Desenvolvimento-de-Pessoas-2024-1<\/a><a href=\"https:\/\/capacitacaoeggp.vr.uff.br\/wp-content\/uploads\/2024\/03\/Plano-de-Desenvolvimento-de-Pessoas-2024-1.pdf\" class=\"wp-block-file__button wp-element-button\" download aria-describedby=\"wp-block-file--media-e94a6ba0-6ed8-4270-9209-7951402fc48f\">Baixar<\/a><\/div>\n","protected":false},"excerpt":{"rendered":"<p>A Pr\u00f3-reitoria de Gest\u00e3o de Pessoas (Progepe) apresenta o Plano de Desenvolvimento de Pessoas da Universidade Federal Fluminense (PDP\/UFF) que tem por finalidade implementar as diretrizes da Pol\u00edtica Nacional de Desenvolvimento de Pessoas da Administra\u00e7\u00e3o P\u00fablica Federal (PNDP), institu\u00edda pelo\u00a0Decreto 9.991, de 28 de agosto de 2019, e auxiliar o desenvolvimento de compet\u00eancias fundamentais ao&hellip;<\/p>\n","protected":false},"author":3,"featured_media":0,"parent":0,"menu_order":0,"comment_status":"closed","ping_status":"closed","template":"","meta":{"_editorskit_title_hidden":false,"_editorskit_reading_time":0,"_editorskit_is_block_options_detached":false,"_editorskit_block_options_position":"{}","_monsterinsights_skip_tracking":false,"_monsterinsights_sitenote_active":false,"_monsterinsights_sitenote_note":"","_monsterinsights_sitenote_category":0},"_links":{"self":[{"href":"https:\/\/capacitacaoeggp.vr.uff.br\/index.php?rest_route=\/wp\/v2\/pages\/3070"}],"collection":[{"href":"https:\/\/capacitacaoeggp.vr.uff.br\/index.php?rest_route=\/wp\/v2\/pages"}],"about":[{"href":"https:\/\/capacitacaoeggp.vr.uff.br\/index.php?rest_route=\/wp\/v2\/types\/page"}],"author":[{"embeddable":true,"href":"https:\/\/capacitacaoeggp.vr.uff.br\/index.php?rest_route=\/wp\/v2\/users\/3"}],"replies":[{"embeddable":true,"href":"https:\/\/capacitacaoeggp.vr.uff.br\/index.php?rest_route=%2Fwp%2Fv2%2Fcomments&post=3070"}],"version-history":[{"count":2,"href":"https:\/\/capacitacaoeggp.vr.uff.br\/index.php?rest_route=\/wp\/v2\/pages\/3070\/revisions"}],"predecessor-version":[{"id":3078,"href":"https:\/\/capacitacaoeggp.vr.uff.br\/index.php?rest_route=\/wp\/v2\/pages\/3070\/revisions\/3078"}],"wp:attachment":[{"href":"https:\/\/capacitacaoeggp.vr.uff.br\/index.php?rest_route=%2Fwp%2Fv2%2Fmedia&parent=3070"}],"curies":[{"name":"wp","href":"https:\/\/api.w.org\/{rel}","templated":true}]}}