{"id":3135,"date":"2024-05-23T09:51:27","date_gmt":"2024-05-23T12:51:27","guid":{"rendered":"https:\/\/capacitacaoeggp.vr.uff.br\/?page_id=3135"},"modified":"2026-03-20T09:49:29","modified_gmt":"2026-03-20T12:49:29","slug":"programa-de-gestao","status":"publish","type":"page","link":"https:\/\/capacitacaoeggp.vr.uff.br\/?page_id=3135","title":{"rendered":"Teletrabalho\/NPGD"},"content":{"rendered":"\n<p class=\"has-text-align-center has-black-color has-text-color\" style=\"font-size:16px\"><strong>&gt;<\/strong> <strong><a aria-label=\"Teletrabalho e Educa\u00e7\u00e3o a Dist\u00e2ncia (opens in a new tab)\" href=\"https:\/\/www.escolavirtual.gov.br\/curso\/301\" target=\"_blank\" rel=\"noreferrer noopener\" class=\"ek-link\">Teletrabalho e Educa\u00e7\u00e3o a Dist\u00e2ncia<\/a> <\/strong>(carga hor\u00e1ria: 8h)<\/p>\n\n\n\n<hr class=\"wp-block-separator has-alpha-channel-opacity\" \/>\n\n\n\n<p class=\"has-text-align-center has-black-color has-text-color\" style=\"font-size:16px\"><strong>&gt; <a aria-label=\"No\u00e7\u00f5es B\u00e1sicas do Trabalho Remoto  (opens in a new tab)\" href=\"https:\/\/www.escolavirtual.gov.br\/curso\/293\" target=\"_blank\" rel=\"noreferrer noopener\" class=\"ek-link\">No\u00e7\u00f5es B\u00e1sicas do Trabalho Remoto<\/a><\/strong><a aria-label=\"No\u00e7\u00f5es B\u00e1sicas do Trabalho Remoto  (opens in a new tab)\" href=\"https:\/\/www.escolavirtual.gov.br\/curso\/293\" target=\"_blank\" rel=\"noreferrer noopener\" class=\"ek-link\"> <\/a>(carga hor\u00e1ria: 10h)<\/p>\n\n\n\n<hr class=\"wp-block-separator has-alpha-channel-opacity\" \/>\n\n\n\n<p class=\"has-text-align-center has-black-color has-text-color\" style=\"font-size:16px\"><strong>&gt; <a aria-label=\"Ferramentas de Gest\u00e3o no Teletrabalho (PDP)  (opens in a new tab)\" href=\"https:\/\/www.escolavirtual.gov.br\/curso\/675\" target=\"_blank\" rel=\"noreferrer noopener\" class=\"ek-link\">Ferramentas de Gest\u00e3o no Teletrabalho (PDP)<\/a><\/strong><a aria-label=\"Ferramentas de Gest\u00e3o no Teletrabalho (PDP)  (opens in a new tab)\" href=\"https:\/\/www.escolavirtual.gov.br\/curso\/675\" target=\"_blank\" rel=\"noreferrer noopener\" class=\"ek-link\"> <\/a>(carga hor\u00e1ria: 13h)<\/p>\n\n\n\n<hr class=\"wp-block-separator has-alpha-channel-opacity\" \/>\n\n\n\n<p class=\"has-text-align-center has-black-color has-text-color\" style=\"font-size:16px\"><strong>&gt; <a aria-label=\"Mindfluness para redu\u00e7\u00e3o de ansiedade no teletrabalho (opens in a new tab)\" href=\"https:\/\/www.escolavirtual.gov.br\/curso\/672\" target=\"_blank\" rel=\"noreferrer noopener\" class=\"ek-link\">Mindfluness para redu\u00e7\u00e3o de ansiedade no teletrabalho<\/a><\/strong> (carga hor\u00e1ria: 15h)<\/p>\n\n\n\n<hr class=\"wp-block-separator has-alpha-channel-opacity\" \/>\n\n\n\n<p class=\"has-text-align-center has-black-color has-text-color\" style=\"font-size:16px\"><strong>&gt; <a aria-label=\"Seguran\u00e7a e Sa\u00fade do Trabalho no Contexto do Teletrabalho (opens in a new tab)\" href=\"https:\/\/www.escolavirtual.gov.br\/curso\/673\" target=\"_blank\" rel=\"noreferrer noopener\" class=\"ek-link\">Seguran\u00e7a e Sa\u00fade do Trabalho no Contexto do Teletrabalho<\/a><\/strong> (carga hor\u00e1ria: 18h)<\/p>\n\n\n\n<hr class=\"wp-block-separator has-alpha-channel-opacity\" \/>\n\n\n\n<p class=\"has-text-align-center has-black-color has-text-color\" style=\"font-size:16px\"><strong>&gt; <\/strong><a href=\"https:\/\/www.escolavirtual.gov.br\/curso\/1344\" target=\"_blank\" aria-label=\"Elabora\u00e7\u00e3o de Planos de Entregas e de Trabalho do PGD  (opens in a new tab)\" rel=\"noreferrer noopener\" class=\"ek-link\"><strong>Elabora\u00e7\u00e3o de Planos de Entregas e de Trabalho do PGD<\/strong> <\/a>(carga hor\u00e1ria: 20h)<\/p>\n\n\n\n<hr class=\"wp-block-separator has-alpha-channel-opacity\" \/>\n\n\n\n<p class=\"has-text-align-center has-black-color has-text-color\" style=\"font-size:16px\"><strong>&gt; <a aria-label=\"E-lideran\u00e7a: como gerenciar e Llderar equipes em ambientes remotos (opens in a new tab)\" href=\"https:\/\/www.escolavirtual.gov.br\/curso\/773\" target=\"_blank\" rel=\"noreferrer noopener\" class=\"ek-link\">E-lideran\u00e7a: como gerenciar e Liderar equipes em ambientes remotos<\/a> <\/strong>(carga hor\u00e1ria: 20h)<\/p>\n\n\n\n<hr class=\"wp-block-separator has-alpha-channel-opacity\" \/>\n\n\n\n<p class=\"has-text-align-center has-black-color has-text-color\" style=\"font-size:16px\">&gt;<a href=\"https:\/\/www.escolavirtual.gov.br\/curso\/1401\" target=\"_blank\" aria-label=\" Execu\u00e7\u00e3o e Avalia\u00e7\u00e3o dos Planos de Entrega e de Trabalho do PGD (opens in a new tab)\" rel=\"noreferrer noopener\" class=\"ek-link\"> <strong>Execu\u00e7\u00e3o e Avalia\u00e7\u00e3o dos Planos de Entrega e de Trabalho do PGD<\/strong><\/a> (carga hor\u00e1ria: 20h)<\/p>\n\n\n\n<hr class=\"wp-block-separator has-alpha-channel-opacity\" \/>\n\n\n\n<p class=\"has-text-align-center has-black-color has-text-color\" style=\"font-size:16px\"><strong>&gt; <a aria-label=\" (opens in a new tab)\" href=\"https:\/\/www.escolavirtual.gov.br\/curso\/1327\" target=\"_blank\" rel=\"noreferrer noopener\" class=\"ek-link\">Fundamentos do Programa de Gest\u00e3o e Desempenho (PGD) <\/a><\/strong>(carga hor\u00e1ria: 20h)<\/p>\n\n\n\n<hr class=\"wp-block-separator has-alpha-channel-opacity\" \/>\n\n\n\n<p class=\"has-text-align-center has-black-color has-text-color\" style=\"font-size:16px\">&gt; <strong><a aria-label=\"Gest\u00e3o de Equipes para Chefes de Unidades de Execu\u00e7\u00e3o do PGD (opens in a new tab)\" href=\"https:\/\/www.escolavirtual.gov.br\/curso\/1417\" target=\"_blank\" rel=\"noreferrer noopener\" class=\"ek-link\">Gest\u00e3o de Equipes para Chefes de Unidades de Execu\u00e7\u00e3o do PGD<\/a><\/strong> (carga hor\u00e1ria: 30h)<\/p>\n\n\n\n<hr class=\"wp-block-separator has-alpha-channel-opacity\" \/>\n\n\n\n<hr class=\"wp-block-separator has-alpha-channel-opacity is-style-wide\" \/>\n\n\n\n<p class=\"has-black-color has-text-color\" style=\"font-size:16px\">&gt;&gt; Outros materiais:<\/p>\n\n\n\n<p class=\"has-black-color has-text-color\" style=\"font-size:16px\"><strong><a aria-label=\"Programa de Gest\u00e3o e Desempenho (PGD): uma an\u00e1lise a partir do modelo tr\u00eas &quot;i&quot; (opens in a new tab)\" href=\"https:\/\/repositorio.enap.gov.br\/bitstream\/1\/8762\/1\/Vers%c3%a3o%20final%20com%20ficha%20-PROGRAMA%20DE%20GEST%c3%83O%20E%20DESEMPENHO%20%28PGD%29_UMA%20AN%c3%81LISE%20A%20PARTIR%20DO%20MODELO%20TR%c3%8aS%20%e2%80%9cI%e2%80%9d%20%282%29.pdf\" target=\"_blank\" rel=\"noreferrer noopener\" class=\"ek-link\">Programa de Gest\u00e3o e Desempenho (PGD): uma an\u00e1lise a partir do modelo tr\u00eas &#8220;i&#8221;<\/a><\/strong> (Disserta\u00e7\u00e3o do Programa de Mestrado em Governan\u00e7a e Desenvolvimento da Escola Nacional de Administra\u00e7\u00e3o P\u00fablica &#8211; ENAP)<\/p>\n\n\n\n<p class=\"has-black-color has-text-color\" style=\"font-size:16px\"><strong><a aria-label=\"Evid\u00eancias e dimens\u00f5es de monitoramento do Programa de Gest\u00e3o e Desempenho (opens in a new tab)\" href=\"https:\/\/repositorio.enap.gov.br\/bitstream\/1\/7890\/1\/2024.01.20-Evid%c3%aancias%20e%20dimens%c3%b5es%20de%20monitoramento%20do%20Programa%20de%20Gest%c3%a3o_EXTERNO.pdf\" target=\"_blank\" rel=\"noreferrer noopener\" class=\"ek-link\">Evid\u00eancias e dimens\u00f5es de monitoramento do Programa de Gest\u00e3o e Desempenho<\/a><\/strong> (Publica\u00e7\u00e3o ENAP)<\/p>\n\n\n\n<p><\/p>\n\n\n\n<p class=\"has-black-color has-text-color\" style=\"font-size:17px\">&gt;&gt; Para maiores informa\u00e7\u00f5es, acesse <a href=\"https:\/\/docs.google.com\/spreadsheets\/d\/1Et2Tt8fhYMI1RHVCAi5OcgqVKel39x9QfhURkU9K8xA\/edit?gid=1546648711#gid=1546648711\" target=\"_blank\" aria-label=\" (opens in a new tab)\" rel=\"noreferrer noopener\" class=\"ek-link\">aqui<\/a>.<\/p>\n","protected":false},"excerpt":{"rendered":"<p>&gt; Teletrabalho e Educa\u00e7\u00e3o a Dist\u00e2ncia (carga hor\u00e1ria: 8h) &gt; No\u00e7\u00f5es B\u00e1sicas do Trabalho Remoto (carga hor\u00e1ria: 10h) &gt; Ferramentas de Gest\u00e3o no Teletrabalho (PDP) (carga hor\u00e1ria: 13h) &gt; Mindfluness para redu\u00e7\u00e3o de ansiedade no teletrabalho (carga hor\u00e1ria: 15h) &gt; Seguran\u00e7a e Sa\u00fade do Trabalho no Contexto do Teletrabalho (carga hor\u00e1ria: 18h) &gt; Elabora\u00e7\u00e3o de&hellip;<\/p>\n","protected":false},"author":6,"featured_media":0,"parent":0,"menu_order":0,"comment_status":"closed","ping_status":"closed","template":"","meta":{"_editorskit_title_hidden":false,"_editorskit_reading_time":0,"_editorskit_is_block_options_detached":false,"_editorskit_block_options_position":"{}","_monsterinsights_skip_tracking":false,"_monsterinsights_sitenote_active":false,"_monsterinsights_sitenote_note":"","_monsterinsights_sitenote_category":0},"_links":{"self":[{"href":"https:\/\/capacitacaoeggp.vr.uff.br\/index.php?rest_route=\/wp\/v2\/pages\/3135"}],"collection":[{"href":"https:\/\/capacitacaoeggp.vr.uff.br\/index.php?rest_route=\/wp\/v2\/pages"}],"about":[{"href":"https:\/\/capacitacaoeggp.vr.uff.br\/index.php?rest_route=\/wp\/v2\/types\/page"}],"author":[{"embeddable":true,"href":"https:\/\/capacitacaoeggp.vr.uff.br\/index.php?rest_route=\/wp\/v2\/users\/6"}],"replies":[{"embeddable":true,"href":"https:\/\/capacitacaoeggp.vr.uff.br\/index.php?rest_route=%2Fwp%2Fv2%2Fcomments&post=3135"}],"version-history":[{"count":20,"href":"https:\/\/capacitacaoeggp.vr.uff.br\/index.php?rest_route=\/wp\/v2\/pages\/3135\/revisions"}],"predecessor-version":[{"id":3982,"href":"https:\/\/capacitacaoeggp.vr.uff.br\/index.php?rest_route=\/wp\/v2\/pages\/3135\/revisions\/3982"}],"wp:attachment":[{"href":"https:\/\/capacitacaoeggp.vr.uff.br\/index.php?rest_route=%2Fwp%2Fv2%2Fmedia&parent=3135"}],"curies":[{"name":"wp","href":"https:\/\/api.w.org\/{rel}","templated":true}]}}