{"id":317,"date":"2021-08-02T11:09:04","date_gmt":"2021-08-02T14:09:04","guid":{"rendered":"https:\/\/capacitacaoeggp.vr.uff.br\/?page_id=317"},"modified":"2023-02-10T10:12:50","modified_gmt":"2023-02-10T13:12:50","slug":"cursos","status":"publish","type":"page","link":"https:\/\/capacitacaoeggp.vr.uff.br\/?page_id=317","title":{"rendered":"Cursos"},"content":{"rendered":"\n<hr class=\"wp-block-separator is-style-wide\" \/>\n\n\n\n<p class=\"has-text-align-center\" style=\"font-size:18px\">&gt;&gt; <a aria-label=\"P\u00f3s-Gradua\u00e7\u00e3o (opens in a new tab)\" href=\"https:\/\/capacitacaoeggp.vr.uff.br\/?page_id=319\" target=\"_blank\" rel=\"noreferrer noopener\" class=\"ek-link\">P\u00f3s-Gradua\u00e7\u00e3o<\/a> <\/p>\n\n\n\n<p class=\"has-text-align-center\" style=\"font-size:18px\">(<em><a aria-label=\"Lato Sensu (opens in a new tab)\" href=\"https:\/\/capacitacaoeggp.vr.uff.br\/?page_id=1267\" target=\"_blank\" rel=\"noreferrer noopener\" class=\"ek-link\">Lato Sensu<\/a><\/em> \/ <em><a aria-label=\"Stricto Sensu (opens in a new tab)\" href=\"https:\/\/capacitacaoeggp.vr.uff.br\/?page_id=1264\" target=\"_blank\" rel=\"noreferrer noopener\" class=\"ek-link\">Stricto Sensu<\/a><\/em>)<\/p>\n\n\n\n<hr class=\"wp-block-separator is-style-wide\" \/>\n\n\n\n<p class=\"has-text-align-center\" style=\"font-size:18px\">&gt;&gt; <a aria-label=\"Docentes, Gestores e T\u00e9cnicos (opens in a new tab)\" href=\"https:\/\/capacitacaoeggp.vr.uff.br\/?page_id=106\" target=\"_blank\" rel=\"noreferrer noopener\" class=\"ek-link\">Capacita\u00e7\u00e3o<\/a><\/p>\n\n\n\n<hr class=\"wp-block-separator is-style-wide\" \/>\n\n\n\n<p class=\"has-text-align-center\" style=\"font-size:18px\">&gt;&gt;<a aria-label=\" In\u00edcio imediato (opens in a new tab)\" href=\"https:\/\/capacitacaoeggp.vr.uff.br\/?page_id=1027\" target=\"_blank\" rel=\"noreferrer noopener\" class=\"ek-link\"> In\u00edcio imediato<\/a><\/p>\n\n\n\n<hr class=\"wp-block-separator is-style-wide\" \/>\n","protected":false},"excerpt":{"rendered":"<p>&gt;&gt; P\u00f3s-Gradua\u00e7\u00e3o (Lato Sensu \/ Stricto Sensu) &gt;&gt; Capacita\u00e7\u00e3o &gt;&gt; In\u00edcio imediato<\/p>\n","protected":false},"author":2,"featured_media":353,"parent":102,"menu_order":0,"comment_status":"closed","ping_status":"closed","template":"","meta":{"_editorskit_title_hidden":false,"_editorskit_reading_time":1,"_editorskit_is_block_options_detached":false,"_editorskit_block_options_position":"{}","_monsterinsights_skip_tracking":false,"_monsterinsights_sitenote_active":false,"_monsterinsights_sitenote_note":"","_monsterinsights_sitenote_category":0},"_links":{"self":[{"href":"https:\/\/capacitacaoeggp.vr.uff.br\/index.php?rest_route=\/wp\/v2\/pages\/317"}],"collection":[{"href":"https:\/\/capacitacaoeggp.vr.uff.br\/index.php?rest_route=\/wp\/v2\/pages"}],"about":[{"href":"https:\/\/capacitacaoeggp.vr.uff.br\/index.php?rest_route=\/wp\/v2\/types\/page"}],"author":[{"embeddable":true,"href":"https:\/\/capacitacaoeggp.vr.uff.br\/index.php?rest_route=\/wp\/v2\/users\/2"}],"replies":[{"embeddable":true,"href":"https:\/\/capacitacaoeggp.vr.uff.br\/index.php?rest_route=%2Fwp%2Fv2%2Fcomments&post=317"}],"version-history":[{"count":27,"href":"https:\/\/capacitacaoeggp.vr.uff.br\/index.php?rest_route=\/wp\/v2\/pages\/317\/revisions"}],"predecessor-version":[{"id":2160,"href":"https:\/\/capacitacaoeggp.vr.uff.br\/index.php?rest_route=\/wp\/v2\/pages\/317\/revisions\/2160"}],"up":[{"embeddable":true,"href":"https:\/\/capacitacaoeggp.vr.uff.br\/index.php?rest_route=\/wp\/v2\/pages\/102"}],"wp:featuredmedia":[{"embeddable":true,"href":"https:\/\/capacitacaoeggp.vr.uff.br\/index.php?rest_route=\/wp\/v2\/media\/353"}],"wp:attachment":[{"href":"https:\/\/capacitacaoeggp.vr.uff.br\/index.php?rest_route=%2Fwp%2Fv2%2Fmedia&parent=317"}],"curies":[{"name":"wp","href":"https:\/\/api.w.org\/{rel}","templated":true}]}}