{"id":323,"date":"2021-08-02T11:12:56","date_gmt":"2021-08-02T14:12:56","guid":{"rendered":"https:\/\/capacitacaoeggp.vr.uff.br\/?page_id=323"},"modified":"2022-11-01T10:14:30","modified_gmt":"2022-11-01T13:14:30","slug":"cursos-gestores","status":"publish","type":"page","link":"https:\/\/capacitacaoeggp.vr.uff.br\/?page_id=323","title":{"rendered":"Gestores"},"content":{"rendered":"\n<p style=\"font-size:18px\"><strong>Inscri\u00e7\u00f5es abertas!<\/strong><\/p>\n\n\n\n<ul class=\"is-style-arrow has-vivid-cyan-blue-color has-text-color has-vivid-cyan-blue-color\"><li> <\/li><\/ul>\n\n\n\n<p><\/p>\n\n\n\n<p><\/p>\n\n\n\n<p><\/p>\n\n\n\n<p><\/p>\n\n\n\n<hr class=\"wp-block-separator is-style-wide\" \/>\n\n\n\n<hr class=\"wp-block-separator is-style-wide\" \/>\n\n\n\n<p style=\"font-size:18px\"><strong>Ofertas anteriores:<\/strong><\/p>\n\n\n\n<p><\/p>\n\n\n\n<p style=\"font-size:14px\">&gt;&gt; <a aria-label=\"An\u00e1lise Estat\u00edstica Descritiva com Uso do R (ENAP) (opens in a new tab)\" href=\"https:\/\/capacitacaoeggp.vr.uff.br\/?p=1679\" target=\"_blank\" rel=\"noreferrer noopener\" class=\"ek-link\">An\u00e1lise Estat\u00edstica Descritiva com Uso do R (ENAP)<\/a><\/p>\n\n\n\n<p style=\"font-size:14px\">&gt;&gt;<a aria-label=\" Descomplicando o Classroom e Produzindo Videoaulas (opens in a new tab)\" href=\"https:\/\/capacitacaoeggp.vr.uff.br\/?page_id=398\" target=\"_blank\" rel=\"noreferrer noopener\" class=\"ek-link\"> Descomplicando o Classroom e Produzindo Videoaulas<\/a><\/p>\n\n\n\n<p style=\"font-size:14px\">&gt;&gt; <a aria-label=\"Direito Administrativo B\u00e1sico (opens in a new tab)\" href=\"https:\/\/capacitacaoeggp.vr.uff.br\/?p=1704\" target=\"_blank\" rel=\"noreferrer noopener\" class=\"ek-link\">Direito Administrativo B\u00e1sico<\/a><\/p>\n\n\n\n<p style=\"font-size:14px\">&gt;&gt; <a aria-label=\"Direito Administrativo Avan\u00e7ado (opens in a new tab)\" href=\"https:\/\/capacitacaoeggp.vr.uff.br\/?page_id=444\" target=\"_blank\" rel=\"noreferrer noopener\" class=\"ek-link\">Direito Administrativo Avan\u00e7ado<\/a><\/p>\n\n\n\n<p style=\"font-size:14px\">&gt;&gt; <a aria-label=\" Dominando a Gest\u00e3o de Projetos (ENAP) (opens in a new tab)\" href=\"https:\/\/capacitacaoeggp.vr.uff.br\/?p=1547\" target=\"_blank\" rel=\"noreferrer noopener\" class=\"ek-link\">Dominando a Gest\u00e3o de Projetos (ENAP)<\/a><\/p>\n\n\n\n<p style=\"font-size:14px\">&gt;&gt; <a aria-label=\"Gest\u00e3o de Unidades Acad\u00eamicas da UFF: Estrutura Organizacional, Sistemas e Rotinas (opens in a new tab)\" href=\"https:\/\/capacitacaoeggp.vr.uff.br\/?page_id=447\" target=\"_blank\" rel=\"noreferrer noopener\" class=\"ek-link\">Gest\u00e3o de Unidades Acad\u00eamicas da UFF: Estrutura Organizacional, Sistemas e Rotinas<\/a><\/p>\n\n\n\n<p style=\"font-size:14px\">&gt;&gt;<a aria-label=\" Governan\u00e7a e Gest\u00e3o de Riscos (opens in a new tab)\" href=\"https:\/\/capacitacaoeggp.vr.uff.br\/?page_id=450\" target=\"_blank\" rel=\"noreferrer noopener\" class=\"ek-link\"> Governan\u00e7a e Gest\u00e3o de Riscos<\/a><\/p>\n\n\n\n<p style=\"font-size:14px\">&gt;&gt;  <a aria-label=\"Iniciando o Servi\u00e7o P\u00fablico na UFF (autoinstrucional) (opens in a new tab)\" href=\"https:\/\/capacitacaoeggp.vr.uff.br\/?p=1712\" target=\"_blank\" rel=\"noreferrer noopener\" class=\"ek-link\">Iniciando o Servi\u00e7o P\u00fablico na UFF (autoinstrucional)<\/a><\/p>\n\n\n\n<p style=\"font-size:14px\">&gt;&gt; <a aria-label=\"Introdu\u00e7\u00e3o ao EaD e Produ\u00e7\u00e3o de Conte\u00fado Did\u00e1tico (opens in a new tab)\" href=\"https:\/\/capacitacaoeggp.vr.uff.br\/?page_id=473\" target=\"_blank\" rel=\"noreferrer noopener\" class=\"ek-link\">Introdu\u00e7\u00e3o ao EaD e Produ\u00e7\u00e3o de Conte\u00fado Did\u00e1tico<\/a><\/p>\n\n\n\n<p style=\"font-size:14px\">&gt;&gt; <a aria-label=\"Planejamento PDU - Plano de Desenvolvimento de Unidades (opens in a new tab)\" href=\"https:\/\/capacitacaoeggp.vr.uff.br\/?page_id=475\" target=\"_blank\" rel=\"noreferrer noopener\" class=\"ek-link\">Planejamento PDU &#8211; Plano de Desenvolvimento de Unidades<\/a> <\/p>\n\n\n\n<p style=\"font-size:14px\">&gt;&gt; <a aria-label=\"Praticando a Gest\u00e3o e Fiscaliza\u00e7\u00e3o de Contratos Administrativos (ENAP) (opens in a new tab)\" href=\"https:\/\/capacitacaoeggp.vr.uff.br\/?p=1683\" target=\"_blank\" rel=\"noreferrer noopener\" class=\"ek-link\">Praticando a Gest\u00e3o e Fiscaliza\u00e7\u00e3o de Contratos Administrativos (ENAP)<\/a><\/p>\n\n\n\n<p style=\"font-size:14px\">&gt;&gt; <a aria-label=\"Princ\u00edpios da Educa\u00e7\u00e3o On-line (opens in a new tab)\" href=\"https:\/\/capacitacaoeggp.vr.uff.br\/?page_id=477\" target=\"_blank\" rel=\"noreferrer noopener\" class=\"ek-link\">Princ\u00edpios da Educa\u00e7\u00e3o On-line<\/a><\/p>\n\n\n\n<p style=\"font-size:14px\">&gt;&gt; <a href=\"https:\/\/capacitacaoeggp.vr.uff.br\/?p=1812\" target=\"_blank\" aria-label=\"Uso do SEI - UFF (opens in a new tab)\" rel=\"noreferrer noopener\" class=\"ek-link\">Uso do SEI &#8211; UFF<\/a><\/p>\n\n\n\n<p><\/p>\n\n\n\n<div class=\"wp-block-query is-layout-flow\"><ul class=\"is-flex-container columns-3 wp-block-post-template is-layout-flow\"><li class=\"wp-block-post post-475 page type-page status-publish has-post-thumbnail hentry\"><\/li><li class=\"wp-block-post post-450 page type-page status-publish has-post-thumbnail hentry\"><\/li><li class=\"wp-block-post post-447 page type-page status-publish has-post-thumbnail hentry\"><\/li><li class=\"wp-block-post post-323 page type-page status-publish hentry\"><\/li><\/ul><\/div>\n\n\n\n<p><\/p>\n","protected":false},"excerpt":{"rendered":"<p>Inscri\u00e7\u00f5es abertas! Ofertas anteriores: &gt;&gt; An\u00e1lise Estat\u00edstica Descritiva com Uso do R (ENAP) &gt;&gt; Descomplicando o Classroom e Produzindo Videoaulas &gt;&gt; Direito Administrativo B\u00e1sico &gt;&gt; Direito Administrativo Avan\u00e7ado &gt;&gt; Dominando a Gest\u00e3o de Projetos (ENAP) &gt;&gt; Gest\u00e3o de Unidades Acad\u00eamicas da UFF: Estrutura Organizacional, Sistemas e Rotinas &gt;&gt; Governan\u00e7a e Gest\u00e3o de Riscos &gt;&gt; Iniciando&hellip;<\/p>\n","protected":false},"author":2,"featured_media":0,"parent":317,"menu_order":0,"comment_status":"closed","ping_status":"closed","template":"","meta":{"_editorskit_title_hidden":false,"_editorskit_reading_time":1,"_editorskit_is_block_options_detached":false,"_editorskit_block_options_position":"{}","_monsterinsights_skip_tracking":false,"_monsterinsights_sitenote_active":false,"_monsterinsights_sitenote_note":"","_monsterinsights_sitenote_category":0},"_links":{"self":[{"href":"https:\/\/capacitacaoeggp.vr.uff.br\/index.php?rest_route=\/wp\/v2\/pages\/323"}],"collection":[{"href":"https:\/\/capacitacaoeggp.vr.uff.br\/index.php?rest_route=\/wp\/v2\/pages"}],"about":[{"href":"https:\/\/capacitacaoeggp.vr.uff.br\/index.php?rest_route=\/wp\/v2\/types\/page"}],"author":[{"embeddable":true,"href":"https:\/\/capacitacaoeggp.vr.uff.br\/index.php?rest_route=\/wp\/v2\/users\/2"}],"replies":[{"embeddable":true,"href":"https:\/\/capacitacaoeggp.vr.uff.br\/index.php?rest_route=%2Fwp%2Fv2%2Fcomments&post=323"}],"version-history":[{"count":39,"href":"https:\/\/capacitacaoeggp.vr.uff.br\/index.php?rest_route=\/wp\/v2\/pages\/323\/revisions"}],"predecessor-version":[{"id":2035,"href":"https:\/\/capacitacaoeggp.vr.uff.br\/index.php?rest_route=\/wp\/v2\/pages\/323\/revisions\/2035"}],"up":[{"embeddable":true,"href":"https:\/\/capacitacaoeggp.vr.uff.br\/index.php?rest_route=\/wp\/v2\/pages\/317"}],"wp:attachment":[{"href":"https:\/\/capacitacaoeggp.vr.uff.br\/index.php?rest_route=%2Fwp%2Fv2%2Fmedia&parent=323"}],"curies":[{"name":"wp","href":"https:\/\/api.w.org\/{rel}","templated":true}]}}