{"id":3543,"date":"2025-03-12T10:12:15","date_gmt":"2025-03-12T13:12:15","guid":{"rendered":"https:\/\/capacitacaoeggp.vr.uff.br\/?page_id=3543"},"modified":"2025-03-12T10:16:35","modified_gmt":"2025-03-12T13:16:35","slug":"relatorio-2024","status":"publish","type":"page","link":"https:\/\/capacitacaoeggp.vr.uff.br\/?page_id=3543","title":{"rendered":"Relat\u00f3rio 2024"},"content":{"rendered":"\n<p>O presente relat\u00f3rio de gest\u00e3o apresenta de forma compacta dados quantitativos e qualitativos sobre a execu\u00e7\u00e3o financeira e estrat\u00e9gica do <a href=\"https:\/\/capacitacaoeggp.vr.uff.br\/wp-content\/uploads\/2024\/03\/Plano-de-Desenvolvimento-de-Pessoas-2024-1.pdf\" class=\"ek-link\">Plano de Desenvolvimento de Pessoas de 2024.<\/a><\/p>\n\n\n\n<div class=\"wp-block-file\"><a id=\"wp-block-file--media-e0437661-0a66-4bc3-9008-b61005ff5b38\" href=\"https:\/\/capacitacaoeggp.vr.uff.br\/wp-content\/uploads\/2025\/03\/Relatorio-de-Gestao-2024-EGGP.pdf\" target=\"_blank\" rel=\"noreferrer noopener\">Relatorio-de-Gestao-2024-EGGP<\/a><a href=\"https:\/\/capacitacaoeggp.vr.uff.br\/wp-content\/uploads\/2025\/03\/Relatorio-de-Gestao-2024-EGGP.pdf\" class=\"wp-block-file__button wp-element-button\" download aria-describedby=\"wp-block-file--media-e0437661-0a66-4bc3-9008-b61005ff5b38\">Baixar<\/a><\/div>\n","protected":false},"excerpt":{"rendered":"<p>O presente relat\u00f3rio de gest\u00e3o apresenta de forma compacta dados quantitativos e qualitativos sobre a execu\u00e7\u00e3o financeira e estrat\u00e9gica do Plano de Desenvolvimento de Pessoas de 2024.<\/p>\n","protected":false},"author":3,"featured_media":0,"parent":0,"menu_order":0,"comment_status":"closed","ping_status":"closed","template":"","meta":{"_editorskit_title_hidden":false,"_editorskit_reading_time":0,"_editorskit_is_block_options_detached":false,"_editorskit_block_options_position":"{}","_monsterinsights_skip_tracking":false,"_monsterinsights_sitenote_active":false,"_monsterinsights_sitenote_note":"","_monsterinsights_sitenote_category":0},"_links":{"self":[{"href":"https:\/\/capacitacaoeggp.vr.uff.br\/index.php?rest_route=\/wp\/v2\/pages\/3543"}],"collection":[{"href":"https:\/\/capacitacaoeggp.vr.uff.br\/index.php?rest_route=\/wp\/v2\/pages"}],"about":[{"href":"https:\/\/capacitacaoeggp.vr.uff.br\/index.php?rest_route=\/wp\/v2\/types\/page"}],"author":[{"embeddable":true,"href":"https:\/\/capacitacaoeggp.vr.uff.br\/index.php?rest_route=\/wp\/v2\/users\/3"}],"replies":[{"embeddable":true,"href":"https:\/\/capacitacaoeggp.vr.uff.br\/index.php?rest_route=%2Fwp%2Fv2%2Fcomments&post=3543"}],"version-history":[{"count":2,"href":"https:\/\/capacitacaoeggp.vr.uff.br\/index.php?rest_route=\/wp\/v2\/pages\/3543\/revisions"}],"predecessor-version":[{"id":3549,"href":"https:\/\/capacitacaoeggp.vr.uff.br\/index.php?rest_route=\/wp\/v2\/pages\/3543\/revisions\/3549"}],"wp:attachment":[{"href":"https:\/\/capacitacaoeggp.vr.uff.br\/index.php?rest_route=%2Fwp%2Fv2%2Fmedia&parent=3543"}],"curies":[{"name":"wp","href":"https:\/\/api.w.org\/{rel}","templated":true}]}}