{"id":3558,"date":"2025-03-18T10:19:28","date_gmt":"2025-03-18T13:19:28","guid":{"rendered":"https:\/\/capacitacaoeggp.vr.uff.br\/?page_id=3558"},"modified":"2026-02-20T14:00:33","modified_gmt":"2026-02-20T17:00:33","slug":"transparencia-2025","status":"publish","type":"page","link":"https:\/\/capacitacaoeggp.vr.uff.br\/?page_id=3558","title":{"rendered":"Transpar\u00eancia 2025"},"content":{"rendered":"\n<p>A Universidade Federal Fluminense por meio da Pr\u00f3-Reitoria de Gest\u00e3o de Pessoas (PROGEPE) delega \u00e0 Escola de Governan\u00e7a em Gest\u00e3o P\u00fablica (EGGP) o planejamento e a execu\u00e7\u00e3o do Plano de Desenvolvimento de Pessoas (PDP) 2025.<br>Desta forma, a EGGP vem dar publicidade \u00e0s despesas mensais com a\u00e7\u00f5es de desenvolvimento executadas, conforme previsto no&nbsp;<a href=\"https:\/\/www.in.gov.br\/en\/web\/dou\/-\/instrucao-normativa-sgp-enap\/sedgg\/me-n-21-de-1-de-fevereiro-de-2021-302021570\">art.18 da Instru\u00e7\u00e3o Normativa SGP-ENAP\/SEDGG\/ME n\u00ba 21, de 1\u00ba de Fevereiro de 2021.<\/a><\/p>\n\n\n\n<hr class=\"wp-block-separator has-alpha-channel-opacity is-style-wide\" \/>\n\n\n\n<h2 class=\"wp-block-heading\">Janeiro<\/h2>\n\n\n\n<div class=\"wp-block-file\"><a id=\"wp-block-file--media-2b329e7c-3b03-43f9-87b0-7faaf6232b82\" href=\"https:\/\/capacitacaoeggp.vr.uff.br\/wp-content\/uploads\/2025\/04\/Afastamentos-e-Licencas-Janeiro-2025.pdf\" target=\"_blank\" rel=\"noreferrer noopener\">Afastamentos-e-Licencas-Janeiro-2025<\/a><a href=\"https:\/\/capacitacaoeggp.vr.uff.br\/wp-content\/uploads\/2025\/04\/Afastamentos-e-Licencas-Janeiro-2025.pdf\" class=\"wp-block-file__button wp-element-button\" download aria-describedby=\"wp-block-file--media-2b329e7c-3b03-43f9-87b0-7faaf6232b82\">Baixar<\/a><\/div>\n\n\n\n<hr class=\"wp-block-separator has-alpha-channel-opacity is-style-wide\" \/>\n\n\n\n<h2 class=\"wp-block-heading\">Fevereiro<\/h2>\n\n\n\n<div class=\"wp-block-file\"><a id=\"wp-block-file--media-e8467b13-804a-4a44-9a9a-d3693fb25885\" href=\"https:\/\/capacitacaoeggp.vr.uff.br\/wp-content\/uploads\/2025\/04\/Afastamentos-e-Licencas-Fevereiro-2025.pdf\" target=\"_blank\" rel=\"noreferrer noopener\">Afastamentos-e-Licencas-Fevereiro-2025<\/a><a href=\"https:\/\/capacitacaoeggp.vr.uff.br\/wp-content\/uploads\/2025\/04\/Afastamentos-e-Licencas-Fevereiro-2025.pdf\" class=\"wp-block-file__button wp-element-button\" download aria-describedby=\"wp-block-file--media-e8467b13-804a-4a44-9a9a-d3693fb25885\">Baixar<\/a><\/div>\n\n\n\n<hr class=\"wp-block-separator has-alpha-channel-opacity is-style-wide\" \/>\n\n\n\n<h2 class=\"wp-block-heading\">Mar\u00e7o<\/h2>\n\n\n\n<div class=\"wp-block-file\"><a id=\"wp-block-file--media-c252fa80-d65a-44c6-bd80-d1fe6f34283e\" href=\"https:\/\/capacitacaoeggp.vr.uff.br\/wp-content\/uploads\/2025\/04\/Afastamentos-e-Licencas-Marco-2025.pdf\" target=\"_blank\" rel=\"noreferrer noopener\">Afastamentos-e-Licencas-Marco-2025<\/a><a href=\"https:\/\/capacitacaoeggp.vr.uff.br\/wp-content\/uploads\/2025\/04\/Afastamentos-e-Licencas-Marco-2025.pdf\" class=\"wp-block-file__button wp-element-button\" download aria-describedby=\"wp-block-file--media-c252fa80-d65a-44c6-bd80-d1fe6f34283e\">Baixar<\/a><\/div>\n\n\n\n<div class=\"wp-block-file\"><a id=\"wp-block-file--media-b080f0e8-9f64-40d4-8713-b18f3ad2d717\" href=\"https:\/\/capacitacaoeggp.vr.uff.br\/wp-content\/uploads\/2025\/04\/Cursos-Marco-2025.pdf\" target=\"_blank\" rel=\"noreferrer noopener\">Cursos-Marco-2025<\/a><a href=\"https:\/\/capacitacaoeggp.vr.uff.br\/wp-content\/uploads\/2025\/04\/Cursos-Marco-2025.pdf\" class=\"wp-block-file__button wp-element-button\" download aria-describedby=\"wp-block-file--media-b080f0e8-9f64-40d4-8713-b18f3ad2d717\"><\/a><\/div>\n\n\n\n<hr class=\"wp-block-separator has-alpha-channel-opacity is-style-wide\" \/>\n\n\n\n<h2 class=\"wp-block-heading\">Abril<\/h2>\n\n\n\n<div class=\"wp-block-file\"><a id=\"wp-block-file--media-29ddf98e-e5cd-45f8-a2db-5650dcbb599c\" href=\"https:\/\/capacitacaoeggp.vr.uff.br\/wp-content\/uploads\/2025\/06\/Afastamentos-e-Licencas-para-capacitacao-Abril-de-2025.pdf\" target=\"_blank\" rel=\"noreferrer noopener\">Afastamentos-e-Licencas-para-capacitacao-Abril-de-2025<\/a><a href=\"https:\/\/capacitacaoeggp.vr.uff.br\/wp-content\/uploads\/2025\/06\/Afastamentos-e-Licencas-para-capacitacao-Abril-de-2025.pdf\" class=\"wp-block-file__button wp-element-button\" download aria-describedby=\"wp-block-file--media-29ddf98e-e5cd-45f8-a2db-5650dcbb599c\">Baixar<\/a><\/div>\n\n\n\n<div class=\"wp-block-file\"><a id=\"wp-block-file--media-f2d271a7-5ac5-4cff-b13c-aea5adcfd16a\" href=\"https:\/\/capacitacaoeggp.vr.uff.br\/wp-content\/uploads\/2025\/08\/Cursos-Abril-2025.pdf\" target=\"_blank\" rel=\"noreferrer noopener\">Cursos-Abril-2025<\/a><a href=\"https:\/\/capacitacaoeggp.vr.uff.br\/wp-content\/uploads\/2025\/08\/Cursos-Abril-2025.pdf\" class=\"wp-block-file__button wp-element-button\" download aria-describedby=\"wp-block-file--media-f2d271a7-5ac5-4cff-b13c-aea5adcfd16a\">Baixar<\/a><\/div>\n\n\n\n<hr class=\"wp-block-separator has-alpha-channel-opacity is-style-wide\" \/>\n\n\n\n<h2 class=\"wp-block-heading\">Maio<\/h2>\n\n\n\n<div class=\"wp-block-file\"><a id=\"wp-block-file--media-535a64f5-7cc5-4ae2-8d8e-2935a74a8726\" href=\"https:\/\/capacitacaoeggp.vr.uff.br\/wp-content\/uploads\/2025\/07\/Afastamentos-e-Licencas-maio-de-2025.pdf\" target=\"_blank\" rel=\"noreferrer noopener\">Afastamentos-e-Licencas-maio-de-2025<\/a><a href=\"https:\/\/capacitacaoeggp.vr.uff.br\/wp-content\/uploads\/2025\/07\/Afastamentos-e-Licencas-maio-de-2025.pdf\" class=\"wp-block-file__button wp-element-button\" download aria-describedby=\"wp-block-file--media-535a64f5-7cc5-4ae2-8d8e-2935a74a8726\">Baixar<\/a><\/div>\n\n\n\n<div class=\"wp-block-file\"><a id=\"wp-block-file--media-612a5cbb-6367-4365-853a-9740cd952718\" href=\"https:\/\/capacitacaoeggp.vr.uff.br\/wp-content\/uploads\/2025\/06\/Apoio-a-Iniciativas-de-Capacitacao-e-Cursos-Maio-de-2025-1.pdf\" target=\"_blank\" rel=\"noreferrer noopener\">Apoio-a-Iniciativas-de-Capacitacao-e-Cursos-Maio-de-2025-1<\/a><a href=\"https:\/\/capacitacaoeggp.vr.uff.br\/wp-content\/uploads\/2025\/06\/Apoio-a-Iniciativas-de-Capacitacao-e-Cursos-Maio-de-2025-1.pdf\" class=\"wp-block-file__button wp-element-button\" download aria-describedby=\"wp-block-file--media-612a5cbb-6367-4365-853a-9740cd952718\">Baixar<\/a><\/div>\n\n\n\n<hr class=\"wp-block-separator has-alpha-channel-opacity is-style-wide\" \/>\n\n\n\n<h2 class=\"wp-block-heading\">Junho<\/h2>\n\n\n\n<div class=\"wp-block-file\"><a id=\"wp-block-file--media-e3bb4411-6626-45d9-9df1-eac2e9cc79fd\" href=\"https:\/\/capacitacaoeggp.vr.uff.br\/wp-content\/uploads\/2025\/07\/Afastamentos-e-Licencas-junho-de-2025.pdf\" target=\"_blank\" rel=\"noreferrer noopener\">Afastamentos-e-Licencas-junho-de-2025<\/a><a href=\"https:\/\/capacitacaoeggp.vr.uff.br\/wp-content\/uploads\/2025\/07\/Afastamentos-e-Licencas-junho-de-2025.pdf\" class=\"wp-block-file__button wp-element-button\" download aria-describedby=\"wp-block-file--media-e3bb4411-6626-45d9-9df1-eac2e9cc79fd\">Baixar<\/a><\/div>\n\n\n\n<div class=\"wp-block-file\"><a id=\"wp-block-file--media-da76ca03-4b98-4ac3-8821-be057713f4bb\" href=\"https:\/\/capacitacaoeggp.vr.uff.br\/wp-content\/uploads\/2025\/08\/Apoio-a-Iniciativas-de-Capacitacao-e-Cursos-Junho-2025.pdf\" target=\"_blank\" rel=\"noreferrer noopener\">Apoio-a-Iniciativas-de-Capacitacao-e-Cursos-Junho-2025<\/a><a href=\"https:\/\/capacitacaoeggp.vr.uff.br\/wp-content\/uploads\/2025\/08\/Apoio-a-Iniciativas-de-Capacitacao-e-Cursos-Junho-2025.pdf\" class=\"wp-block-file__button wp-element-button\" download aria-describedby=\"wp-block-file--media-da76ca03-4b98-4ac3-8821-be057713f4bb\">Baixar<\/a><\/div>\n\n\n\n<div class=\"wp-block-file\"><a id=\"wp-block-file--media-0a882fc7-e3bf-43be-8c6e-c087aab4ce0a\" href=\"https:\/\/capacitacaoeggp.vr.uff.br\/wp-content\/uploads\/2025\/07\/Programa-de-Qualificacao-Institucional-01-2025.pdf\" target=\"_blank\" rel=\"noreferrer noopener\">Programa-de-Qualificacao-Institucional-01-2025<\/a><a href=\"https:\/\/capacitacaoeggp.vr.uff.br\/wp-content\/uploads\/2025\/07\/Programa-de-Qualificacao-Institucional-01-2025.pdf\" class=\"wp-block-file__button wp-element-button\" download aria-describedby=\"wp-block-file--media-0a882fc7-e3bf-43be-8c6e-c087aab4ce0a\">Baixar<\/a><\/div>\n\n\n\n<hr class=\"wp-block-separator has-alpha-channel-opacity is-style-wide\" \/>\n\n\n\n<h2 class=\"wp-block-heading\">Julho<\/h2>\n\n\n\n<div class=\"wp-block-file\"><a id=\"wp-block-file--media-7269dcad-8d03-40d6-b9b3-7438e1861050\" href=\"https:\/\/capacitacaoeggp.vr.uff.br\/wp-content\/uploads\/2025\/08\/Afastamentos-e-Licencas-julho-de-2025.pdf\" target=\"_blank\" rel=\"noreferrer noopener\">Afastamentos-e-Licencas-julho-de-2025<\/a><a href=\"https:\/\/capacitacaoeggp.vr.uff.br\/wp-content\/uploads\/2025\/08\/Afastamentos-e-Licencas-julho-de-2025.pdf\" class=\"wp-block-file__button wp-element-button\" download aria-describedby=\"wp-block-file--media-7269dcad-8d03-40d6-b9b3-7438e1861050\">Baixar<\/a><\/div>\n\n\n\n<div class=\"wp-block-file\"><a id=\"wp-block-file--media-79ffc26c-a93e-4140-b5d4-16dc633ba19d\" href=\"https:\/\/capacitacaoeggp.vr.uff.br\/wp-content\/uploads\/2025\/08\/Apoio_a_Iniciativas_de_Capacitacao_e_Cursos_-_julho_de_2025_assinado.pdf\" target=\"_blank\" rel=\"noreferrer noopener\">Apoio_a_Iniciativas_de_Capacitacao_e_Cursos_-_julho_de_2025_assinado<\/a><a href=\"https:\/\/capacitacaoeggp.vr.uff.br\/wp-content\/uploads\/2025\/08\/Apoio_a_Iniciativas_de_Capacitacao_e_Cursos_-_julho_de_2025_assinado.pdf\" class=\"wp-block-file__button wp-element-button\" download aria-describedby=\"wp-block-file--media-79ffc26c-a93e-4140-b5d4-16dc633ba19d\">Baixar<\/a><\/div>\n\n\n\n<hr class=\"wp-block-separator has-alpha-channel-opacity is-style-wide\" \/>\n\n\n\n<h2 class=\"wp-block-heading\">Agosto<\/h2>\n\n\n\n<div class=\"wp-block-file\"><a id=\"wp-block-file--media-68681365-f8c1-4571-a55f-4e9ca78f43f7\" href=\"https:\/\/capacitacaoeggp.vr.uff.br\/wp-content\/uploads\/2025\/12\/Afastamentos-e-Licencas-Agosto-de-2025.pdf\" target=\"_blank\" rel=\"noreferrer noopener\">Afastamentos-e-Licencas-Agosto-de-2025<\/a><a href=\"https:\/\/capacitacaoeggp.vr.uff.br\/wp-content\/uploads\/2025\/12\/Afastamentos-e-Licencas-Agosto-de-2025.pdf\" class=\"wp-block-file__button wp-element-button\" download aria-describedby=\"wp-block-file--media-68681365-f8c1-4571-a55f-4e9ca78f43f7\">Baixar<\/a><\/div>\n\n\n\n<div class=\"wp-block-file\"><a id=\"wp-block-file--media-26a0e35b-9b3c-4449-b56b-9616cb3dbc55\" href=\"https:\/\/capacitacaoeggp.vr.uff.br\/wp-content\/uploads\/2025\/09\/Apoio-a-Iniciativas-de-Capacitacao-AIC-e-Cursos-agosto-2025.pdf\" target=\"_blank\" rel=\"noreferrer noopener\">Apoio-a-Iniciativas-de-Capacitacao-AIC-e-Cursos-agosto-2025<\/a><a href=\"https:\/\/capacitacaoeggp.vr.uff.br\/wp-content\/uploads\/2025\/09\/Apoio-a-Iniciativas-de-Capacitacao-AIC-e-Cursos-agosto-2025.pdf\" class=\"wp-block-file__button wp-element-button\" download aria-describedby=\"wp-block-file--media-26a0e35b-9b3c-4449-b56b-9616cb3dbc55\">Baixar<\/a><\/div>\n\n\n\n<hr class=\"wp-block-separator has-alpha-channel-opacity is-style-wide\" \/>\n\n\n\n<h2 class=\"wp-block-heading\">Setembro<\/h2>\n\n\n\n<div class=\"wp-block-file\"><a id=\"wp-block-file--media-5f779610-b593-4889-84bd-56953ddf2c58\" href=\"https:\/\/capacitacaoeggp.vr.uff.br\/wp-content\/uploads\/2025\/12\/Afastamentos-e-Licencas-Setembro-de-2025.pdf\" target=\"_blank\" rel=\"noreferrer noopener\">Afastamentos-e-Licencas-Setembro-de-2025<\/a><a href=\"https:\/\/capacitacaoeggp.vr.uff.br\/wp-content\/uploads\/2025\/12\/Afastamentos-e-Licencas-Setembro-de-2025.pdf\" class=\"wp-block-file__button wp-element-button\" download aria-describedby=\"wp-block-file--media-5f779610-b593-4889-84bd-56953ddf2c58\">Baixar<\/a><\/div>\n\n\n\n<div class=\"wp-block-file\"><a id=\"wp-block-file--media-fa1d9759-8eeb-4dae-b095-30ade0793554\" href=\"https:\/\/capacitacaoeggp.vr.uff.br\/wp-content\/uploads\/2025\/10\/Apoio-a-Iniciativas-de-Capacitacao-e-Cursos-Setembro-de-2025.pdf\" target=\"_blank\" rel=\"noreferrer noopener\">Apoio-a-Iniciativas-de-Capacitacao-e-Cursos-Setembro-de-2025<\/a><a href=\"https:\/\/capacitacaoeggp.vr.uff.br\/wp-content\/uploads\/2025\/10\/Apoio-a-Iniciativas-de-Capacitacao-e-Cursos-Setembro-de-2025.pdf\" class=\"wp-block-file__button wp-element-button\" download aria-describedby=\"wp-block-file--media-fa1d9759-8eeb-4dae-b095-30ade0793554\">Baixar<\/a><\/div>\n\n\n\n<hr class=\"wp-block-separator has-alpha-channel-opacity is-style-wide\" \/>\n\n\n\n<h2 class=\"wp-block-heading\">Outubro<\/h2>\n\n\n\n<div class=\"wp-block-file\"><a id=\"wp-block-file--media-5fddc98c-4604-456f-8442-8087fd546df6\" href=\"https:\/\/capacitacaoeggp.vr.uff.br\/wp-content\/uploads\/2025\/12\/Afastamentos-e-Licencas-Outubro-de-2025.pdf\" target=\"_blank\" rel=\"noreferrer noopener\">Afastamentos-e-Licencas-Outubro-de-2025<\/a><a href=\"https:\/\/capacitacaoeggp.vr.uff.br\/wp-content\/uploads\/2025\/12\/Afastamentos-e-Licencas-Outubro-de-2025.pdf\" class=\"wp-block-file__button wp-element-button\" download aria-describedby=\"wp-block-file--media-5fddc98c-4604-456f-8442-8087fd546df6\">Baixar<\/a><\/div>\n\n\n\n<div class=\"wp-block-file\"><a id=\"wp-block-file--media-9a019416-880b-4960-8b2d-a3f572548060\" href=\"https:\/\/capacitacaoeggp.vr.uff.br\/wp-content\/uploads\/2025\/11\/Apoio-a-Iniciativas-de-Capacitacao-AIC-e-Cursos-outubro-de-2025.pdf\" target=\"_blank\" rel=\"noreferrer noopener\">Apoio-a-Iniciativas-de-Capacitacao-AIC-e-Cursos-outubro-de-2025<\/a><a href=\"https:\/\/capacitacaoeggp.vr.uff.br\/wp-content\/uploads\/2025\/11\/Apoio-a-Iniciativas-de-Capacitacao-AIC-e-Cursos-outubro-de-2025.pdf\" class=\"wp-block-file__button wp-element-button\" download aria-describedby=\"wp-block-file--media-9a019416-880b-4960-8b2d-a3f572548060\">Baixar<\/a><\/div>\n\n\n\n<hr class=\"wp-block-separator has-alpha-channel-opacity is-style-wide\" \/>\n\n\n\n<h2 class=\"wp-block-heading\">Novembro<\/h2>\n\n\n\n<div class=\"wp-block-file\"><a id=\"wp-block-file--media-d857e27f-b813-4820-86bf-3b094e966355\" href=\"https:\/\/capacitacaoeggp.vr.uff.br\/wp-content\/uploads\/2025\/12\/Afastamentos-e-Licencas-Novembro-de-2025.pdf\" target=\"_blank\" rel=\"noreferrer noopener\">Afastamentos-e-Licencas-Novembro-de-2025<\/a><a href=\"https:\/\/capacitacaoeggp.vr.uff.br\/wp-content\/uploads\/2025\/12\/Afastamentos-e-Licencas-Novembro-de-2025.pdf\" class=\"wp-block-file__button wp-element-button\" download aria-describedby=\"wp-block-file--media-d857e27f-b813-4820-86bf-3b094e966355\">Baixar<\/a><\/div>\n\n\n\n<div class=\"wp-block-file\"><a id=\"wp-block-file--media-abd5a4fe-6c54-4b74-9af9-f5c9f7e53484\" href=\"https:\/\/capacitacaoeggp.vr.uff.br\/wp-content\/uploads\/2025\/12\/Apoio-a-Iniciativas-de-Capacitacao-e-Cursos-novembro-de-2025.pdf\" target=\"_blank\" rel=\"noreferrer noopener\">Apoio-a-Iniciativas-de-Capacitacao-e-Cursos-novembro-de-2025<\/a><a href=\"https:\/\/capacitacaoeggp.vr.uff.br\/wp-content\/uploads\/2025\/12\/Apoio-a-Iniciativas-de-Capacitacao-e-Cursos-novembro-de-2025.pdf\" class=\"wp-block-file__button wp-element-button\" download aria-describedby=\"wp-block-file--media-abd5a4fe-6c54-4b74-9af9-f5c9f7e53484\">Baixar<\/a><\/div>\n\n\n\n<hr class=\"wp-block-separator has-alpha-channel-opacity is-style-wide\" \/>\n\n\n\n<h2 class=\"wp-block-heading\">Dezembro<\/h2>\n\n\n\n<div class=\"wp-block-file\"><a id=\"wp-block-file--media-f7a64e69-efbb-4146-80db-a42744c14f15\" href=\"https:\/\/capacitacaoeggp.vr.uff.br\/wp-content\/uploads\/2026\/01\/Apoio-a-Iniciativas-de-Capacitacao-e-Cursos-Dezembro-de-2025.pdf\" target=\"_blank\" rel=\"noreferrer noopener\">Apoio-a-Iniciativas-de-Capacitacao-e-Cursos-Dezembro-de-2025<\/a><a href=\"https:\/\/capacitacaoeggp.vr.uff.br\/wp-content\/uploads\/2026\/01\/Apoio-a-Iniciativas-de-Capacitacao-e-Cursos-Dezembro-de-2025.pdf\" class=\"wp-block-file__button wp-element-button\" download aria-describedby=\"wp-block-file--media-f7a64e69-efbb-4146-80db-a42744c14f15\">Baixar<\/a><\/div>\n\n\n\n<div class=\"wp-block-file\"><a id=\"wp-block-file--media-c47ad31a-ed0f-4d75-b934-5b4355350690\" href=\"https:\/\/capacitacaoeggp.vr.uff.br\/wp-content\/uploads\/2026\/02\/Programa-de-Auxilio-Qualificacao-da-UFF-2025.-Relatorio-Final.pdf\" target=\"_blank\" rel=\"noreferrer noopener\">Programa-de-Auxilio-Qualificacao-da-UFF-2025.-Relatorio-Final<\/a><a href=\"https:\/\/capacitacaoeggp.vr.uff.br\/wp-content\/uploads\/2026\/02\/Programa-de-Auxilio-Qualificacao-da-UFF-2025.-Relatorio-Final.pdf\" class=\"wp-block-file__button wp-element-button\" download aria-describedby=\"wp-block-file--media-c47ad31a-ed0f-4d75-b934-5b4355350690\">Baixar<\/a><\/div>\n\n\n\n<div class=\"wp-block-file\"><a id=\"wp-block-file--media-081a7b3c-4814-4834-a913-33acbc252f11\" href=\"https:\/\/capacitacaoeggp.vr.uff.br\/wp-content\/uploads\/2025\/12\/Programa-de-Qualificacao-Institucional-PQI-2\u00b0-semestre.pdf\" target=\"_blank\" rel=\"noreferrer noopener\">Programa-de-Qualificacao-Institucional-PQI-2\u00b0-semestre<\/a><a href=\"https:\/\/capacitacaoeggp.vr.uff.br\/wp-content\/uploads\/2025\/12\/Programa-de-Qualificacao-Institucional-PQI-2\u00b0-semestre.pdf\" class=\"wp-block-file__button wp-element-button\" download aria-describedby=\"wp-block-file--media-081a7b3c-4814-4834-a913-33acbc252f11\">Baixar<\/a><\/div>\n\n\n\n<hr class=\"wp-block-separator has-alpha-channel-opacity\" \/>\n\n\n\n<p class=\"has-text-align-center has-black-color has-text-color\" style=\"font-size:16px\"><a aria-label=\"Resumo das A\u00e7\u00f5es de Capacita\u00e7\u00e3o 2025 (opens in a new tab)\" href=\"https:\/\/app.powerbi.com\/view?r=eyJrIjoiZmYzN2Q0NGYtYTJkOS00YTEwLTlmZTYtM2M1ZWI3ODVjYzVkIiwidCI6ImIyZTE2Mjk3LTJlZDYtNDFiOC1iODIyLWE5NTRlOTViZDJmMCIsImMiOjR9\" target=\"_blank\" rel=\"noreferrer noopener\" class=\"ek-link\">Relat\u00f3rio &#8211; A\u00e7\u00f5es de Capacita\u00e7\u00e3o 2025<\/a><\/p>\n\n\n\n<p class=\"has-text-align-center has-black-color has-text-color\" style=\"font-size:16px\"><a href=\"https:\/\/app.powerbi.com\/view?r=eyJrIjoiODRiZmNkNmMtZWNlNi00NzYyLWJkMDctODU4NmYwNjU3ZWJlIiwidCI6ImIyZTE2Mjk3LTJlZDYtNDFiOC1iODIyLWE5NTRlOTViZDJmMCIsImMiOjR9\" target=\"_blank\" aria-label=\"Relat\u00f3rio - AIC 2025 (opens in a new tab)\" rel=\"noreferrer noopener\" class=\"ek-link\">Relat\u00f3rio &#8211; AIC 2025<\/a><\/p>\n\n\n\n<p class=\"has-text-align-center has-black-color has-text-color\" style=\"font-size:16px\"><a aria-label=\"Relat\u00f3rio - PQI 2025 (opens in a new tab)\" href=\"https:\/\/app.powerbi.com\/view?r=eyJrIjoiN2E4NjM3ZmEtYzQzZi00NGNiLTk3MjUtMjdhNzI2YjgxY2M2IiwidCI6ImIyZTE2Mjk3LTJlZDYtNDFiOC1iODIyLWE5NTRlOTViZDJmMCIsImMiOjR9\" target=\"_blank\" rel=\"noreferrer noopener\" class=\"ek-link\">Relat\u00f3rio &#8211; PQI 2025<\/a><\/p>\n\n\n\n<p class=\"has-text-align-center has-black-color has-text-color\" style=\"font-size:16px\"><a href=\"https:\/\/app.powerbi.com\/view?r=eyJrIjoiNmZlNjBjNGUtNmYyYy00NDI0LTg5OTUtYzRhZWIxM2I4ZDM3IiwidCI6ImIyZTE2Mjk3LTJlZDYtNDFiOC1iODIyLWE5NTRlOTViZDJmMCIsImMiOjR9\" target=\"_blank\" aria-label=\"Relat\u00f3rio - PQUFF 2025 (opens in a new tab)\" rel=\"noreferrer noopener\" class=\"ek-link\">Relat\u00f3rio &#8211; PQUFF 2025<\/a><\/p>\n","protected":false},"excerpt":{"rendered":"<p>A Universidade Federal Fluminense por meio da Pr\u00f3-Reitoria de Gest\u00e3o de Pessoas (PROGEPE) delega \u00e0 Escola de Governan\u00e7a em Gest\u00e3o P\u00fablica (EGGP) o planejamento e a execu\u00e7\u00e3o do Plano de Desenvolvimento de Pessoas (PDP) 2025.Desta forma, a EGGP vem dar publicidade \u00e0s despesas mensais com a\u00e7\u00f5es de desenvolvimento executadas, conforme previsto no&nbsp;art.18 da Instru\u00e7\u00e3o Normativa&hellip;<\/p>\n","protected":false},"author":3,"featured_media":0,"parent":0,"menu_order":0,"comment_status":"closed","ping_status":"closed","template":"","meta":{"_editorskit_title_hidden":false,"_editorskit_reading_time":0,"_editorskit_is_block_options_detached":false,"_editorskit_block_options_position":"{}","_monsterinsights_skip_tracking":false,"_monsterinsights_sitenote_active":false,"_monsterinsights_sitenote_note":"","_monsterinsights_sitenote_category":0},"_links":{"self":[{"href":"https:\/\/capacitacaoeggp.vr.uff.br\/index.php?rest_route=\/wp\/v2\/pages\/3558"}],"collection":[{"href":"https:\/\/capacitacaoeggp.vr.uff.br\/index.php?rest_route=\/wp\/v2\/pages"}],"about":[{"href":"https:\/\/capacitacaoeggp.vr.uff.br\/index.php?rest_route=\/wp\/v2\/types\/page"}],"author":[{"embeddable":true,"href":"https:\/\/capacitacaoeggp.vr.uff.br\/index.php?rest_route=\/wp\/v2\/users\/3"}],"replies":[{"embeddable":true,"href":"https:\/\/capacitacaoeggp.vr.uff.br\/index.php?rest_route=%2Fwp%2Fv2%2Fcomments&post=3558"}],"version-history":[{"count":46,"href":"https:\/\/capacitacaoeggp.vr.uff.br\/index.php?rest_route=\/wp\/v2\/pages\/3558\/revisions"}],"predecessor-version":[{"id":4223,"href":"https:\/\/capacitacaoeggp.vr.uff.br\/index.php?rest_route=\/wp\/v2\/pages\/3558\/revisions\/4223"}],"wp:attachment":[{"href":"https:\/\/capacitacaoeggp.vr.uff.br\/index.php?rest_route=%2Fwp%2Fv2%2Fmedia&parent=3558"}],"curies":[{"name":"wp","href":"https:\/\/api.w.org\/{rel}","templated":true}]}}