{"id":3570,"date":"2025-03-18T15:37:39","date_gmt":"2025-03-18T18:37:39","guid":{"rendered":"https:\/\/capacitacaoeggp.vr.uff.br\/?page_id=3570"},"modified":"2025-03-18T15:46:30","modified_gmt":"2025-03-18T18:46:30","slug":"pdp-2025","status":"publish","type":"page","link":"https:\/\/capacitacaoeggp.vr.uff.br\/?page_id=3570","title":{"rendered":"PDP 2025"},"content":{"rendered":"\n<p>A Pr\u00f3-reitoria de Gest\u00e3o de Pessoas (Progepe) apresenta o Plano de Desenvolvimento de Pessoas da Universidade Federal Fluminense (PDP\/UFF) que tem por finalidade implementar as diretrizes da Pol\u00edtica Nacional de Desenvolvimento de Pessoas da Administra\u00e7\u00e3o P\u00fablica Federal (PNDP), institu\u00edda pelo\u00a0<a href=\"http:\/\/www.planalto.gov.br\/ccivil_03\/_ato2019-2022\/2019\/decreto\/D9991.htm\">Decreto 9.991, de 28 de agosto de 2019<\/a>, e auxiliar o desenvolvimento de compet\u00eancias fundamentais ao corpo docente e t\u00e9cnico-administrativo da Universidade Federal Fluminense, alinhadas ao\u00a0<a href=\"http:\/\/pdi.sites.uff.br\/wp-content\/uploads\/sites\/196\/2023\/12\/PDI_2023_2027_aprovado_CUV.pdf\">Plano de Desenvolvimento Institucional (PDI-UFF 2023-2027)<\/a>, de modo a promover a\u00e7\u00f5es voltadas para a educa\u00e7\u00e3o permanente a fim de alcan\u00e7ar a excel\u00eancia e a melhoria da qualidade dos servi\u00e7os ofertados \u00e0 sociedade e o desenvolvimento dos seus servidores.<\/p>\n\n\n\n<hr class=\"wp-block-separator has-alpha-channel-opacity is-style-wide\" \/>\n\n\n\n<div class=\"wp-block-file\"><a id=\"wp-block-file--media-9cd247eb-2cd9-4d79-a000-477159e4c73c\" href=\"https:\/\/capacitacaoeggp.vr.uff.br\/wp-content\/uploads\/2025\/03\/Plano-de-Desenvolvimento-de-Pessoas-PDP-2025-1.pdf\" target=\"_blank\" rel=\"noreferrer noopener\">Plano-de-Desenvolvimento-de-Pessoas-PDP-2025-1 atualizado 18\/3\/2025<\/a><a href=\"https:\/\/capacitacaoeggp.vr.uff.br\/wp-content\/uploads\/2025\/03\/Plano-de-Desenvolvimento-de-Pessoas-PDP-2025-1.pdf\" class=\"wp-block-file__button wp-element-button\" download aria-describedby=\"wp-block-file--media-9cd247eb-2cd9-4d79-a000-477159e4c73c\">Baixar<\/a><\/div>\n","protected":false},"excerpt":{"rendered":"<p>A Pr\u00f3-reitoria de Gest\u00e3o de Pessoas (Progepe) apresenta o Plano de Desenvolvimento de Pessoas da Universidade Federal Fluminense (PDP\/UFF) que tem por finalidade implementar as diretrizes da Pol\u00edtica Nacional de Desenvolvimento de Pessoas da Administra\u00e7\u00e3o P\u00fablica Federal (PNDP), institu\u00edda pelo\u00a0Decreto 9.991, de 28 de agosto de 2019, e auxiliar o desenvolvimento de compet\u00eancias fundamentais ao&hellip;<\/p>\n","protected":false},"author":3,"featured_media":0,"parent":0,"menu_order":0,"comment_status":"closed","ping_status":"closed","template":"","meta":{"_editorskit_title_hidden":false,"_editorskit_reading_time":0,"_editorskit_is_block_options_detached":false,"_editorskit_block_options_position":"{}","_monsterinsights_skip_tracking":false,"_monsterinsights_sitenote_active":false,"_monsterinsights_sitenote_note":"","_monsterinsights_sitenote_category":0},"_links":{"self":[{"href":"https:\/\/capacitacaoeggp.vr.uff.br\/index.php?rest_route=\/wp\/v2\/pages\/3570"}],"collection":[{"href":"https:\/\/capacitacaoeggp.vr.uff.br\/index.php?rest_route=\/wp\/v2\/pages"}],"about":[{"href":"https:\/\/capacitacaoeggp.vr.uff.br\/index.php?rest_route=\/wp\/v2\/types\/page"}],"author":[{"embeddable":true,"href":"https:\/\/capacitacaoeggp.vr.uff.br\/index.php?rest_route=\/wp\/v2\/users\/3"}],"replies":[{"embeddable":true,"href":"https:\/\/capacitacaoeggp.vr.uff.br\/index.php?rest_route=%2Fwp%2Fv2%2Fcomments&post=3570"}],"version-history":[{"count":3,"href":"https:\/\/capacitacaoeggp.vr.uff.br\/index.php?rest_route=\/wp\/v2\/pages\/3570\/revisions"}],"predecessor-version":[{"id":3578,"href":"https:\/\/capacitacaoeggp.vr.uff.br\/index.php?rest_route=\/wp\/v2\/pages\/3570\/revisions\/3578"}],"wp:attachment":[{"href":"https:\/\/capacitacaoeggp.vr.uff.br\/index.php?rest_route=%2Fwp%2Fv2%2Fmedia&parent=3570"}],"curies":[{"name":"wp","href":"https:\/\/api.w.org\/{rel}","templated":true}]}}