{"id":3763,"date":"2025-07-02T15:13:23","date_gmt":"2025-07-02T18:13:23","guid":{"rendered":"https:\/\/capacitacaoeggp.vr.uff.br\/?page_id=3763"},"modified":"2025-12-23T09:13:29","modified_gmt":"2025-12-23T12:13:29","slug":"anais-do-seminario","status":"publish","type":"page","link":"https:\/\/capacitacaoeggp.vr.uff.br\/?page_id=3763","title":{"rendered":"Anais do Semin\u00e1rio"},"content":{"rendered":"\n<p class=\"has-text-align-center has-black-color has-text-color\" style=\"font-size:18px\"><a href=\"https:\/\/capacitacaoeggp.vr.uff.br\/wp-content\/uploads\/2025\/12\/ANAIS-IV-SecienUFF-2025-finalizado.pdf\" target=\"_blank\" aria-label=\"Anais do IV Semin\u00e1rio Cient\u00edfico - 2025 (opens in a new tab)\" rel=\"noreferrer noopener\" class=\"ek-link\">Anais do IV Semin\u00e1rio Cient\u00edfico &#8211; 2025<\/a><\/p>\n\n\n\n<hr class=\"wp-block-separator has-alpha-channel-opacity\" \/>\n\n\n\n<p class=\"has-text-align-center has-black-color has-text-color\" style=\"font-size:18px\"><a href=\"https:\/\/capacitacaoeggp.vr.uff.br\/wp-content\/uploads\/2025\/03\/ANAISIIISecienUFF.pdf\" target=\"_blank\" aria-label=\"Anais do III Semin\u00e1rio Cient\u00edfico - 2023 (opens in a new tab)\" rel=\"noreferrer noopener\" class=\"ek-link\">Anais do III Semin\u00e1rio Cient\u00edfico &#8211; 2023<\/a><\/p>\n\n\n\n<hr class=\"wp-block-separator has-alpha-channel-opacity\" \/>\n\n\n\n<p class=\"has-text-align-center has-black-color has-text-color\" style=\"font-size:18px\"><a href=\"https:\/\/capacitacaoeggp.vr.uff.br\/wp-content\/uploads\/2022\/03\/Anais-II-SecienUFF-2021.pdf\" target=\"_blank\" aria-label=\"Anais do II Semin\u00e1rio Cient\u00edfico - 2021 (opens in a new tab)\" rel=\"noreferrer noopener\" class=\"ek-link\">Anais do II Semin\u00e1rio Cient\u00edfico &#8211; 2021<\/a><\/p>\n\n\n\n<hr class=\"wp-block-separator has-alpha-channel-opacity\" \/>\n\n\n\n<p class=\"has-text-align-center has-black-color has-text-color\" style=\"font-size:18px\"><a href=\"https:\/\/capacitacaoeggp.vr.uff.br\/wp-content\/uploads\/2023\/07\/anais_secienuff_2019_0.pdf\" target=\"_blank\" aria-label=\"Anais do I Semin\u00e1rio Cient\u00edfico - 2019 (opens in a new tab)\" rel=\"noreferrer noopener\" class=\"ek-link\">Anais do I Semin\u00e1rio Cient\u00edfico &#8211; 2019<\/a><\/p>\n","protected":false},"excerpt":{"rendered":"<p>Anais do IV Semin\u00e1rio Cient\u00edfico &#8211; 2025 Anais do III Semin\u00e1rio Cient\u00edfico &#8211; 2023 Anais do II Semin\u00e1rio Cient\u00edfico &#8211; 2021 Anais do I Semin\u00e1rio Cient\u00edfico &#8211; 2019<\/p>\n","protected":false},"author":3,"featured_media":0,"parent":0,"menu_order":0,"comment_status":"closed","ping_status":"closed","template":"","meta":{"_editorskit_title_hidden":false,"_editorskit_reading_time":0,"_editorskit_is_block_options_detached":false,"_editorskit_block_options_position":"{}","_monsterinsights_skip_tracking":false,"_monsterinsights_sitenote_active":false,"_monsterinsights_sitenote_note":"","_monsterinsights_sitenote_category":0},"_links":{"self":[{"href":"https:\/\/capacitacaoeggp.vr.uff.br\/index.php?rest_route=\/wp\/v2\/pages\/3763"}],"collection":[{"href":"https:\/\/capacitacaoeggp.vr.uff.br\/index.php?rest_route=\/wp\/v2\/pages"}],"about":[{"href":"https:\/\/capacitacaoeggp.vr.uff.br\/index.php?rest_route=\/wp\/v2\/types\/page"}],"author":[{"embeddable":true,"href":"https:\/\/capacitacaoeggp.vr.uff.br\/index.php?rest_route=\/wp\/v2\/users\/3"}],"replies":[{"embeddable":true,"href":"https:\/\/capacitacaoeggp.vr.uff.br\/index.php?rest_route=%2Fwp%2Fv2%2Fcomments&post=3763"}],"version-history":[{"count":4,"href":"https:\/\/capacitacaoeggp.vr.uff.br\/index.php?rest_route=\/wp\/v2\/pages\/3763\/revisions"}],"predecessor-version":[{"id":4116,"href":"https:\/\/capacitacaoeggp.vr.uff.br\/index.php?rest_route=\/wp\/v2\/pages\/3763\/revisions\/4116"}],"wp:attachment":[{"href":"https:\/\/capacitacaoeggp.vr.uff.br\/index.php?rest_route=%2Fwp%2Fv2%2Fmedia&parent=3763"}],"curies":[{"name":"wp","href":"https:\/\/api.w.org\/{rel}","templated":true}]}}