{"id":3918,"date":"2025-09-15T15:32:09","date_gmt":"2025-09-15T18:32:09","guid":{"rendered":"https:\/\/capacitacaoeggp.vr.uff.br\/?page_id=3918"},"modified":"2026-03-05T16:33:36","modified_gmt":"2026-03-05T19:33:36","slug":"novo-estagio-probatorio","status":"publish","type":"page","link":"https:\/\/capacitacaoeggp.vr.uff.br\/?page_id=3918","title":{"rendered":"Novo Est\u00e1gio Probat\u00f3rio"},"content":{"rendered":"\n<h2 class=\"wp-block-heading\"><strong>Est\u00e1gio Probat\u00f3rio na Universidade Federal Fluminense<\/strong><\/h2>\n\n\n\n<p>O est\u00e1gio probat\u00f3rio \u00e9 uma etapa fundamental na trajet\u00f3ria de todo(a) servidor(a) p\u00fablico(a) federal e, portanto, um momento de grande import\u00e2ncia para aqueles que ingressaram recentemente na Universidade Federal Fluminense (UFF).<\/p>\n\n\n\n<p>Durante os 36 meses de dura\u00e7\u00e3o, ser\u00e3o avaliadas a aptid\u00e3o e a capacidade do(a) servidor(a) para o desempenho das atribui\u00e7\u00f5es do cargo para o qual foi nomeado(a), conforme o art. 41, \u00a74\u00ba, da Constitui\u00e7\u00e3o Federal e art. 20 da Lei n\u00ba 8.112\/1990.<\/p>\n\n\n\n<p>Mais do que um tr\u00e2mite formal, o est\u00e1gio probat\u00f3rio \u00e9 um <strong>processo de gest\u00e3o do desempenho<\/strong>, que demanda compromisso, desenvolvimento profissional cont\u00ednuo e acompanhamento sistem\u00e1tico pela chefia imediata e pela equipe de gest\u00e3o de pessoas da Universidade.<\/p>\n\n\n\n<h2 class=\"wp-block-heading\"><strong>\ud83d\udcca Fatores de Avalia\u00e7\u00e3o<\/strong><\/h2>\n\n\n\n<p>Durante o est\u00e1gio probat\u00f3rio, os(as) servidores(as) s\u00e3o avaliados com base nos seguintes fatores:<\/p>\n\n\n\n<figure class=\"wp-block-table\"><table><tbody><tr><td><strong>Fator de Avalia\u00e7\u00e3o<\/strong><\/td><td><strong>Objetivo<\/strong><\/td><\/tr><tr><td><strong>Assiduidade<\/strong><\/td><td>Cumprimento da jornada de trabalho de forma regular e pontual<\/td><\/tr><tr><td><strong>Disciplina<\/strong><\/td><td>Respeito \u00e0s normas institucionais e \u00e0s orienta\u00e7\u00f5es da chefia<\/td><\/tr><tr><td><strong>Capacidade de Iniciativa<\/strong><\/td><td>Demonstra\u00e7\u00e3o de proatividade, criatividade e resolu\u00e7\u00e3o de problemas<\/td><\/tr><tr><td><strong>Produtividade<\/strong><\/td><td>Cumprimento eficaz e eficiente das atribui\u00e7\u00f5es e entrega de resultados<\/td><\/tr><tr><td><strong>Responsabilidade<\/strong><\/td><td>Compromisso com a qualidade do trabalho, \u00e9tica e zelo com recursos p\u00fablicos<\/td><\/tr><\/tbody><\/table><\/figure>\n\n\n\n<h2 class=\"wp-block-heading\"><strong>\ud83c\udfaf Programa de Desenvolvimento Inicial (PDI)<\/strong><\/h2>\n\n\n\n<p>O <strong>Programa de Desenvolvimento Inicial (PDI)<\/strong> \u00e9 uma a\u00e7\u00e3o obrigat\u00f3ria para servidores(as) em est\u00e1gio probat\u00f3rio, que entraram em exerc\u00edcio a partir de 07\/02\/2025, conforme o Decreto n\u00ba 12.374\/2025 e a Instru\u00e7\u00e3o Normativa SGP\/MGI n\u00ba 122\/2025.<\/p>\n\n\n\n<h3 class=\"wp-block-heading\"><strong>Objetivos do PDI<\/strong><\/h3>\n\n\n\n<ul>\n<li>Fortalecer as compet\u00eancias essenciais ao servi\u00e7o p\u00fablico<br><\/li>\n\n\n\n<li>Integrar o(a) servidor(a) \u00e0 cultura e valores da Administra\u00e7\u00e3o P\u00fablica<br><\/li>\n\n\n\n<li>Estimular o desenvolvimento \u00e9tico, eficiente e comprometido<\/li>\n<\/ul>\n\n\n\n<h3 class=\"wp-block-heading\"><strong>Estrutura do PDI<\/strong><\/h3>\n\n\n\n<ul>\n<li>Duas vers\u00f5es:<br>\n<ul>\n<li><a aria-label=\" (opens in a new tab)\" href=\"https:\/\/www.escolavirtual.gov.br\/programa\/276\" target=\"_blank\" rel=\"noreferrer noopener\" class=\"ek-link\"><strong>PDI-NI:<\/strong> para cargos de n\u00edvel intermedi\u00e1rio (carga hor\u00e1ria: 271h)<\/a> (entrar pelo link)<a aria-label=\" (opens in a new tab)\" href=\"https:\/\/www.escolavirtual.gov.br\/programa\/276\" target=\"_blank\" rel=\"noreferrer noopener\" class=\"ek-link\"><br><\/a><\/li>\n\n\n\n<li><a href=\"https:\/\/www.escolavirtual.gov.br\/programa\/315\" target=\"_blank\" aria-label=\" (opens in a new tab)\" rel=\"noreferrer noopener\" class=\"ek-link\"><strong>PDI-NS:<\/strong> para cargos de n\u00edvel superior (carga hor\u00e1ria: 280h) (entrar pelo link)<br><\/a><\/li>\n<\/ul>\n<\/li>\n\n\n\n<li>No m\u00ednimo <strong>50% da carga hor\u00e1ria at\u00e9 o 12\u00ba m\u00eas<\/strong> de exerc\u00edcio<br><\/li>\n\n\n\n<li>Conclus\u00e3o total at\u00e9 o <strong>24\u00ba m\u00eas<\/strong> de exerc\u00edcio<br><\/li>\n\n\n\n<li>A inscri\u00e7\u00e3o, a participa\u00e7\u00e3o e a solicita\u00e7\u00e3o de aproveitamento de cursos s\u00e3o de responsabilidade do servidor<\/li>\n<\/ul>\n\n\n\n<h2 class=\"wp-block-heading\"><strong>\ud83d\udc69\u200d\ud83c\udfeb Docentes em Est\u00e1gio Probat\u00f3rio<\/strong><\/h2>\n\n\n\n<p>Al\u00e9m das a\u00e7\u00f5es do PDI, os(as) docentes devem participar do <a href=\"https:\/\/www.uff.br\/progepe\/boas-vindas-aos-novos-servidores\/\"><strong>Programa de Recep\u00e7\u00e3o Docente (PRD)<\/strong><\/a>, RESOLU\u00c7\u00c3O CEPEx\/UFF N\u00ba 1.752 DE 15 DE MAR\u00c7O DE 2023, composto por dois eixos:<\/p>\n\n\n\n<ul>\n<li><strong>Eixo A \u2013 Acolhimento Institucional (4h)<\/strong><strong><br><\/strong><\/li>\n\n\n\n<li><strong>Eixo B \u2013 Capacita\u00e7\u00e3o (44h)<\/strong> \u2014 j\u00e1 integralizadas pelo PDI<br><\/li>\n<\/ul>\n\n\n\n<div class=\"wp-block-file\"><a id=\"wp-block-file--media-8c37df62-ef08-4a71-88aa-ace441816317\" href=\"https:\/\/capacitacaoeggp.vr.uff.br\/wp-content\/uploads\/2026\/03\/RESOLUCAO-CEPEx-UFF-No-1.752-DE-15-DE-MARCO-DE-2023.pdf\" target=\"_blank\" rel=\"noreferrer noopener\">RESOLUCAO-CEPEx-UFF-No-1.752-DE-15-DE-MARCO-DE-2023<\/a><a href=\"https:\/\/capacitacaoeggp.vr.uff.br\/wp-content\/uploads\/2026\/03\/RESOLUCAO-CEPEx-UFF-No-1.752-DE-15-DE-MARCO-DE-2023.pdf\" class=\"wp-block-file__button wp-element-button\" download aria-describedby=\"wp-block-file--media-8c37df62-ef08-4a71-88aa-ace441816317\">Baixar<\/a><\/div>\n\n\n\n<p>\ud83d\udccc Para docentes que iniciaram a partir de 07\/02\/2025, basta integralizar o <strong>Eixo A<\/strong>, pois o <strong>Eixo B \u00e9 automaticamente cumprido com o PDI<\/strong>.<\/p>\n\n\n\n<p>\ud83d\udd17 <strong>Pr\u00e9-inscri\u00e7\u00e3o no Acolhimento Institucional para Docentes <\/strong>(evento anual destinado a docentes ingressantes, previsto para a \u00faltima semana antes do in\u00edcio do per\u00edodo letivo de cada ano)<\/p>\n\n\n\n<p><br><em><a href=\"https:\/\/docs.google.com\/forms\/d\/e\/1FAIpQLSdDKHZCjdEEj8KTIIPHmH_0tj69amvY37xlDUf93LMLOSsawA\/viewform\" class=\"ek-link\">(link do formul\u00e1rio para pr\u00e9-inscri\u00e7\u00e3o)<\/a><\/em><\/p>\n\n\n\n<h2 class=\"wp-block-heading\"><strong>\ud83e\udde9 T\u00e9cnico-Administrativos em Est\u00e1gio Probat\u00f3rio<\/strong><\/h2>\n\n\n\n<p>Para os(as) servidores(as) t\u00e9cnico-administrativos(as), o cumprimento do PDI \u00e9 a principal a\u00e7\u00e3o obrigat\u00f3ria durante o est\u00e1gio probat\u00f3rio.<br>As chefias devem:<\/p>\n\n\n\n<ul>\n<li>Pactuar com o servidor como ser\u00e1 a participa\u00e7\u00e3o no PDI<br><\/li>\n\n\n\n<li>Acompanhar periodicamente o cumprimento da carga hor\u00e1ria<br><\/li>\n\n\n\n<li>Liberar o servidor para a realiza\u00e7\u00e3o do PDI durante a jornada de trabalho (art. 9\u00ba, \u00a77\u00ba, I e II, do Decreto n\u00ba 12.374\/2025)<br><\/li>\n<\/ul>\n\n\n\n<h2 class=\"wp-block-heading\"><strong>\ud83d\udcda Materiais e Links \u00dateis<\/strong><\/h2>\n\n\n\n<ul>\n<li>\ud83d\udcd8<a href=\"https:\/\/www.gov.br\/servidor\/pt-br\/acesso-a-informacao\/gestao-de-pessoas\/desempenho-e-desenvolvimento-de-pessoas\/pasta-avaliagov\/guia-servidor-a.pdf\"> Guia para o(a) Servidor(a)<br><\/a><\/li>\n\n\n\n<li>\ud83d\udcd7<a href=\"https:\/\/www.gov.br\/servidor\/pt-br\/acesso-a-informacao\/gestao-de-pessoas\/desempenho-e-desenvolvimento-de-pessoas\/pasta-avaliagov\/guia-chefia-imediata.pdf\"> Guia para Chefia Imediata<br><\/a><\/li>\n\n\n\n<li>\ud83d\udda5\ufe0f<a href=\"https:\/\/www.gov.br\/servidor\/pt-br\/acesso-a-informacao\/gestao-de-pessoas\/desempenho-e-desenvolvimento-de-pessoas\/estagio-probatorio-1\/estagio-probatorio\" class=\"ek-link\"> Portal do Servidor \u2014 Est\u00e1gio Probat\u00f3rio<\/a><\/li>\n\n\n\n<li>\ud83d\udcd8<a aria-label=\" (opens in a new tab)\" href=\"https:\/\/capacitacaoeggp.vr.uff.br\/wp-content\/uploads\/2025\/11\/copy_of_ApresentaoProgramadeDesenvolvimentoInicial2025-1.pdf\" target=\"_blank\" rel=\"noreferrer noopener\" class=\"ek-link\">&nbsp;O Programa<\/a><\/li>\n\n\n\n<li>\ud83d\udcd7<a href=\"https:\/\/capacitacaoeggp.vr.uff.br\/wp-content\/uploads\/2026\/03\/FAQverso24.02.2026.pdf\" target=\"_blank\" aria-label=\" (opens in a new tab)\" rel=\"noreferrer noopener\" class=\"ek-link\">FAQ<\/a><a aria-label=\" (opens in a new tab)\" href=\"https:\/\/capacitacaoeggp.vr.uff.br\/wp-content\/uploads\/2025\/11\/copy_of_ApresentaoProgramadeDesenvolvimentoInicial2025-1.pdf\" target=\"_blank\" rel=\"noreferrer noopener\" class=\"ek-link\"><br><\/a><\/li>\n<\/ul>\n\n\n\n<p><\/p>\n\n\n\n<h2 class=\"wp-block-heading\"><strong>\ud83d\udce9 D\u00favidas e Contato<\/strong><\/h2>\n\n\n\n<p>Em caso de d\u00favidas sobre o PDI, entre em contato com a<br>\ud83d\udce7 eggp.progepe@id.uff.br<\/p>\n","protected":false},"excerpt":{"rendered":"<p>Est\u00e1gio Probat\u00f3rio na Universidade Federal Fluminense O est\u00e1gio probat\u00f3rio \u00e9 uma etapa fundamental na trajet\u00f3ria de todo(a) servidor(a) p\u00fablico(a) federal e, portanto, um momento de grande import\u00e2ncia para aqueles que ingressaram recentemente na Universidade Federal Fluminense (UFF). Durante os 36 meses de dura\u00e7\u00e3o, ser\u00e3o avaliadas a aptid\u00e3o e a capacidade do(a) servidor(a) para o desempenho&hellip;<\/p>\n","protected":false},"author":3,"featured_media":0,"parent":0,"menu_order":0,"comment_status":"closed","ping_status":"closed","template":"","meta":{"_editorskit_title_hidden":false,"_editorskit_reading_time":0,"_editorskit_is_block_options_detached":false,"_editorskit_block_options_position":"{}","_monsterinsights_skip_tracking":false,"_monsterinsights_sitenote_active":false,"_monsterinsights_sitenote_note":"","_monsterinsights_sitenote_category":0},"_links":{"self":[{"href":"https:\/\/capacitacaoeggp.vr.uff.br\/index.php?rest_route=\/wp\/v2\/pages\/3918"}],"collection":[{"href":"https:\/\/capacitacaoeggp.vr.uff.br\/index.php?rest_route=\/wp\/v2\/pages"}],"about":[{"href":"https:\/\/capacitacaoeggp.vr.uff.br\/index.php?rest_route=\/wp\/v2\/types\/page"}],"author":[{"embeddable":true,"href":"https:\/\/capacitacaoeggp.vr.uff.br\/index.php?rest_route=\/wp\/v2\/users\/3"}],"replies":[{"embeddable":true,"href":"https:\/\/capacitacaoeggp.vr.uff.br\/index.php?rest_route=%2Fwp%2Fv2%2Fcomments&post=3918"}],"version-history":[{"count":12,"href":"https:\/\/capacitacaoeggp.vr.uff.br\/index.php?rest_route=\/wp\/v2\/pages\/3918\/revisions"}],"predecessor-version":[{"id":4254,"href":"https:\/\/capacitacaoeggp.vr.uff.br\/index.php?rest_route=\/wp\/v2\/pages\/3918\/revisions\/4254"}],"wp:attachment":[{"href":"https:\/\/capacitacaoeggp.vr.uff.br\/index.php?rest_route=%2Fwp%2Fv2%2Fmedia&parent=3918"}],"curies":[{"name":"wp","href":"https:\/\/api.w.org\/{rel}","templated":true}]}}