{"id":398,"date":"2021-08-16T12:39:03","date_gmt":"2021-08-16T15:39:03","guid":{"rendered":"https:\/\/capacitacaoeggp.vr.uff.br\/?page_id=398"},"modified":"2021-09-20T11:04:06","modified_gmt":"2021-09-20T14:04:06","slug":"descomplicando-o-classroom-e-produzindo-videoaulas","status":"publish","type":"page","link":"https:\/\/capacitacaoeggp.vr.uff.br\/?page_id=398","title":{"rendered":"Descomplicando o Classroom e produzindo videoaulas"},"content":{"rendered":"\n<section id=\"gmb601048\" class=\"wp-block-gutentor-m3 section-gmb601048 gutentor-module gutentor-container-cover\"><div class=\"grid-container\">\n<h2 class=\"has-text-align-center wp-block-heading\">Objetivo<\/h2>\n\n\n\n<p style=\"font-size:18px\">Aplicar conhecimentos da plataforma Google Classroom no planejamento, cria\u00e7\u00e3o e desenvolvimento de aulas EAD, visando ensinar a configurar uma sala, enviar e receber atividades, capacitando docentes na utiliza\u00e7\u00e3o de ferramentas de videochamada e na administra\u00e7\u00e3o de salas de aula no AVA.<\/p>\n\n\n\n<hr class=\"wp-block-separator is-style-wide\"\/>\n\n\n\n<h2 class=\"wp-block-heading\">Per\u00edodo<\/h2>\n\n\n\n<p style=\"font-size:18px\">Semestral<\/p>\n\n\n\n<hr class=\"wp-block-separator is-style-wide\"\/>\n\n\n\n<h2 class=\"wp-block-heading\">P\u00fablico Alvo<\/h2>\n\n\n\n<p style=\"font-size:18px\"> T\u00e9cnico-administrativos<\/p>\n\n\n\n<hr class=\"wp-block-separator is-style-wide\"\/>\n\n\n\n<h2 class=\"wp-block-heading\">Carga Hor\u00e1ria<\/h2>\n\n\n\n<p style=\"font-size:18px\">20h<\/p>\n\n\n\n<hr class=\"wp-block-separator is-style-wide\"\/>\n\n\n\n<h2 class=\"wp-block-heading\">Manifestar Interesse<\/h2>\n\n\n\n<p style=\"font-size:18px\"> <a aria-label=\" (opens in a new tab)\" href=\"https:\/\/forms.gle\/QgWCDQART23WkQkq9\" target=\"_blank\" rel=\"noreferrer noopener\" class=\"ek-link\">Preencher formul\u00e1rio<\/a><\/p>\n<\/div><\/section>\n","protected":false},"excerpt":{"rendered":"<p>coursedetail_tae<\/p>\n","protected":false},"author":2,"featured_media":577,"parent":106,"menu_order":0,"comment_status":"closed","ping_status":"closed","template":"","meta":{"_editorskit_title_hidden":false,"_editorskit_reading_time":1,"_editorskit_is_block_options_detached":false,"_editorskit_block_options_position":"{}","_monsterinsights_skip_tracking":false,"_monsterinsights_sitenote_active":false,"_monsterinsights_sitenote_note":"","_monsterinsights_sitenote_category":0},"_links":{"self":[{"href":"https:\/\/capacitacaoeggp.vr.uff.br\/index.php?rest_route=\/wp\/v2\/pages\/398"}],"collection":[{"href":"https:\/\/capacitacaoeggp.vr.uff.br\/index.php?rest_route=\/wp\/v2\/pages"}],"about":[{"href":"https:\/\/capacitacaoeggp.vr.uff.br\/index.php?rest_route=\/wp\/v2\/types\/page"}],"author":[{"embeddable":true,"href":"https:\/\/capacitacaoeggp.vr.uff.br\/index.php?rest_route=\/wp\/v2\/users\/2"}],"replies":[{"embeddable":true,"href":"https:\/\/capacitacaoeggp.vr.uff.br\/index.php?rest_route=%2Fwp%2Fv2%2Fcomments&post=398"}],"version-history":[{"count":16,"href":"https:\/\/capacitacaoeggp.vr.uff.br\/index.php?rest_route=\/wp\/v2\/pages\/398\/revisions"}],"predecessor-version":[{"id":886,"href":"https:\/\/capacitacaoeggp.vr.uff.br\/index.php?rest_route=\/wp\/v2\/pages\/398\/revisions\/886"}],"up":[{"embeddable":true,"href":"https:\/\/capacitacaoeggp.vr.uff.br\/index.php?rest_route=\/wp\/v2\/pages\/106"}],"wp:featuredmedia":[{"embeddable":true,"href":"https:\/\/capacitacaoeggp.vr.uff.br\/index.php?rest_route=\/wp\/v2\/media\/577"}],"wp:attachment":[{"href":"https:\/\/capacitacaoeggp.vr.uff.br\/index.php?rest_route=%2Fwp%2Fv2%2Fmedia&parent=398"}],"curies":[{"name":"wp","href":"https:\/\/api.w.org\/{rel}","templated":true}]}}