{"id":40,"date":"2021-05-27T19:05:17","date_gmt":"2021-05-27T22:05:17","guid":{"rendered":"https:\/\/capacitacaoeggp.vr.uff.br\/?page_id=40"},"modified":"2023-11-27T10:10:14","modified_gmt":"2023-11-27T13:10:14","slug":"estrutura","status":"publish","type":"page","link":"https:\/\/capacitacaoeggp.vr.uff.br\/?page_id=40","title":{"rendered":"Programa de Gest\u00e3o"},"content":{"rendered":"\n<p class=\"has-text-align-center has-black-color has-text-color\" style=\"font-size:18px\"><strong>2022<\/strong><\/p>\n\n\n\n<p class=\"has-text-align-center has-black-color has-text-color\">&gt;&gt; Edital &#8211; Resultado<\/p>\n\n\n\n<hr class=\"wp-block-separator has-alpha-channel-opacity\" \/>\n\n\n\n<p class=\"has-text-align-center has-black-color has-text-color\" style=\"font-size:18px\"><strong>2023<\/strong><\/p>\n\n\n\n<p class=\"has-text-align-center has-black-color has-text-color\">&gt;&gt; <a href=\"https:\/\/capacitacaoeggp.vr.uff.br\/wp-content\/uploads\/2023\/01\/Programa-de-Gestao-2023-EGGP-1.pdf\" target=\"_blank\" aria-label=\"Edital do Resultado da Sele\u00e7\u00e3o do Programa de Gest\u00e3o EGGP n\u00ba 3\/2023 (opens in a new tab)\" rel=\"noreferrer noopener\" class=\"ek-link\">Edital do Resultado da Sele\u00e7\u00e3o do Programa de Gest\u00e3o EGGP n\u00ba 3\/2023<\/a><\/p>\n\n\n\n<p class=\"has-text-align-center has-black-color has-text-color\">&gt;&gt; <a href=\"https:\/\/capacitacaoeggp.vr.uff.br\/wp-content\/uploads\/2023\/09\/Aditamento-EGGP-no1-2023-do-Edital-EGGP-no2-2023-do-Programa-de-Gestao.pdf\" target=\"_blank\" aria-label=\"Aditamento n\u00ba 01\/2023 ao Edital do Programa de Gest\u00e3o EGGP n\u00ba 02\/2022 (opens in a new tab)\" rel=\"noreferrer noopener\" class=\"ek-link\">Aditamento n\u00ba 01\/2023 ao Edital do Programa de Gest\u00e3o EGGP n\u00ba 02\/2022<\/a><\/p>\n\n\n\n<p class=\"has-text-align-center has-black-color has-text-color\">&gt;&gt; <a href=\"https:\/\/capacitacaoeggp.vr.uff.br\/wp-content\/uploads\/2023\/09\/Edital-resultado-eggp-2023.pdf\" target=\"_blank\" aria-label=\"Edital do Resultado da Sele\u00e7\u00e3o do Programa de Gest\u00e3o EGGP n\u00ba 4\/2023 (opens in a new tab)\" rel=\"noreferrer noopener\" class=\"ek-link\">Edital do Resultado da Sele\u00e7\u00e3o do Programa de Gest\u00e3o EGGP n\u00ba 4\/2023<\/a><\/p>\n\n\n\n<p class=\"has-text-align-center has-black-color has-text-color\">&gt;&gt; <a href=\"https:\/\/capacitacaoeggp.vr.uff.br\/wp-content\/uploads\/2023\/11\/218-23-1.pdf\" target=\"_blank\" aria-label=\"Aditamento n\u00ba 02\/2023 ao Edital do Programa de Gest\u00e3o EGGP n\u00ba 02\/2022 (opens in a new tab)\" rel=\"noreferrer noopener\" class=\"ek-link\">Aditamento n\u00ba 02\/2023 ao Edital do Programa de Gest\u00e3o EGGP n\u00ba 02\/2022<\/a> <br><\/p>\n","protected":false},"excerpt":{"rendered":"<p>2022 &gt;&gt; Edital &#8211; Resultado 2023 &gt;&gt; Edital do Resultado da Sele\u00e7\u00e3o do Programa de Gest\u00e3o EGGP n\u00ba 3\/2023 &gt;&gt; Aditamento n\u00ba 01\/2023 ao Edital do Programa de Gest\u00e3o EGGP n\u00ba 02\/2022 &gt;&gt; Edital do Resultado da Sele\u00e7\u00e3o do Programa de Gest\u00e3o EGGP n\u00ba 4\/2023 &gt;&gt; Aditamento n\u00ba 02\/2023 ao Edital do Programa de Gest\u00e3o&hellip;<\/p>\n","protected":false},"author":2,"featured_media":0,"parent":36,"menu_order":0,"comment_status":"closed","ping_status":"closed","template":"template-gutentor-full-width.php","meta":{"_editorskit_title_hidden":false,"_editorskit_reading_time":1,"_editorskit_is_block_options_detached":false,"_editorskit_block_options_position":"{}","_monsterinsights_skip_tracking":false,"_monsterinsights_sitenote_active":false,"_monsterinsights_sitenote_note":"","_monsterinsights_sitenote_category":0},"_links":{"self":[{"href":"https:\/\/capacitacaoeggp.vr.uff.br\/index.php?rest_route=\/wp\/v2\/pages\/40"}],"collection":[{"href":"https:\/\/capacitacaoeggp.vr.uff.br\/index.php?rest_route=\/wp\/v2\/pages"}],"about":[{"href":"https:\/\/capacitacaoeggp.vr.uff.br\/index.php?rest_route=\/wp\/v2\/types\/page"}],"author":[{"embeddable":true,"href":"https:\/\/capacitacaoeggp.vr.uff.br\/index.php?rest_route=\/wp\/v2\/users\/2"}],"replies":[{"embeddable":true,"href":"https:\/\/capacitacaoeggp.vr.uff.br\/index.php?rest_route=%2Fwp%2Fv2%2Fcomments&post=40"}],"version-history":[{"count":14,"href":"https:\/\/capacitacaoeggp.vr.uff.br\/index.php?rest_route=\/wp\/v2\/pages\/40\/revisions"}],"predecessor-version":[{"id":2859,"href":"https:\/\/capacitacaoeggp.vr.uff.br\/index.php?rest_route=\/wp\/v2\/pages\/40\/revisions\/2859"}],"up":[{"embeddable":true,"href":"https:\/\/capacitacaoeggp.vr.uff.br\/index.php?rest_route=\/wp\/v2\/pages\/36"}],"wp:attachment":[{"href":"https:\/\/capacitacaoeggp.vr.uff.br\/index.php?rest_route=%2Fwp%2Fv2%2Fmedia&parent=40"}],"curies":[{"name":"wp","href":"https:\/\/api.w.org\/{rel}","templated":true}]}}