{"id":4161,"date":"2026-01-20T11:12:58","date_gmt":"2026-01-20T14:12:58","guid":{"rendered":"https:\/\/capacitacaoeggp.vr.uff.br\/?page_id=4161"},"modified":"2026-01-20T15:17:08","modified_gmt":"2026-01-20T18:17:08","slug":"relatorio-2025","status":"publish","type":"page","link":"https:\/\/capacitacaoeggp.vr.uff.br\/?page_id=4161","title":{"rendered":"Relat\u00f3rio 2025"},"content":{"rendered":"\n<p class=\"has-text-align-center has-black-color has-text-color\" style=\"font-size:18px\">&gt;&gt; <a aria-label=\"Relat\u00f3rio de Gest\u00e3o 2025 - EGGP (opens in a new tab)\" href=\"https:\/\/capacitacaoeggp.vr.uff.br\/wp-content\/uploads\/2026\/01\/Relatorio-PDP-2025.docx-1.pdf\" target=\"_blank\" rel=\"noreferrer noopener\" class=\"ek-link\"><strong>Relat\u00f3rio de Gest\u00e3o 2025 &#8211; EGGP<\/strong><\/a><\/p>\n\n\n\n<hr class=\"wp-block-separator has-alpha-channel-opacity\" \/>\n\n\n\n<p class=\"has-text-align-justify has-black-color has-text-color\" style=\"font-size:16px\">O presente relat\u00f3rio de gest\u00e3o apresenta de forma compacta dados quantitativos e qualitativos sobre a execu\u00e7\u00e3o financeira e estrat\u00e9gica do <a aria-label=\"Plano de Desenvolvimento de Pessoas de 2025 (opens in a new tab)\" href=\"https:\/\/capacitacaoeggp.vr.uff.br\/wp-content\/uploads\/2025\/03\/Plano-de-Desenvolvimento-de-Pessoas-PDP-2025-1.pdf\" target=\"_blank\" rel=\"noreferrer noopener\" class=\"ek-link\">Plano de Desenvolvimento de Pessoas de 2025<\/a>.<\/p>\n","protected":false},"excerpt":{"rendered":"<p>&gt;&gt; Relat\u00f3rio de Gest\u00e3o 2025 &#8211; EGGP O presente relat\u00f3rio de gest\u00e3o apresenta de forma compacta dados quantitativos e qualitativos sobre a execu\u00e7\u00e3o financeira e estrat\u00e9gica do Plano de Desenvolvimento de Pessoas de 2025.<\/p>\n","protected":false},"author":6,"featured_media":0,"parent":0,"menu_order":0,"comment_status":"closed","ping_status":"closed","template":"","meta":{"_editorskit_title_hidden":false,"_editorskit_reading_time":0,"_editorskit_is_block_options_detached":false,"_editorskit_block_options_position":"{}","_monsterinsights_skip_tracking":false,"_monsterinsights_sitenote_active":false,"_monsterinsights_sitenote_note":"","_monsterinsights_sitenote_category":0},"_links":{"self":[{"href":"https:\/\/capacitacaoeggp.vr.uff.br\/index.php?rest_route=\/wp\/v2\/pages\/4161"}],"collection":[{"href":"https:\/\/capacitacaoeggp.vr.uff.br\/index.php?rest_route=\/wp\/v2\/pages"}],"about":[{"href":"https:\/\/capacitacaoeggp.vr.uff.br\/index.php?rest_route=\/wp\/v2\/types\/page"}],"author":[{"embeddable":true,"href":"https:\/\/capacitacaoeggp.vr.uff.br\/index.php?rest_route=\/wp\/v2\/users\/6"}],"replies":[{"embeddable":true,"href":"https:\/\/capacitacaoeggp.vr.uff.br\/index.php?rest_route=%2Fwp%2Fv2%2Fcomments&post=4161"}],"version-history":[{"count":9,"href":"https:\/\/capacitacaoeggp.vr.uff.br\/index.php?rest_route=\/wp\/v2\/pages\/4161\/revisions"}],"predecessor-version":[{"id":4173,"href":"https:\/\/capacitacaoeggp.vr.uff.br\/index.php?rest_route=\/wp\/v2\/pages\/4161\/revisions\/4173"}],"wp:attachment":[{"href":"https:\/\/capacitacaoeggp.vr.uff.br\/index.php?rest_route=%2Fwp%2Fv2%2Fmedia&parent=4161"}],"curies":[{"name":"wp","href":"https:\/\/api.w.org\/{rel}","templated":true}]}}