{"id":4206,"date":"2026-02-12T14:29:38","date_gmt":"2026-02-12T17:29:38","guid":{"rendered":"https:\/\/capacitacaoeggp.vr.uff.br\/?page_id=4206"},"modified":"2026-02-23T12:19:29","modified_gmt":"2026-02-23T15:19:29","slug":"transparencia-2026","status":"publish","type":"page","link":"https:\/\/capacitacaoeggp.vr.uff.br\/?page_id=4206","title":{"rendered":"Transpar\u00eancia 2026"},"content":{"rendered":"\n<p>A Universidade Federal Fluminense por meio da Pr\u00f3-Reitoria de Gest\u00e3o de Pessoas (PROGEPE) delega \u00e0 Escola de Governan\u00e7a em Gest\u00e3o P\u00fablica (EGGP) o planejamento e a execu\u00e7\u00e3o do Plano de Desenvolvimento de Pessoas (PDP) 2026.<br>Desta forma, a EGGP vem dar publicidade \u00e0s despesas mensais com a\u00e7\u00f5es de desenvolvimento executadas, conforme previsto no&nbsp;<a href=\"https:\/\/www.in.gov.br\/en\/web\/dou\/-\/instrucao-normativa-sgp-enap\/sedgg\/me-n-21-de-1-de-fevereiro-de-2021-302021570\">art.18 da Instru\u00e7\u00e3o Normativa SGP-ENAP\/SEDGG\/ME n\u00ba 21, de 1\u00ba de Fevereiro de 2021.<\/a><\/p>\n\n\n\n<hr class=\"wp-block-separator has-alpha-channel-opacity is-style-wide\" \/>\n\n\n\n<h2 class=\"wp-block-heading\">Janeiro<\/h2>\n\n\n\n<div class=\"wp-block-file\"><a id=\"wp-block-file--media-cd455c67-0ce1-4e40-9a08-888d2711b837\" href=\"https:\/\/capacitacaoeggp.vr.uff.br\/wp-content\/uploads\/2026\/02\/Cursos-Janeiro.pdf\" target=\"_blank\" rel=\"noreferrer noopener\">Cursos-Janeiro<\/a><a href=\"https:\/\/capacitacaoeggp.vr.uff.br\/wp-content\/uploads\/2026\/02\/Cursos-Janeiro.pdf\" class=\"wp-block-file__button wp-element-button\" download aria-describedby=\"wp-block-file--media-cd455c67-0ce1-4e40-9a08-888d2711b837\">Baixar<\/a><\/div>\n\n\n\n<hr class=\"wp-block-separator has-alpha-channel-opacity is-style-wide\" \/>\n\n\n\n<h2 class=\"wp-block-heading\">Fevereiro<\/h2>\n\n\n\n<div class=\"wp-block-file\"><a id=\"wp-block-file--media-00f8b9d0-bc73-41d4-884d-7511ac98da84\" href=\"https:\/\/capacitacaoeggp.vr.uff.br\/wp-content\/uploads\/2026\/02\/Cursos-fevereiro-2026.pdf\" target=\"_blank\" rel=\"noreferrer noopener\">Cursos-fevereiro-2026<\/a><a href=\"https:\/\/capacitacaoeggp.vr.uff.br\/wp-content\/uploads\/2026\/02\/Cursos-fevereiro-2026.pdf\" class=\"wp-block-file__button wp-element-button\" download aria-describedby=\"wp-block-file--media-00f8b9d0-bc73-41d4-884d-7511ac98da84\">Baixar<\/a><\/div>\n","protected":false},"excerpt":{"rendered":"<p>A Universidade Federal Fluminense por meio da Pr\u00f3-Reitoria de Gest\u00e3o de Pessoas (PROGEPE) delega \u00e0 Escola de Governan\u00e7a em Gest\u00e3o P\u00fablica (EGGP) o planejamento e a execu\u00e7\u00e3o do Plano de Desenvolvimento de Pessoas (PDP) 2026.Desta forma, a EGGP vem dar publicidade \u00e0s despesas mensais com a\u00e7\u00f5es de desenvolvimento executadas, conforme previsto no&nbsp;art.18 da Instru\u00e7\u00e3o Normativa&hellip;<\/p>\n","protected":false},"author":3,"featured_media":0,"parent":0,"menu_order":0,"comment_status":"closed","ping_status":"closed","template":"","meta":{"_editorskit_title_hidden":false,"_editorskit_reading_time":0,"_editorskit_is_block_options_detached":false,"_editorskit_block_options_position":"{}","_monsterinsights_skip_tracking":false,"_monsterinsights_sitenote_active":false,"_monsterinsights_sitenote_note":"","_monsterinsights_sitenote_category":0},"_links":{"self":[{"href":"https:\/\/capacitacaoeggp.vr.uff.br\/index.php?rest_route=\/wp\/v2\/pages\/4206"}],"collection":[{"href":"https:\/\/capacitacaoeggp.vr.uff.br\/index.php?rest_route=\/wp\/v2\/pages"}],"about":[{"href":"https:\/\/capacitacaoeggp.vr.uff.br\/index.php?rest_route=\/wp\/v2\/types\/page"}],"author":[{"embeddable":true,"href":"https:\/\/capacitacaoeggp.vr.uff.br\/index.php?rest_route=\/wp\/v2\/users\/3"}],"replies":[{"embeddable":true,"href":"https:\/\/capacitacaoeggp.vr.uff.br\/index.php?rest_route=%2Fwp%2Fv2%2Fcomments&post=4206"}],"version-history":[{"count":5,"href":"https:\/\/capacitacaoeggp.vr.uff.br\/index.php?rest_route=\/wp\/v2\/pages\/4206\/revisions"}],"predecessor-version":[{"id":4228,"href":"https:\/\/capacitacaoeggp.vr.uff.br\/index.php?rest_route=\/wp\/v2\/pages\/4206\/revisions\/4228"}],"wp:attachment":[{"href":"https:\/\/capacitacaoeggp.vr.uff.br\/index.php?rest_route=%2Fwp%2Fv2%2Fmedia&parent=4206"}],"curies":[{"name":"wp","href":"https:\/\/api.w.org\/{rel}","templated":true}]}}