{"id":4285,"date":"2026-03-20T09:34:21","date_gmt":"2026-03-20T12:34:21","guid":{"rendered":"https:\/\/capacitacaoeggp.vr.uff.br\/?page_id=4285"},"modified":"2026-03-20T09:52:29","modified_gmt":"2026-03-20T12:52:29","slug":"combate-ao-assedio-e-a-discriminacao-2","status":"publish","type":"page","link":"https:\/\/capacitacaoeggp.vr.uff.br\/?page_id=4285","title":{"rendered":"Combate ao Ass\u00e9dio e \u00e0 Discrimina\u00e7\u00e3o"},"content":{"rendered":"\n<p class=\"has-text-align-center has-black-color has-text-color\" style=\"font-size:16px\">&gt; <strong><a href=\"https:\/\/www.escolavirtual.gov.br\/curso\/1115\/\" target=\"_blank\" aria-label=\"Preven\u00e7\u00e3o e Enfrentamento do Ass\u00e9dio Sexual e Moral (opens in a new tab)\" rel=\"noreferrer noopener\" class=\"ek-link\">Preven\u00e7\u00e3o e Enfrentamento do Ass\u00e9dio Sexual e Moral<\/a><\/strong> (carga hor\u00e1ria: 6h)<\/p>\n\n\n\n<hr class=\"wp-block-separator has-alpha-channel-opacity\" \/>\n\n\n\n<p class=\"has-text-align-center has-black-color has-text-color\" style=\"font-size:16px\">&gt; <strong><a href=\"https:\/\/www.escolavirtual.gov.br\/curso\/836\/\" target=\"_blank\" aria-label=\"Ass\u00e9dio Moral: O que saber e fazer (opens in a new tab)\" rel=\"noreferrer noopener\" class=\"ek-link\">Ass\u00e9dio Moral: O que saber e fazer<\/a><\/strong> (carga hor\u00e1ria: 12h)<\/p>\n\n\n\n<hr class=\"wp-block-separator has-alpha-channel-opacity\" \/>\n\n\n\n<p class=\"has-text-align-center has-black-color has-text-color\" style=\"font-size:16px\">&gt; <strong><a href=\"https:\/\/www.escolavirtual.gov.br\/programa\/172\/curso\/463\" target=\"_blank\" aria-label=\"Comunica\u00e7\u00e3o n\u00e3o violenta (opens in a new tab)\" rel=\"noreferrer noopener\" class=\"ek-link\">Comunica\u00e7\u00e3o n\u00e3o violenta<\/a><\/strong> (carga hor\u00e1ria: 20h)<\/p>\n\n\n\n<hr class=\"wp-block-separator has-alpha-channel-opacity\" \/>\n\n\n\n<p class=\"has-text-align-center has-black-color has-text-color\" style=\"font-size:16px\">&gt; <strong><a aria-label=\"Inclus\u00e3o social e laboral das pessoas com defici\u00eancia intelectual ou transtorno do espectro autista (opens in a new tab)\" href=\"https:\/\/www.escolavirtual.gov.br\/curso\/1351\/\" target=\"_blank\" rel=\"noreferrer noopener\" class=\"ek-link\">Inclus\u00e3o social e laboral das pessoas com defici\u00eancia intelectual ou transtorno do espectro autista<\/a><\/strong> (carga hor\u00e1ria: 20h)<\/p>\n\n\n\n<hr class=\"wp-block-separator has-alpha-channel-opacity\" \/>\n\n\n\n<p class=\"has-text-align-center has-black-color has-text-color\" style=\"font-size:16px\">&gt; <a aria-label=\"Marcos Legais Antirracistas para Igualdade Racial (opens in a new tab)\" href=\"https:\/\/www.escolavirtual.gov.br\/curso\/1054\/\" target=\"_blank\" rel=\"noreferrer noopener\" class=\"ek-link\"><strong>Marcos Legais Antirracistas para Igualdade Racial<\/strong><\/a> (carga hor\u00e1ria: 20h)<\/p>\n\n\n\n<hr class=\"wp-block-separator has-alpha-channel-opacity\" \/>\n\n\n\n<p class=\"has-text-align-center has-black-color has-text-color\" style=\"font-size:16px\">&gt; <a aria-label=\"Como prevenir o ass\u00e9dio e a viol\u00eancia contra a mulher (opens in a new tab)\" href=\"https:\/\/www.escolavirtual.gov.br\/curso\/1452\/\" target=\"_blank\" rel=\"noreferrer noopener\" class=\"ek-link\"><strong>Como prevenir o ass\u00e9dio e a viol\u00eancia contra a mulher<\/strong><\/a> (carga hor\u00e1ria: 24h)<\/p>\n\n\n\n<hr class=\"wp-block-separator has-alpha-channel-opacity\" \/>\n\n\n\n<p class=\"has-text-align-center has-black-color has-text-color\" style=\"font-size:16px\">&gt; <strong><a aria-label=\"Disseminadores dos Direitos da Pessoa Idosa (opens in a new tab)\" href=\"https:\/\/www.escolavirtual.gov.br\/curso\/1209\/\" target=\"_blank\" rel=\"noreferrer noopener\" class=\"ek-link\">Disseminadores dos Direitos da Pessoa Idosa<\/a><\/strong> (carga hor\u00e1ria: 30h)<\/p>\n\n\n\n<hr class=\"wp-block-separator has-alpha-channel-opacity\" \/>\n\n\n\n<p class=\"has-text-align-center has-black-color has-text-color\" style=\"font-size:16px\">&gt; <a aria-label=\"O enfrentamento ao Racismo Religioso no Brasil (opens in a new tab)\" href=\"https:\/\/www.escolavirtual.gov.br\/curso\/1206\" target=\"_blank\" rel=\"noreferrer noopener\" class=\"ek-link\"><strong>O enfrentamento ao Racismo Religioso no Brasil<\/strong><\/a> (carga hor\u00e1ria: 30h)<\/p>\n\n\n\n<hr class=\"wp-block-separator has-alpha-channel-opacity\" \/>\n\n\n\n<p class=\"has-text-align-center has-black-color has-text-color\" style=\"font-size:16px\">&gt; <a aria-label=\"Ouvidorias P\u00fablicas no Enfrentamento ao Racismo (opens in a new tab)\" href=\"https:\/\/www.escolavirtual.gov.br\/curso\/1042\/\" target=\"_blank\" rel=\"noreferrer noopener\" class=\"ek-link\"><strong>Ouvidorias P\u00fablicas no Enfrentamento ao Racismo<\/strong><\/a> (carga hor\u00e1ria: 30h)<\/p>\n\n\n\n<hr class=\"wp-block-separator has-alpha-channel-opacity\" \/>\n\n\n\n<p class=\"has-text-align-center has-black-color has-text-color\" style=\"font-size:16px\">&gt; <a href=\"https:\/\/www.escolavirtual.gov.br\/curso\/1201\" target=\"_blank\" aria-label=\"Promo\u00e7\u00e3o da Sa\u00fade das Pessoas LGBTQIA+ (opens in a new tab)\" rel=\"noreferrer noopener\" class=\"ek-link\"><strong>Promo\u00e7\u00e3o da Sa\u00fade das Pessoas LGBTQIA+<\/strong><\/a> (carga hor\u00e1ria: 30h)<\/p>\n\n\n\n<hr class=\"wp-block-separator has-alpha-channel-opacity\" \/>\n\n\n\n<p class=\"has-text-align-center has-black-color has-text-color\" style=\"font-size:16px\">&gt; <a href=\"https:\/\/www.escolavirtual.gov.br\/curso\/950\" target=\"_blank\" aria-label=\"Promo\u00e7\u00e3o e Defesa dos Direitos das Pessoas LGBTQIA+ (opens in a new tab)\" rel=\"noreferrer noopener\" class=\"ek-link\"><strong>Promo\u00e7\u00e3o e Defesa dos Direitos das Pessoas LGBTQIA+<\/strong><\/a> (carga hor\u00e1ria: 30h)<\/p>\n\n\n\n<hr class=\"wp-block-separator has-alpha-channel-opacity\" \/>\n\n\n\n<p class=\"has-text-align-center has-black-color has-text-color\" style=\"font-size:16px\">&gt; <a href=\"https:\/\/www.escolavirtual.gov.br\/curso\/1188\/\" target=\"_blank\" aria-label=\"Sele\u00e7\u00e3o, Contrata\u00e7\u00e3o e Inclus\u00e3o de Pessoas com Defici\u00eancia no Mundo do Trabalho (opens in a new tab)\" rel=\"noreferrer noopener\" class=\"ek-link\"><strong>Sele\u00e7\u00e3o, Contrata\u00e7\u00e3o e Inclus\u00e3o de Pessoas com Defici\u00eancia no Mundo do Trabalho<\/strong><\/a> (carga hor\u00e1ria: 30h)<\/p>\n\n\n\n<hr class=\"wp-block-separator has-alpha-channel-opacity is-style-wide\" \/>\n\n\n\n<p class=\"has-black-color has-text-color\" style=\"font-size:16px\">&gt;&gt; Para maiores informa\u00e7\u00f5es, acesse <a href=\"https:\/\/docs.google.com\/spreadsheets\/d\/1ikDPjf1Sq2ODpkDeaglDrXFn9OoEYGZqaD4gv7FTsWE\/edit?gid=1546648711#gid=1546648711\" target=\"_blank\" aria-label=\"aqui (opens in a new tab)\" rel=\"noreferrer noopener\" class=\"ek-link\">aqui<\/a>.<\/p>\n","protected":false},"excerpt":{"rendered":"<p>&gt; Preven\u00e7\u00e3o e Enfrentamento do Ass\u00e9dio Sexual e Moral (carga hor\u00e1ria: 6h) &gt; Ass\u00e9dio Moral: O que saber e fazer (carga hor\u00e1ria: 12h) &gt; Comunica\u00e7\u00e3o n\u00e3o violenta (carga hor\u00e1ria: 20h) &gt; Inclus\u00e3o social e laboral das pessoas com defici\u00eancia intelectual ou transtorno do espectro autista (carga hor\u00e1ria: 20h) &gt; Marcos Legais Antirracistas para Igualdade Racial&hellip;<\/p>\n","protected":false},"author":6,"featured_media":0,"parent":0,"menu_order":0,"comment_status":"closed","ping_status":"closed","template":"","meta":{"_editorskit_title_hidden":false,"_editorskit_reading_time":0,"_editorskit_is_block_options_detached":false,"_editorskit_block_options_position":"{}","_monsterinsights_skip_tracking":false,"_monsterinsights_sitenote_active":false,"_monsterinsights_sitenote_note":"","_monsterinsights_sitenote_category":0},"_links":{"self":[{"href":"https:\/\/capacitacaoeggp.vr.uff.br\/index.php?rest_route=\/wp\/v2\/pages\/4285"}],"collection":[{"href":"https:\/\/capacitacaoeggp.vr.uff.br\/index.php?rest_route=\/wp\/v2\/pages"}],"about":[{"href":"https:\/\/capacitacaoeggp.vr.uff.br\/index.php?rest_route=\/wp\/v2\/types\/page"}],"author":[{"embeddable":true,"href":"https:\/\/capacitacaoeggp.vr.uff.br\/index.php?rest_route=\/wp\/v2\/users\/6"}],"replies":[{"embeddable":true,"href":"https:\/\/capacitacaoeggp.vr.uff.br\/index.php?rest_route=%2Fwp%2Fv2%2Fcomments&post=4285"}],"version-history":[{"count":3,"href":"https:\/\/capacitacaoeggp.vr.uff.br\/index.php?rest_route=\/wp\/v2\/pages\/4285\/revisions"}],"predecessor-version":[{"id":4291,"href":"https:\/\/capacitacaoeggp.vr.uff.br\/index.php?rest_route=\/wp\/v2\/pages\/4285\/revisions\/4291"}],"wp:attachment":[{"href":"https:\/\/capacitacaoeggp.vr.uff.br\/index.php?rest_route=%2Fwp%2Fv2%2Fmedia&parent=4285"}],"curies":[{"name":"wp","href":"https:\/\/api.w.org\/{rel}","templated":true}]}}