{"id":450,"date":"2021-08-16T14:49:42","date_gmt":"2021-08-16T17:49:42","guid":{"rendered":"https:\/\/capacitacaoeggp.vr.uff.br\/?page_id=450"},"modified":"2021-09-20T10:57:12","modified_gmt":"2021-09-20T13:57:12","slug":"governanca-e-gestao-de-riscos","status":"publish","type":"page","link":"https:\/\/capacitacaoeggp.vr.uff.br\/?page_id=450","title":{"rendered":"Governan\u00e7a e Gest\u00e3o de Riscos"},"content":{"rendered":"\n<section id=\"gm35862fa\" class=\"wp-block-gutentor-m3 section-gm35862fa gutentor-module gutentor-container-cover\"><div class=\"grid-container\">\n<h2 class=\"has-text-align-center wp-block-heading\">Objetivo<\/h2>\n\n\n\n<p style=\"font-size:18px\">Definir os objetivos e a hierarquia dos objetivos na organiza\u00e7\u00e3o e os cen\u00e1rios de atua\u00e7\u00e3o; <\/p>\n\n\n\n<ul class=\"is-style-dashed\" style=\"font-size:18px\"><li>Identificar riscos, causas e consequ\u00eancias para cada cen\u00e1rio, relacionando-os aos objetivos definidos e aos processos;<\/li><li>Analisar os riscos, construir a matriz de probabilidade e impacto e priorizar eventos de risco pelos n\u00edveis de criticidade;<\/li><li>Definir a forma de tratamento dos eventos de riscos;<\/li><li>Levantar poss\u00edveis a\u00e7\u00f5es preventivas e contingenciais para tratamento dos riscos;<\/li><li>Analisar suas decis\u00f5es com base em riscos, melhorando o seu processo decis\u00f3rio;<\/li><li>Trabalhar com a planilha documentadora, adaptando-a \u00e0s necessidades do \u00f3rg\u00e3o;<\/li><li>Ter no\u00e7\u00f5es de opera\u00e7\u00e3o do sistema ForRiscos;<\/li><li>Desenvolver vis\u00e3o de mapeamento de riscos com base em processos;<\/li><li>Identificar poss\u00edveis barreiras e oportunidades para implementa\u00e7\u00e3o da Gest\u00e3o de Riscos em IFES.<\/li><\/ul>\n\n\n\n<hr class=\"wp-block-separator is-style-wide\"\/>\n\n\n\n<h2 class=\"wp-block-heading\">Per\u00edodo<\/h2>\n\n\n\n<p style=\"font-size:18px\">Fluxo Cont\u00ednuo<\/p>\n\n\n\n<hr class=\"wp-block-separator is-style-wide\"\/>\n\n\n\n<h2 class=\"wp-block-heading\">P\u00fablico Alvo<\/h2>\n\n\n\n<p style=\"font-size:18px\">Gestores<\/p>\n\n\n\n<hr class=\"wp-block-separator is-style-wide\"\/>\n\n\n\n<h2 class=\"wp-block-heading\">Carga Hor\u00e1ria<\/h2>\n\n\n\n<p style=\"font-size:18px\">24h<\/p>\n\n\n\n<hr class=\"wp-block-separator is-style-wide\"\/>\n\n\n\n<h2 class=\"wp-block-heading\">Manifestar Interesse<\/h2>\n\n\n\n<p style=\"font-size:18px\"> <a aria-label=\" (opens in a new tab)\" href=\"https:\/\/forms.gle\/QgWCDQART23WkQkq9\" target=\"_blank\" rel=\"noreferrer noopener\" class=\"ek-link\">Preencher formul\u00e1rio<\/a><\/p>\n<\/div><\/section>\n","protected":false},"excerpt":{"rendered":"<p>coursedetail_gest<\/p>\n","protected":false},"author":2,"featured_media":678,"parent":323,"menu_order":0,"comment_status":"closed","ping_status":"closed","template":"","meta":{"_editorskit_title_hidden":false,"_editorskit_reading_time":1,"_editorskit_is_block_options_detached":false,"_editorskit_block_options_position":"{}","_monsterinsights_skip_tracking":false,"_monsterinsights_sitenote_active":false,"_monsterinsights_sitenote_note":"","_monsterinsights_sitenote_category":0},"_links":{"self":[{"href":"https:\/\/capacitacaoeggp.vr.uff.br\/index.php?rest_route=\/wp\/v2\/pages\/450"}],"collection":[{"href":"https:\/\/capacitacaoeggp.vr.uff.br\/index.php?rest_route=\/wp\/v2\/pages"}],"about":[{"href":"https:\/\/capacitacaoeggp.vr.uff.br\/index.php?rest_route=\/wp\/v2\/types\/page"}],"author":[{"embeddable":true,"href":"https:\/\/capacitacaoeggp.vr.uff.br\/index.php?rest_route=\/wp\/v2\/users\/2"}],"replies":[{"embeddable":true,"href":"https:\/\/capacitacaoeggp.vr.uff.br\/index.php?rest_route=%2Fwp%2Fv2%2Fcomments&post=450"}],"version-history":[{"count":5,"href":"https:\/\/capacitacaoeggp.vr.uff.br\/index.php?rest_route=\/wp\/v2\/pages\/450\/revisions"}],"predecessor-version":[{"id":679,"href":"https:\/\/capacitacaoeggp.vr.uff.br\/index.php?rest_route=\/wp\/v2\/pages\/450\/revisions\/679"}],"up":[{"embeddable":true,"href":"https:\/\/capacitacaoeggp.vr.uff.br\/index.php?rest_route=\/wp\/v2\/pages\/323"}],"wp:featuredmedia":[{"embeddable":true,"href":"https:\/\/capacitacaoeggp.vr.uff.br\/index.php?rest_route=\/wp\/v2\/media\/678"}],"wp:attachment":[{"href":"https:\/\/capacitacaoeggp.vr.uff.br\/index.php?rest_route=%2Fwp%2Fv2%2Fmedia&parent=450"}],"curies":[{"name":"wp","href":"https:\/\/api.w.org\/{rel}","templated":true}]}}