{"id":475,"date":"2021-08-16T15:17:43","date_gmt":"2021-08-16T18:17:43","guid":{"rendered":"https:\/\/capacitacaoeggp.vr.uff.br\/?page_id=475"},"modified":"2021-10-05T18:15:05","modified_gmt":"2021-10-05T21:15:05","slug":"planejamento-pdu-plano-de-desenvolvimento-de-unidades","status":"publish","type":"page","link":"https:\/\/capacitacaoeggp.vr.uff.br\/?page_id=475","title":{"rendered":"Planejamento PDU \u2013 Plano de Desenvolvimento de Unidades"},"content":{"rendered":"\n<section id=\"gm04ae8af\" class=\"wp-block-gutentor-m3 section-gm04ae8af gutentor-module gutentor-container-cover\"><div class=\"grid-container\">\n<h2 class=\"has-text-align-center wp-block-heading\">Objetivo<\/h2>\n\n\n\n<p class=\"has-black-color has-text-color\" style=\"font-size:18px\">Subsidiar conhecimentos espec\u00edficos e aplicados sobre Planejamento Estrat\u00e9gico, com \u00eanfase na elabora\u00e7\u00e3o do PDU \u2013 Plano de Desenvolvimento de Unidades \u2013 como um dos fundamentos para uma cultura institucional de planejamento.<\/p>\n\n\n\n<hr class=\"wp-block-separator is-style-wide\" \/>\n\n\n\n<h2 class=\"wp-block-heading\">Per\u00edodo<\/h2>\n\n\n\n<p class=\"has-black-color has-text-color\" style=\"font-size:18px\">Sob Demanda<\/p>\n\n\n\n<hr class=\"wp-block-separator is-style-wide\" \/>\n\n\n\n<h2 class=\"wp-block-heading\">P\u00fablico Alvo<\/h2>\n\n\n\n<p class=\"has-black-color has-text-color\" style=\"font-size:18px\">Gestores<\/p>\n\n\n\n<hr class=\"wp-block-separator is-style-wide\" \/>\n\n\n\n<h2 class=\"wp-block-heading\">Carga Hor\u00e1ria<\/h2>\n\n\n\n<p class=\"has-black-color has-text-color\" style=\"font-size:18px\">40h<\/p>\n\n\n\n<hr class=\"wp-block-separator is-style-wide\" \/>\n\n\n\n<h2 class=\"wp-block-heading\">Manifestar Interesse<\/h2>\n\n\n\n<p class=\"has-black-color has-text-color\" style=\"font-size:18px\"> <a aria-label=\" (opens in a new tab)\" href=\"https:\/\/forms.gle\/QgWCDQART23WkQkq9\" target=\"_blank\" rel=\"noreferrer noopener\" class=\"ek-link\">Preencher formul\u00e1rio<\/a><\/p>\n<\/div><\/section>\n","protected":false},"excerpt":{"rendered":"<p>coursedetail_gest<\/p>\n","protected":false},"author":2,"featured_media":682,"parent":323,"menu_order":0,"comment_status":"closed","ping_status":"closed","template":"","meta":{"_editorskit_title_hidden":false,"_editorskit_reading_time":1,"_editorskit_is_block_options_detached":false,"_editorskit_block_options_position":"{}","_monsterinsights_skip_tracking":false,"_monsterinsights_sitenote_active":false,"_monsterinsights_sitenote_note":"","_monsterinsights_sitenote_category":0},"_links":{"self":[{"href":"https:\/\/capacitacaoeggp.vr.uff.br\/index.php?rest_route=\/wp\/v2\/pages\/475"}],"collection":[{"href":"https:\/\/capacitacaoeggp.vr.uff.br\/index.php?rest_route=\/wp\/v2\/pages"}],"about":[{"href":"https:\/\/capacitacaoeggp.vr.uff.br\/index.php?rest_route=\/wp\/v2\/types\/page"}],"author":[{"embeddable":true,"href":"https:\/\/capacitacaoeggp.vr.uff.br\/index.php?rest_route=\/wp\/v2\/users\/2"}],"replies":[{"embeddable":true,"href":"https:\/\/capacitacaoeggp.vr.uff.br\/index.php?rest_route=%2Fwp%2Fv2%2Fcomments&post=475"}],"version-history":[{"count":4,"href":"https:\/\/capacitacaoeggp.vr.uff.br\/index.php?rest_route=\/wp\/v2\/pages\/475\/revisions"}],"predecessor-version":[{"id":943,"href":"https:\/\/capacitacaoeggp.vr.uff.br\/index.php?rest_route=\/wp\/v2\/pages\/475\/revisions\/943"}],"up":[{"embeddable":true,"href":"https:\/\/capacitacaoeggp.vr.uff.br\/index.php?rest_route=\/wp\/v2\/pages\/323"}],"wp:featuredmedia":[{"embeddable":true,"href":"https:\/\/capacitacaoeggp.vr.uff.br\/index.php?rest_route=\/wp\/v2\/media\/682"}],"wp:attachment":[{"href":"https:\/\/capacitacaoeggp.vr.uff.br\/index.php?rest_route=%2Fwp%2Fv2%2Fmedia&parent=475"}],"curies":[{"name":"wp","href":"https:\/\/api.w.org\/{rel}","templated":true}]}}