{"id":48,"date":"2021-05-27T19:07:46","date_gmt":"2021-05-27T22:07:46","guid":{"rendered":"https:\/\/capacitacaoeggp.vr.uff.br\/?page_id=48"},"modified":"2026-03-13T10:11:32","modified_gmt":"2026-03-13T13:11:32","slug":"faq","status":"publish","type":"page","link":"https:\/\/capacitacaoeggp.vr.uff.br\/?page_id=48","title":{"rendered":"FAQ"},"content":{"rendered":"\n\n\n<hr class=\"wp-block-separator has-css-opacity\" \/>\n\n\n\n<hr class=\"wp-block-separator has-css-opacity is-style-wide\" \/>\n\n\n\n<h2 class=\"wp-block-heading has-text-align-center\" id=\"faq\">FAQ<\/h2>\n\n\n\n<hr class=\"wp-block-separator has-css-opacity is-style-wide\" \/>\n\n\n\n<p class=\"has-text-align-center\">&gt;&gt; <a rel=\"noreferrer noopener\" href=\"https:\/\/capacitacaoeggp.vr.uff.br\/wp-content\/uploads\/2025\/06\/FAQ-Aceleracao-da-Progressao-por-Capacitacao.pdf\" target=\"_blank\">Acelera\u00e7\u00e3o da Progress\u00e3o por Capacita\u00e7\u00e3o<\/a><\/p>\n\n\n\n<hr class=\"wp-block-separator has-alpha-channel-opacity\" \/>\n\n\n\n<p class=\"has-text-align-center\">&gt;&gt; <a href=\"https:\/\/capacitacaoeggp.vr.uff.br\/wp-content\/uploads\/2026\/03\/FAQ-Apoio-a-Iniciativas-de-Capacitacao-AIC.pdf\" target=\"_blank\" aria-label=\" (opens in a new tab)\" rel=\"noreferrer noopener\" class=\"ek-link\">AIC (Apoio a Iniciativas de Capacita\u00e7\u00e3o)<\/a><\/p>\n\n\n\n<hr class=\"wp-block-separator has-alpha-channel-opacity\" \/>\n\n\n\n<p class=\"has-text-align-center\">&gt;&gt; <a href=\"https:\/\/capacitacaoeggp.vr.uff.br\/wp-content\/uploads\/2023\/10\/FAQ-sobre-Horario-Especial-ao-Servidor-Estudante.pdf\" target=\"_blank\" aria-label=\"Hor\u00e1rio Especial ao Servidor Estudante (opens in a new tab)\" rel=\"noreferrer noopener\" class=\"ek-link\">Hor\u00e1rio Especial ao Servidor Estudante<\/a><\/p>\n\n\n\n<hr class=\"wp-block-separator has-css-opacity\" \/>\n\n\n\n<p class=\"has-text-align-center\">&gt;&gt; <a href=\"https:\/\/capacitacaoeggp.vr.uff.br\/wp-content\/uploads\/2026\/01\/FAQ-Incentivo-a-Qualificacao-ATUALIZACAO-2026-1.docx.pdf\" target=\"_blank\" aria-label=\" (opens in a new tab)\" rel=\"noreferrer noopener\" class=\"ek-link\">Incentivo \u00e0 Qualifica\u00e7\u00e3o<\/a><\/p>\n\n\n\n<hr class=\"wp-block-separator has-alpha-channel-opacity\" \/>\n\n\n\n<p class=\"has-text-align-center\">&gt;&gt;<a href=\"https:\/\/capacitacaoeggp.vr.uff.br\/wp-content\/uploads\/2025\/09\/FAQ-sobre-Isencao-de-Taxa-e-Gratuidade-em-Cursos-de-Pos-graduacao-pagos-na-UFF.pdf\" target=\"_blank\" aria-label=\" (opens in a new tab)\" rel=\"noreferrer noopener\" class=\"ek-link\"> Isen\u00e7\u00e3o de Taxa e Gratuidade em Cursos de P\u00f3s-Gradua\u00e7\u00e3o Pagos na UFF <\/a><\/p>\n\n\n\n<hr class=\"wp-block-separator has-css-opacity\" \/>\n\n\n\n<p class=\"has-text-align-center\">&gt;&gt; <a href=\"https:\/\/capacitacaoeggp.vr.uff.br\/wp-content\/uploads\/2025\/09\/FAQ-de-PQUFF_-1.pdf\" target=\"_blank\" aria-label=\" (opens in a new tab)\" rel=\"noreferrer noopener\" class=\"ek-link\">PQUFF (Aux\u00edlio-Qualifica\u00e7\u00e3o)<\/a><\/p>\n\n\n\n<hr class=\"wp-block-separator has-alpha-channel-opacity\" \/>\n","protected":false},"excerpt":{"rendered":"<p>FAQ &gt;&gt; Acelera\u00e7\u00e3o da Progress\u00e3o por Capacita\u00e7\u00e3o &gt;&gt; AIC (Apoio a Iniciativas de Capacita\u00e7\u00e3o) &gt;&gt; Hor\u00e1rio Especial ao Servidor Estudante &gt;&gt; Incentivo \u00e0 Qualifica\u00e7\u00e3o &gt;&gt; Isen\u00e7\u00e3o de Taxa e Gratuidade em Cursos de P\u00f3s-Gradua\u00e7\u00e3o Pagos na UFF &gt;&gt; PQUFF (Aux\u00edlio-Qualifica\u00e7\u00e3o)<\/p>\n","protected":false},"author":2,"featured_media":354,"parent":36,"menu_order":0,"comment_status":"closed","ping_status":"closed","template":"template-gutentor-full-width.php","meta":{"_editorskit_title_hidden":false,"_editorskit_reading_time":1,"_editorskit_is_block_options_detached":false,"_editorskit_block_options_position":"{}","_monsterinsights_skip_tracking":false,"_monsterinsights_sitenote_active":false,"_monsterinsights_sitenote_note":"","_monsterinsights_sitenote_category":0},"_links":{"self":[{"href":"https:\/\/capacitacaoeggp.vr.uff.br\/index.php?rest_route=\/wp\/v2\/pages\/48"}],"collection":[{"href":"https:\/\/capacitacaoeggp.vr.uff.br\/index.php?rest_route=\/wp\/v2\/pages"}],"about":[{"href":"https:\/\/capacitacaoeggp.vr.uff.br\/index.php?rest_route=\/wp\/v2\/types\/page"}],"author":[{"embeddable":true,"href":"https:\/\/capacitacaoeggp.vr.uff.br\/index.php?rest_route=\/wp\/v2\/users\/2"}],"replies":[{"embeddable":true,"href":"https:\/\/capacitacaoeggp.vr.uff.br\/index.php?rest_route=%2Fwp%2Fv2%2Fcomments&post=48"}],"version-history":[{"count":65,"href":"https:\/\/capacitacaoeggp.vr.uff.br\/index.php?rest_route=\/wp\/v2\/pages\/48\/revisions"}],"predecessor-version":[{"id":4270,"href":"https:\/\/capacitacaoeggp.vr.uff.br\/index.php?rest_route=\/wp\/v2\/pages\/48\/revisions\/4270"}],"up":[{"embeddable":true,"href":"https:\/\/capacitacaoeggp.vr.uff.br\/index.php?rest_route=\/wp\/v2\/pages\/36"}],"wp:featuredmedia":[{"embeddable":true,"href":"https:\/\/capacitacaoeggp.vr.uff.br\/index.php?rest_route=\/wp\/v2\/media\/354"}],"wp:attachment":[{"href":"https:\/\/capacitacaoeggp.vr.uff.br\/index.php?rest_route=%2Fwp%2Fv2%2Fmedia&parent=48"}],"curies":[{"name":"wp","href":"https:\/\/api.w.org\/{rel}","templated":true}]}}