{"id":90,"date":"2021-05-28T12:16:20","date_gmt":"2021-05-28T15:16:20","guid":{"rendered":"https:\/\/capacitacaoeggp.vr.uff.br\/?page_id=90"},"modified":"2026-02-24T09:55:32","modified_gmt":"2026-02-24T12:55:32","slug":"pqi","status":"publish","type":"page","link":"https:\/\/capacitacaoeggp.vr.uff.br\/?page_id=90","title":{"rendered":"Programa de Qualifica\u00e7\u00e3o Institucional (PQI)"},"content":{"rendered":"\n<section id=\"gm671dcf3\" class=\"wp-block-gutentor-m3 section-gm671dcf3 gutentor-module gutentor-container-cover\"><div class=\"grid-container\">\n<h2 class=\"wp-block-heading\" id=\"o-que-e\">O que \u00e9?<\/h2>\n\n\n\n<p class=\"has-black-color has-text-color\" style=\"font-size:18px\">O Programa de Qualifica\u00e7\u00e3o Institucional (PQI) institu\u00eddo pela Universidade Federal Fluminense pela Portaria 60.968\/2018 e regulamentado pelo Edital PQI-UFF de Ades\u00e3o\/Candidatura N\u00ba 001\/2019, oferece vagas adicionais para servidores T\u00e9cnico &#8211; Administrativos e Docentes do quadro efetivo da Universidade Federal Fluminense em Programas de P\u00f3s-Gradua\u00e7\u00e3o Stricto Sensu desta Universidade.<\/p>\n\n\n\n<hr class=\"wp-block-separator has-text-color has-black-color has-css-opacity has-black-background-color has-background is-style-wide\" \/>\n\n\n\n<h2 class=\"wp-block-heading\" id=\"descricao-completa-do-servico\">Descri\u00e7\u00e3o completa do servi\u00e7o<\/h2>\n\n\n\n<p class=\"has-black-color has-text-color\" style=\"font-size:18px\">Essa \u00e9 uma iniciativa da PROGEPE (Pr\u00f3-Reitoria de Gest\u00e3o de Pessoas) em parceria com a PROPPI (Pr\u00f3-Reitoria de Pesquisa, P\u00f3s-Gradua\u00e7\u00e3o e Inova\u00e7\u00e3o), que visa atender os princ\u00edpios da Lei 11091\/2005 que trata do Plano de Carreira dos servidores T\u00e9cnico &#8211; Administrativos em Educa\u00e7\u00e3o das IFES, o Decreto 5824\/2006 que trata do Incentivo \u00e0 Qualifica\u00e7\u00e3o e a Lei 12772\/2012.<\/p>\n\n\n\n<p class=\"has-black-color has-text-color\" style=\"font-size:18px\">Mais informa\u00e7\u00f5es sobre o \u00faltimo edital podem ser encontradas<a href=\"http:\/\/www.editais.uff.br\/7588\" class=\"ek-link\"> neste link<\/a>.<\/p>\n\n\n\n<hr class=\"wp-block-separator has-css-opacity is-style-wide\" \/>\n\n\n\n<h2 class=\"wp-block-heading\" id=\"quem-pode-utilizar-este-servico\">Quem pode utilizar este servi\u00e7o?<\/h2>\n\n\n\n<ul style=\"font-size:18px\">\n<li>T\u00e9cnico-administrativos<\/li>\n\n\n\n<li>Docentes<\/li>\n<\/ul>\n\n\n\n<hr class=\"wp-block-separator has-css-opacity is-style-wide\" \/>\n\n\n\n<h2 class=\"wp-block-heading\" id=\"etapas-para-a-realizacao-do-servico\">Etapas para a realiza\u00e7\u00e3o do servi\u00e7o<\/h2>\n\n\n\n<p class=\"has-black-color has-text-color\" style=\"font-size:18px\">Conforme descrito no link: <a aria-label=\" (opens in a new tab)\" href=\"http:\/\/www.editais.uff.br\/7588\" target=\"_blank\" rel=\"noreferrer noopener\" class=\"ek-link\"><\/a><a href=\"http:\/\/www.editais.uff.br\/7588\" class=\"ek-link\"><a href=\"http:\/\/www.editais.uff.br\/7588\">Edital de Ades\u00e3o &#8211; Programa de Qualifica\u00e7\u00e3o Institucional &#8211; PQI-UFF | Portal de Editais da Universidade Federal Fluminense<\/a><\/a><\/p>\n\n\n\n<hr class=\"wp-block-separator has-css-opacity is-style-wide\" \/>\n\n\n\n<h2 class=\"wp-block-heading\" id=\"dias-e-horarios-de-atendimento\">Dias e hor\u00e1rios de atendimento<\/h2>\n\n\n\n<p class=\"has-black-color has-text-color\" style=\"font-size:18px\">Segunda a sexta-feira, das 9 \u00e0s 17h, por email.<\/p>\n\n\n\n<hr class=\"wp-block-separator has-css-opacity is-style-wide\" \/>\n\n\n\n<h2 class=\"wp-block-heading\" id=\"email-do-setor-responsavel-pelo-servico\">Email do setor respons\u00e1vel pelo servi\u00e7o<\/h2>\n\n\n\n<p class=\"has-black-color has-text-color\" style=\"font-size:18px\"><a rel=\"noreferrer noopener\" href=\"mailto:eggp.progepe@id.uff.br\" target=\"_blank\">eggp.progepe@id.uff.br<\/a><\/p>\n\n\n\n<hr class=\"wp-block-separator has-css-opacity is-style-wide\" \/>\n\n\n\n<h2 class=\"wp-block-heading\" id=\"legislacao-associada-a-este-servico\">Legisla\u00e7\u00e3o associada a este servi\u00e7o<\/h2>\n\n\n\n<p class=\"has-black-color has-text-color\" style=\"font-size:18px\"><a aria-label=\"Portaria 60.968\/2018 (opens in a new tab)\" href=\"http:\/\/www.noticias.uff.br\/bs\/2018\/06\/096-18.pdf\" target=\"_blank\" rel=\"noreferrer noopener\" class=\"ek-link\">Portaria 60.968\/2018<\/a><\/p>\n\n\n\n<p style=\"font-size:18px\"><a href=\"https:\/\/drive.google.com\/file\/d\/1NEbRj0F7EeSHpxhvtIWTjdi7P6PYVII5\/view?usp=sharing\" target=\"_blank\" aria-label=\"Nota n\u00ba 00154\/2018\/JR\/CCJA\/PFUFF\/PGF\/AGU (opens in a new tab)\" rel=\"noreferrer noopener\" class=\"ek-link\">Nota n\u00ba 00154\/2018\/JR\/CCJA\/PFUFF\/PGF\/AGU<\/a><\/p>\n\n\n\n<p style=\"font-size:18px\"><a href=\"https:\/\/drive.google.com\/file\/d\/1o7FZQBM8sRGqC9muOjIaizQfSiRPPmee\/view?usp=sharing\" target=\"_blank\" aria-label=\"Despacho n\u00ba 00477\/2018\/CCJA\/PFUFF\/PGF\/AGU (opens in a new tab)\" rel=\"noreferrer noopener\" class=\"ek-link\">Despacho n\u00ba 00477\/2018\/CCJA\/PFUFF\/PGF\/AGU<\/a><\/p>\n\n\n\n<p style=\"font-size:18px\"><\/p>\n\n\n\n<div class=\"wp-block-file\"><a id=\"wp-block-file--media-5669658c-e8d1-4ca6-a5e8-63f1f086c719\" href=\"https:\/\/capacitacaoeggp.vr.uff.br\/wp-content\/uploads\/2022\/07\/Nota-no-00154_2018_JR_CCJA_PFUFF_PGF_AGU.pdf\" target=\"_blank\" rel=\"noreferrer noopener\">Nota-no-00154_2018_JR_CCJA_PFUFF_PGF_AGU<\/a><a href=\"https:\/\/capacitacaoeggp.vr.uff.br\/wp-content\/uploads\/2022\/07\/Nota-no-00154_2018_JR_CCJA_PFUFF_PGF_AGU.pdf\" class=\"wp-block-file__button wp-element-button\" download aria-describedby=\"wp-block-file--media-5669658c-e8d1-4ca6-a5e8-63f1f086c719\">Baixar<\/a><\/div>\n\n\n\n<div class=\"wp-block-file\"><a id=\"wp-block-file--media-c2a7220d-b4b1-4459-9e0c-7db5ce893cb1\" href=\"https:\/\/capacitacaoeggp.vr.uff.br\/wp-content\/uploads\/2022\/07\/Despacho-no-00477_2018_CCJA_PFUFF_PGF_AGU-1.pdf\" target=\"_blank\" rel=\"noreferrer noopener\">Despacho-no-00477_2018_CCJA_PFUFF_PGF_AGU-1<\/a><a href=\"https:\/\/capacitacaoeggp.vr.uff.br\/wp-content\/uploads\/2022\/07\/Despacho-no-00477_2018_CCJA_PFUFF_PGF_AGU-1.pdf\" class=\"wp-block-file__button wp-element-button\" download aria-describedby=\"wp-block-file--media-c2a7220d-b4b1-4459-9e0c-7db5ce893cb1\">Baixar<\/a><\/div>\n\n\n\n<hr class=\"wp-block-separator has-css-opacity is-style-wide\" \/>\n<\/div><\/section>\n\n\n\n<hr class=\"wp-block-separator has-alpha-channel-opacity is-style-wide\" \/>\n\n\n\n<p class=\"has-black-color has-text-color\" style=\"font-size:17px\"><a aria-label=\"Edital de Ades\u00e3o PQI 2021 (opens in a new tab)\" href=\"https:\/\/capacitacaoeggp.vr.uff.br\/wp-content\/uploads\/2022\/01\/Edital-de-adesao-PQI-2021.pdf\" target=\"_blank\" rel=\"noreferrer noopener\" class=\"ek-link\">&gt;<\/a>&gt; <a aria-label=\"Edital de Ades\u00e3o PQI 2021 (opens in a new tab)\" href=\"https:\/\/capacitacaoeggp.vr.uff.br\/wp-content\/uploads\/2022\/01\/Edital-de-adesao-PQI-2021.pdf\" target=\"_blank\" rel=\"noreferrer noopener\" class=\"ek-link\">Edital de Ades\u00e3o PQI 2021<\/a><\/p>\n\n\n\n<p class=\"has-black-color has-text-color\" style=\"font-size:17px\">&gt;&gt; <a aria-label=\"Resultado Final PQI 2021 (opens in a new tab)\" href=\"https:\/\/capacitacaoeggp.vr.uff.br\/wp-content\/uploads\/2022\/01\/PQI-2021-Resultado-Final-1.pdf\" target=\"_blank\" rel=\"noreferrer noopener\" class=\"ek-link\">Resultado Final PQI 2021<\/a><\/p>\n\n\n\n<p class=\"has-text-align-left has-black-color has-text-color\" style=\"font-size:17px\">&gt;&gt; <a aria-label=\"EDITAL DE ADES\u00c3O PQI 2023 (opens in a new tab)\" href=\"https:\/\/capacitacaoeggp.vr.uff.br\/wp-content\/uploads\/2023\/10\/Edital-de-adesao-do-PQI-2023.pdf\" target=\"_blank\" rel=\"noreferrer noopener\" class=\"ek-link\">EDITAL DE ADES\u00c3O PQI 2023<\/a><\/p>\n\n\n\n<p class=\"has-text-align-left has-black-color has-text-color\" style=\"font-size:16px\">&gt;&gt; <a href=\"https:\/\/capacitacaoeggp.vr.uff.br\/wp-content\/uploads\/2023\/11\/PQI-Resultado-Final-1.pdf\" target=\"_blank\" aria-label=\" (opens in a new tab)\" rel=\"noreferrer noopener\" class=\"ek-link\">Resultado Final PQI 2023 <\/a><\/p>\n\n\n\n<hr class=\"wp-block-separator has-alpha-channel-opacity\" \/>\n\n\n\n<p class=\"has-text-align-center has-black-color has-text-color\" style=\"font-size:17px\"><strong><a aria-label=\"&gt;&gt; EDITAL DE ADES\u00c3O PQI 2025 (opens in a new tab)\" href=\"https:\/\/www.editais.uff.br\/10310\" target=\"_blank\" rel=\"noreferrer noopener\" class=\"ek-link\">&gt;&gt; EDITAL DE ADES\u00c3O PQI 2025<\/a><\/strong><\/p>\n\n\n\n<p class=\"has-text-align-center has-black-color has-text-color\" style=\"font-size:17px\">&gt;&gt;<a href=\"https:\/\/capacitacaoeggp.vr.uff.br\/wp-content\/uploads\/2026\/02\/PQI_2025_-_Resultado_Final_assinado.pdf\" target=\"_blank\" aria-label=\" Resultado Final PQI 2025 (opens in a new tab)\" rel=\"noreferrer noopener\" class=\"ek-link\"> Resultado Final PQI 2025<\/a><\/p>\n","protected":false},"excerpt":{"rendered":"<p>&gt;&gt; Edital de Ades\u00e3o PQI 2021 &gt;&gt; Resultado Final PQI 2021 &gt;&gt; EDITAL DE ADES\u00c3O PQI 2023 &gt;&gt; Resultado Final PQI 2023 &gt;&gt; EDITAL DE ADES\u00c3O PQI 2025 &gt;&gt; Resultado Final PQI 2025<\/p>\n","protected":false},"author":2,"featured_media":0,"parent":315,"menu_order":0,"comment_status":"closed","ping_status":"closed","template":"","meta":{"_editorskit_title_hidden":false,"_editorskit_reading_time":1,"_editorskit_is_block_options_detached":false,"_editorskit_block_options_position":"{}","_monsterinsights_skip_tracking":false,"_monsterinsights_sitenote_active":false,"_monsterinsights_sitenote_note":"","_monsterinsights_sitenote_category":0},"_links":{"self":[{"href":"https:\/\/capacitacaoeggp.vr.uff.br\/index.php?rest_route=\/wp\/v2\/pages\/90"}],"collection":[{"href":"https:\/\/capacitacaoeggp.vr.uff.br\/index.php?rest_route=\/wp\/v2\/pages"}],"about":[{"href":"https:\/\/capacitacaoeggp.vr.uff.br\/index.php?rest_route=\/wp\/v2\/types\/page"}],"author":[{"embeddable":true,"href":"https:\/\/capacitacaoeggp.vr.uff.br\/index.php?rest_route=\/wp\/v2\/users\/2"}],"replies":[{"embeddable":true,"href":"https:\/\/capacitacaoeggp.vr.uff.br\/index.php?rest_route=%2Fwp%2Fv2%2Fcomments&post=90"}],"version-history":[{"count":43,"href":"https:\/\/capacitacaoeggp.vr.uff.br\/index.php?rest_route=\/wp\/v2\/pages\/90\/revisions"}],"predecessor-version":[{"id":4231,"href":"https:\/\/capacitacaoeggp.vr.uff.br\/index.php?rest_route=\/wp\/v2\/pages\/90\/revisions\/4231"}],"up":[{"embeddable":true,"href":"https:\/\/capacitacaoeggp.vr.uff.br\/index.php?rest_route=\/wp\/v2\/pages\/315"}],"wp:attachment":[{"href":"https:\/\/capacitacaoeggp.vr.uff.br\/index.php?rest_route=%2Fwp%2Fv2%2Fmedia&parent=90"}],"curies":[{"name":"wp","href":"https:\/\/api.w.org\/{rel}","templated":true}]}}