{"id":950,"date":"2021-10-20T17:00:48","date_gmt":"2021-10-20T20:00:48","guid":{"rendered":"https:\/\/capacitacaoeggp.vr.uff.br\/?page_id=950"},"modified":"2022-02-07T11:37:04","modified_gmt":"2022-02-07T14:37:04","slug":"pdp-2021","status":"publish","type":"page","link":"https:\/\/capacitacaoeggp.vr.uff.br\/?page_id=950","title":{"rendered":"PDP 2021"},"content":{"rendered":"\n<p>A Progepe, por meio da Escola de Governan\u00e7a em Gest\u00e3o P\u00fablica (EGGP), torna p\u00fablico o Plano de Desenvolvimento de Pessoal (PDP) da UFF para 2021.<\/p>\n\n\n\n<p>O PDP \u00e9 um documento que norteia as a\u00e7\u00f5es de forma\u00e7\u00e3o continuada direcionadas ao quadro de servidores docentes e t\u00e9cnico-administrativos da Universidade, como a oferta de cursos de capacita\u00e7\u00e3o e programas de apoio ou aux\u00edlio \u00e0 qualifica\u00e7\u00e3o.<\/p>\n\n\n\n<p>Al\u00e9m disso, ele tamb\u00e9m subsidia as previs\u00f5es de afastamentos para participa\u00e7\u00e3o em a\u00e7\u00f5es de desenvolvimento, que, segundo o art. 19 do <a href=\"http:\/\/www.planalto.gov.br\/ccivil_03\/_ato2019-2022\/2019\/decreto\/D9991.htm\" class=\"ek-link\">Decreto n\u00b0 9.991\/2019<\/a>, s\u00f3 poder\u00e3o ser concedidos se estiverem previstos no plano anual de desenvolvimento de pessoas do \u00f3rg\u00e3o.<\/p>\n\n\n\n<hr class=\"wp-block-separator is-style-wide\" \/>\n\n\n\n<div class=\"wp-block-file\"><a id=\"wp-block-file--media-4279b670-aa86-467f-a2db-e06372e98982\" href=\"https:\/\/capacitacaoeggp.vr.uff.br\/wp-content\/uploads\/2022\/02\/Plano-de-Desenvolvimento-de-Pessoas-PDPUFF-2021.pdf\" target=\"_blank\" rel=\"noreferrer noopener\">Plano-de-Desenvolvimento-de-Pessoas-PDPUFF-2021<\/a><a href=\"https:\/\/capacitacaoeggp.vr.uff.br\/wp-content\/uploads\/2022\/02\/Plano-de-Desenvolvimento-de-Pessoas-PDPUFF-2021.pdf\" class=\"wp-block-file__button\" download aria-describedby=\"wp-block-file--media-4279b670-aa86-467f-a2db-e06372e98982\">Baixar<\/a><\/div>\n","protected":false},"excerpt":{"rendered":"<p>A Progepe, por meio da Escola de Governan\u00e7a em Gest\u00e3o P\u00fablica (EGGP), torna p\u00fablico o Plano de Desenvolvimento de Pessoal (PDP) da UFF para 2021. O PDP \u00e9 um documento que norteia as a\u00e7\u00f5es de forma\u00e7\u00e3o continuada direcionadas ao quadro de servidores docentes e t\u00e9cnico-administrativos da Universidade, como a oferta de cursos de capacita\u00e7\u00e3o e&hellip;<\/p>\n","protected":false},"author":3,"featured_media":0,"parent":304,"menu_order":0,"comment_status":"closed","ping_status":"closed","template":"","meta":{"_editorskit_title_hidden":false,"_editorskit_reading_time":1,"_editorskit_is_block_options_detached":false,"_editorskit_block_options_position":"{}","_monsterinsights_skip_tracking":false,"_monsterinsights_sitenote_active":false,"_monsterinsights_sitenote_note":"","_monsterinsights_sitenote_category":0},"_links":{"self":[{"href":"https:\/\/capacitacaoeggp.vr.uff.br\/index.php?rest_route=\/wp\/v2\/pages\/950"}],"collection":[{"href":"https:\/\/capacitacaoeggp.vr.uff.br\/index.php?rest_route=\/wp\/v2\/pages"}],"about":[{"href":"https:\/\/capacitacaoeggp.vr.uff.br\/index.php?rest_route=\/wp\/v2\/types\/page"}],"author":[{"embeddable":true,"href":"https:\/\/capacitacaoeggp.vr.uff.br\/index.php?rest_route=\/wp\/v2\/users\/3"}],"replies":[{"embeddable":true,"href":"https:\/\/capacitacaoeggp.vr.uff.br\/index.php?rest_route=%2Fwp%2Fv2%2Fcomments&post=950"}],"version-history":[{"count":3,"href":"https:\/\/capacitacaoeggp.vr.uff.br\/index.php?rest_route=\/wp\/v2\/pages\/950\/revisions"}],"predecessor-version":[{"id":1195,"href":"https:\/\/capacitacaoeggp.vr.uff.br\/index.php?rest_route=\/wp\/v2\/pages\/950\/revisions\/1195"}],"up":[{"embeddable":true,"href":"https:\/\/capacitacaoeggp.vr.uff.br\/index.php?rest_route=\/wp\/v2\/pages\/304"}],"wp:attachment":[{"href":"https:\/\/capacitacaoeggp.vr.uff.br\/index.php?rest_route=%2Fwp%2Fv2%2Fmedia&parent=950"}],"curies":[{"name":"wp","href":"https:\/\/api.w.org\/{rel}","templated":true}]}}