{"id":994,"date":"2021-11-03T17:31:27","date_gmt":"2021-11-03T20:31:27","guid":{"rendered":"https:\/\/capacitacaoeggp.vr.uff.br\/?page_id=994"},"modified":"2025-06-16T15:49:02","modified_gmt":"2025-06-16T18:49:02","slug":"progressao-por-capacitacao","status":"publish","type":"page","link":"https:\/\/capacitacaoeggp.vr.uff.br\/?page_id=994","title":{"rendered":"Acelera\u00e7\u00e3o da Progress\u00e3o por Capacita\u00e7\u00e3o"},"content":{"rendered":"\n<p class=\"has-black-color has-text-color\" style=\"font-size:16px\"><a href=\"https:\/\/capacitacaoeggp.vr.uff.br\/wp-content\/uploads\/2025\/06\/Instrucao-Normativa-Aceleracao-da-Progressao-por-Capacitacao.pdf\" target=\"_blank\" aria-label=\" (opens in a new tab)\" rel=\"noreferrer noopener\" class=\"ek-link\">Instru\u00e7\u00e3o Normativa GAR\/RET\/UFF n\u00ba 122, DE 10 DE JUNHO DE 2025 &#8211; Acelera\u00e7\u00e3o da Progress\u00e3o por Capacita\u00e7\u00e3o<\/a> <\/p>\n","protected":false},"excerpt":{"rendered":"<p>Instru\u00e7\u00e3o Normativa GAR\/RET\/UFF n\u00ba 122, DE 10 DE JUNHO DE 2025 &#8211; Acelera\u00e7\u00e3o da Progress\u00e3o por Capacita\u00e7\u00e3o<\/p>\n","protected":false},"author":3,"featured_media":0,"parent":0,"menu_order":0,"comment_status":"closed","ping_status":"closed","template":"","meta":{"_editorskit_title_hidden":false,"_editorskit_reading_time":0,"_editorskit_is_block_options_detached":false,"_editorskit_block_options_position":"{}","_monsterinsights_skip_tracking":false,"_monsterinsights_sitenote_active":false,"_monsterinsights_sitenote_note":"","_monsterinsights_sitenote_category":0},"_links":{"self":[{"href":"https:\/\/capacitacaoeggp.vr.uff.br\/index.php?rest_route=\/wp\/v2\/pages\/994"}],"collection":[{"href":"https:\/\/capacitacaoeggp.vr.uff.br\/index.php?rest_route=\/wp\/v2\/pages"}],"about":[{"href":"https:\/\/capacitacaoeggp.vr.uff.br\/index.php?rest_route=\/wp\/v2\/types\/page"}],"author":[{"embeddable":true,"href":"https:\/\/capacitacaoeggp.vr.uff.br\/index.php?rest_route=\/wp\/v2\/users\/3"}],"replies":[{"embeddable":true,"href":"https:\/\/capacitacaoeggp.vr.uff.br\/index.php?rest_route=%2Fwp%2Fv2%2Fcomments&post=994"}],"version-history":[{"count":7,"href":"https:\/\/capacitacaoeggp.vr.uff.br\/index.php?rest_route=\/wp\/v2\/pages\/994\/revisions"}],"predecessor-version":[{"id":3703,"href":"https:\/\/capacitacaoeggp.vr.uff.br\/index.php?rest_route=\/wp\/v2\/pages\/994\/revisions\/3703"}],"wp:attachment":[{"href":"https:\/\/capacitacaoeggp.vr.uff.br\/index.php?rest_route=%2Fwp%2Fv2%2Fmedia&parent=994"}],"curies":[{"name":"wp","href":"https:\/\/api.w.org\/{rel}","templated":true}]}}